{"id":120,"date":"2020-11-21T12:48:07","date_gmt":"2020-11-21T12:48:07","guid":{"rendered":"http:\/\/localhost:8080\/?page_id=120"},"modified":"2023-07-24T11:48:05","modified_gmt":"2023-07-24T10:48:05","slug":"onu-bete-sauvage","status":"publish","type":"page","link":"https:\/\/www.jwinfo.ch\/temoins-de-jehovah\/polemiques\/onu-bete-sauvage\/","title":{"rendered":"L&rsquo;ONU, b\u00eate sauvage"},"content":{"rendered":"\n\n\n<h2 class=\"wp-block-heading\">L&rsquo;ONU, b\u00eate sauvage<\/h2>\n\n\n<div class=\"wp-block-image\">\n<figure class=\"alignright size-large is-resized\"><img decoding=\"async\" src=\"https:\/\/www.jwinfo.ch\/wp-content\/uploads\/2020\/12\/temoins-de-jehovah-onu-bete-sauvage.jpg\" alt=\"T\u00e9moins de J\u00e9hovah - ONU b\u00eate sauvage\" class=\"wp-image-1411\" width=\"216\" height=\"260\"\/><figcaption class=\"wp-element-caption\"><a href=\"https:\/\/www.jw.org\/en\/library\/books\/Revelation-Its-Grand-Climax-At-Hand\/\" target=\"_blank\" rel=\"noreferrer noopener\">Illustration<\/a> des T\u00e9moins de J\u00e9hovah<\/figcaption><\/figure>\n<\/div>\n\n\n<p>Les T\u00e9moins de J\u00e9hovah identifient L&rsquo;ONU comme \u00e9tant \u00ab\u00a0La b\u00eate de couleur \u00e9carlate\u00a0\u00bb d\u00e9crite dans R\u00e9v\u00e9lation chapitre 17.<\/p>\n\n\n\n<blockquote class=\"wp-block-quote is-layout-flow wp-block-quote-is-layout-flow\">\n<p>Et dans la puissance de l\u2019esprit, il m\u2019a transport\u00e9 jusque dans un d\u00e9sert. Et j\u2019ai vu une <strong>femme assise<\/strong> sur une <strong>b\u00eate sauvage<\/strong> de couleur \u00e9carlate&nbsp;qui \u00e9tait pleine de noms blasph\u00e9matoires et qui avait sept t\u00eates et dix cornes. [&#8230;] Elle tenait dans sa main une coupe d&rsquo;or, remplie d&rsquo;abominations et des impuret\u00e9s de sa <strong>prostitution<\/strong>.&nbsp;<span style=\"font-size: inherit;\">Sur son front \u00e9tait \u00e9crit un nom, un myst\u00e8re&nbsp;: Babylone la grande, la m\u00e8re des impudiques et des abominations de la terre<\/span>.^<\/p>\n<cite>R\u00e9v\u00e9lation 17:2-5<\/cite><\/blockquote>\n\n\n\n<p>La b\u00eate sauvage repr\u00e9sente donc selon eux les gouvernements et le syst\u00e8me politique mondial. La prostitu\u00e9e quant \u00e0 elle repr\u00e9sente l&rsquo;ensemble des fausses religions qui se vouent \u00e0 la prostitution spirituelle. En \u00e9tant assise sur la b\u00eate, la religion influence donc l&rsquo;ONU. <\/p>\n\n\n\n<p>Ils affirment par ailleurs que J\u00e9hovah d\u00e9truira ces entit\u00e9s lors du jugement dernier.<\/p>\n\n\n\n<p>Malgr\u00e9 cela, les T\u00e9moins de J\u00e9hovah s&rsquo;enregistr\u00e8rent aupr\u00e8s de l&rsquo;ONU en tant qu&rsquo;ONG en 1991, afin de b\u00e9n\u00e9ficier des avantages de ce statut. Ce n&rsquo;est qu&rsquo;en 2001, \u00e0 la suite de la parution d&rsquo;un article dans le m\u00e9dia \u00ab\u00a0The Guadian\u00a0\u00bb, qui fit  ressortir l&rsquo;hypocrisie de cette organisation, qu&rsquo;ils se d\u00e9sinscrivirent dans la pr\u00e9cipitation.<\/p>\n\n\n\n<h2 class=\"wp-block-heading\">Pour en savoir plus<\/h2>\n\n\n\n<h4 class=\"wp-block-heading\">L&rsquo;interpr\u00e9tation des T\u00e9moins de J\u00e9hovah <\/h4>\n\n\n\n<blockquote class=\"wp-block-quote is-layout-flow wp-block-quote-is-layout-flow\">\n<p>La b\u00eate de couleur \u00e9carlate est l\u2019organisme de paix international actuellement connu sous le nom de Nations unies. Les dix cornes repr\u00e9sentent le nombre complet des dirigeants de la terre, group\u00e9s au sein de cette organisation [&#8230;]<\/p>\n\n\n\n<p>D\u00e8s lors, la prostitu\u00e9e, l\u2019empire mondial de la fausse religion, commen\u00e7a \u00e0 se montrer sous son vrai jour \u00e0 ses amants, les chefs politiques du monde [&#8230;]<\/p>\n\n\n\n<p>Les repr\u00e9sentants et les fonctionnaires qui servent aux Nations unies sont de diff\u00e9rentes religions&nbsp;; parmi eux il y a des bouddhistes, des mahom\u00e9tans,&nbsp;etc., sans compter ceux qui appartiennent \u00e0 diverses sectes de la chr\u00e9tient\u00e9. [&#8230;]<\/p>\n\n\n\n<p>Que dire de ceux qui servent J\u00e9hovah Dieu en qualit\u00e9 de t\u00e9moins chr\u00e9tiens&nbsp;? Ils proclament actuellement les jugements qui vont frapper Babylone, afin d\u2019offrir \u00e0 toutes les personnes qui sont encore au milieu d\u2019elle l\u2019occasion d\u2019\u00e9chapper \u00e0 la terrible destruction qui l\u2019attend<\/p>\n<cite>Tour de garde 15 juillet 1968 &#8211; Pages <a href=\"https:\/\/www.jwinfo.ch\/wp-content\/uploads\/2023\/07\/tg_15_07_1968_page_438.png\" target=\"_blank\" rel=\"noreferrer noopener\">438<\/a>, <a href=\"https:\/\/www.jwinfo.ch\/wp-content\/uploads\/2023\/07\/tg_15_07_1968_page_439.png\" target=\"_blank\" rel=\"noreferrer noopener\">439<\/a>, <a href=\"https:\/\/www.jwinfo.ch\/wp-content\/uploads\/2023\/07\/tg_15_07_1968_page_442.png\" target=\"_blank\" rel=\"noreferrer noopener\">442<\/a>. Voir aussi <a href=\"https:\/\/wol.jw.org\/fr\/wol\/d\/r30\/lp-f\/1967246#h=18\" target=\"_blank\" rel=\"noreferrer noopener\">en ligne<\/a>.<\/cite><\/blockquote>\n\n\n\n<p>Voir aussi <a href=\"https:\/\/www.jw.org\/fr\/la-bible-et-vous\/questions-bibliques\/bete-couleur-ecarlate-de-l-apocalypse-17\/\" target=\"_blank\" rel=\"noreferrer noopener\">cet article<\/a> des T\u00e9moins de J\u00e9hovah.<\/p>\n\n\n\n<h4 class=\"wp-block-heading\">D\u00e9sinscription pr\u00e9cipit\u00e9e suite \u00e0 un article dans The Guardian<\/h4>\n\n\n\n<p>L&rsquo;organisation des T\u00e9moins de J\u00e9hovah s&rsquo;est enregistr\u00e9e comme organisation non gouvernementale en 1991 aupr\u00e8s de l&rsquo;ONU. Ce n&rsquo;est qu&rsquo;en 2001, et suite \u00e0 la parution dans le journal anglais \u00ab\u00a0The Guardian\u00a0\u00bb, faisant ressortir<strong> l&rsquo;hypocrisie<\/strong> de l&rsquo;organisation, qu&rsquo;ils ont d\u00fb retirer leur inscription dans la pr\u00e9cipitation.<\/p>\n\n\n\n<blockquote class=\"wp-block-quote is-layout-flow wp-block-quote-is-layout-flow\">\n<p><strong>Secte accus\u00e9e d&rsquo;hypocrisie en raison de son association avec une organisation qu&rsquo;elle a diabolis\u00e9e<\/strong><\/p>\n\n\n\n<p>Les Nations Unies sont invit\u00e9es \u00e0 enqu\u00eater sur les raisons pour lesquelles elles ont accord\u00e9 le statut d&rsquo;associ\u00e9 aux&nbsp;<a href=\"https:\/\/www.theguardian.com\/world\/jehovahs-witnesses\" target=\"_blank\" rel=\"noreferrer noopener\">T\u00e9moins de J\u00e9hovah<\/a>&nbsp;, la secte chr\u00e9tienne fondamentaliste bas\u00e9e aux \u00c9tats-Unis, qui la consid\u00e8re comme la b\u00eate \u00e9carlate pr\u00e9dite dans le Livre de l&rsquo;Apocalypse.<\/p>\n\n\n\n<p>Des membres m\u00e9contents du groupe de 6 millions de personnes, qui compte 130 000 adeptes au Royaume-Uni, ont accus\u00e9 l&rsquo;instance dirigeante des T\u00e9moins \u00e2g\u00e9s d&rsquo;hypocrisie en acceptant secr\u00e8tement des liens avec une organisation qu&rsquo;ils continuent de d\u00e9noncer en termes apocalyptiques.<\/p>\n\n\n\n<p>L&rsquo;ONU elle-m\u00eame a admis hier qu&rsquo;elle \u00e9tait surprise que la secte, dont le nom officiel est la Watchtower Bible and Tract Society de New York, ait \u00e9t\u00e9 accept\u00e9e sur sa liste d&rsquo;organisations non gouvernementales depuis 10 ans.<\/p>\n\n\n\n<p>Un ancien membre a d\u00e9clar\u00e9: \u00ab\u00a0Il y a une incoh\u00e9rence flagrante qui est apparue entre la repr\u00e9sentation fr\u00e9quente par la WTBTS de l&rsquo;ONU comme une organisation perverse et ses tentatives en coulisses pour s&rsquo;attirer les faveurs de cette organisation. Si les membres individuels \u00e9taient au courant de tout lien formel, ils seraient d\u00e9vast\u00e9s.<\/p>\n\n\n\n<p>\u00ab\u00a0Par aucun effort d&rsquo;imagination, la WTBTS ne pourrait \u00eatre consid\u00e9r\u00e9 comme partageant les id\u00e9aux de la charte de l&rsquo;ONU \u00e0 moins que vous ne supposiez que la destruction de l&rsquo;ONU par Dieu est conforme \u00e0 cette charte.\u00a0\u00bb<\/p>\n<cite><a href=\"https:\/\/www.theguardian.com\/uk\/2001\/oct\/08\/religion.world\" target=\"_blank\" rel=\"noreferrer noopener\">The Guardian &#8211; 2001<\/a><\/cite><\/blockquote>\n\n\n\n<ul class=\"wp-block-list\">\n<li><a href=\"https:\/\/www.jwinfo.ch\/wp-content\/uploads\/2023\/07\/Jehovahs-Witnesses-link-to-UN-queried-_-UK-news-_-The-Guardian.pdf\" target=\"_blank\" rel=\"noreferrer noopener\">PDF en anglais<\/a><\/li>\n\n\n\n<li><a href=\"https:\/\/www.jwinfo.ch\/wp-content\/uploads\/2023\/07\/Jehovahs-Witnesses-link-to-UN-queried-_-UK-news-_-The-Guardian_fr.pdf\" target=\"_blank\" rel=\"noreferrer noopener\">Traduction en fran\u00e7ais<\/a><\/li>\n<\/ul>\n\n\n\n<h4 class=\"wp-block-heading\">La communication officielle de l&rsquo;ONU<\/h4>\n\n\n<div class=\"wp-block-image\">\n<figure class=\"aligncenter size-large is-resized\"><img decoding=\"async\" src=\"https:\/\/www.jwinfo.ch\/wp-content\/uploads\/2023\/07\/onu_comm_officielle-1024x536.png\" alt=\"\" class=\"wp-image-6148\" width=\"318\" height=\"165\" srcset=\"https:\/\/www.jwinfo.ch\/wp-content\/uploads\/2023\/07\/onu_comm_officielle-1024x536.png 1024w, https:\/\/www.jwinfo.ch\/wp-content\/uploads\/2023\/07\/onu_comm_officielle-300x157.png 300w, https:\/\/www.jwinfo.ch\/wp-content\/uploads\/2023\/07\/onu_comm_officielle-768x402.png 768w, https:\/\/www.jwinfo.ch\/wp-content\/uploads\/2023\/07\/onu_comm_officielle-1170x606.png 1170w, https:\/\/www.jwinfo.ch\/wp-content\/uploads\/2023\/07\/onu_comm_officielle.png 1200w\" sizes=\"(max-width: 318px) 100vw, 318px\" \/><\/figure>\n<\/div>\n\n\n<p>En 2004, L&rsquo;ONU a fait une communication officielle sur le sujet de l&rsquo;enregistrement de la Watchtower en tant qu&rsquo;ONG, \u00e0 la suite de nombreuses demandes qu&rsquo;elle n&rsquo;\u00e9tait pas en mesure de traiter individuellement.<\/p>\n\n\n\n<blockquote class=\"wp-block-quote is-layout-flow wp-block-quote-is-layout-flow\">\n<p>&#8230;<\/p>\n\n\n\n<p>Cette organisation a demand\u00e9 l&rsquo;association avec le DPI en 1991 et a obtenu l&rsquo;association en 1992. En acceptant l&rsquo;association avec le DPI, l&rsquo;organisation a accept\u00e9 de r\u00e9pondre aux crit\u00e8res d&rsquo;association, y compris le soutien et le respect des principes de la Charte des Nations Unies et l&rsquo;engagement et les moyens de mener des programmes d&rsquo;information efficaces avec ses constituants et \u00e0 un public plus large sur les activit\u00e9s de l&rsquo;ONU.<\/p>\n\n\n\n<p>En octobre 2001, le repr\u00e9sentant principal de la Watchtower Bible and Tract Society de New York aux Nations Unies, Ciro Aulicino, a demand\u00e9 la fin de son association avec le DPI. Suite \u00e0 cette demande, le DPI a pris la d\u00e9cision de dissocier la \u00ab\u00a0Watchtower Bible and Tract Society of New York\u00a0\u00bb au 9 octobre 2001.<\/p>\n\n\n\n<p>&#8230;<\/p>\n\n\n\n<p>En&nbsp;&nbsp;outre,&nbsp;&nbsp;les&nbsp;&nbsp;crit\u00e8res&nbsp;&nbsp;pour&nbsp;&nbsp;que&nbsp;&nbsp;les&nbsp;&nbsp;ONG&nbsp;&nbsp;s&rsquo;associent&nbsp;&nbsp;au&nbsp;&nbsp;DPI&nbsp;&nbsp;incluent&nbsp;&nbsp;les&nbsp;&nbsp;\u00e9l\u00e9ments&nbsp;&nbsp;suivants&nbsp;:<\/p>\n\n\n\n<ul class=\"wp-block-list\">\n<li>que&nbsp;&nbsp;l&rsquo;ONG&nbsp;&nbsp;partage&nbsp;&nbsp;les&nbsp;&nbsp;id\u00e9aux&nbsp;&nbsp;de&nbsp;&nbsp;la&nbsp;&nbsp;Charte&nbsp;&nbsp;des&nbsp;&nbsp;Nations&nbsp;&nbsp;Unies&nbsp;\u037e<\/li>\n\n\n\n<li>fonctionner&nbsp;&nbsp;uniquement&nbsp;&nbsp;sur&nbsp;&nbsp;une&nbsp;&nbsp;base&nbsp;&nbsp;non&nbsp;&nbsp;lucrative&nbsp;\u037e<\/li>\n\n\n\n<li>avoir&nbsp;&nbsp;un&nbsp;&nbsp;int\u00e9r\u00eat&nbsp;&nbsp;d\u00e9montr\u00e9&nbsp;&nbsp;pour&nbsp;&nbsp;les&nbsp;&nbsp;questions&nbsp;&nbsp;des&nbsp;&nbsp;Nations&nbsp;&nbsp;Unies&nbsp;&nbsp;et&nbsp;&nbsp;une&nbsp;&nbsp;capacit\u00e9&nbsp;&nbsp;av\u00e9r\u00e9e&nbsp; \u00e0 atteindre&nbsp;&nbsp;des&nbsp;&nbsp;publics&nbsp;&nbsp;larges&nbsp;&nbsp;ou&nbsp;&nbsp;sp\u00e9cialis\u00e9s,&nbsp;&nbsp;tels&nbsp;&nbsp;que&nbsp;&nbsp;les&nbsp;&nbsp;\u00e9ducateurs,&nbsp;&nbsp;les&nbsp;&nbsp;repr\u00e9sentants&nbsp;&nbsp; des&nbsp;&nbsp;m\u00e9dias&nbsp;,&nbsp;&nbsp;les&nbsp;&nbsp;d\u00e9cideurs&nbsp;&nbsp;et&nbsp;&nbsp;le&nbsp;&nbsp;monde&nbsp;&nbsp;des&nbsp;&nbsp;affaires&nbsp;\u037e<\/li>\n\n\n\n<li>avoir&nbsp;&nbsp;l&rsquo;engagement&nbsp;&nbsp;et&nbsp;&nbsp;les&nbsp;&nbsp;moyens&nbsp;&nbsp;de&nbsp;&nbsp;mener&nbsp;&nbsp;des&nbsp;&nbsp;programmes&nbsp;&nbsp;d&rsquo;information&nbsp;&nbsp;efficaces sur&nbsp;&nbsp;les&nbsp;&nbsp;activit\u00e9s&nbsp;&nbsp;de&nbsp;&nbsp;l&rsquo;ONU&nbsp;&nbsp;en&nbsp;&nbsp;publiant&nbsp;&nbsp;des&nbsp;&nbsp;lettres&nbsp;&nbsp;d&rsquo;information,&nbsp;&nbsp;des&nbsp;&nbsp;bulletins&nbsp;&nbsp;et&nbsp;&nbsp;des&nbsp;&nbsp;brochures,&nbsp;&nbsp;en&nbsp;&nbsp;organisant&nbsp;&nbsp;des&nbsp;&nbsp;conf\u00e9rences,&nbsp;&nbsp;des&nbsp;&nbsp;s\u00e9minaires&nbsp;&nbsp;et&nbsp;&nbsp;des&nbsp;&nbsp;tables&nbsp;&nbsp;rondes&nbsp;\u037e&nbsp;&nbsp;et&nbsp;&nbsp;obtenir&nbsp;&nbsp;la&nbsp;&nbsp;coop\u00e9ration&nbsp;&nbsp;des&nbsp;&nbsp;m\u00e9dias.<\/li>\n<\/ul>\n<cite><a href=\"https:\/\/www.un.org\/en\/civil-society\/watchtowerletter\" target=\"_blank\" rel=\"noreferrer noopener\">https:\/\/www.un.org\/en\/civil-society\/watchtowerletter<\/a><\/cite><\/blockquote>\n\n\n\n<ul class=\"wp-block-list\">\n<li><a href=\"https:\/\/www.jwinfo.ch\/wp-content\/uploads\/2023\/07\/Watchtower-Letter-Paul-Hoeffel-2004.pdf\" target=\"_blank\" rel=\"noreferrer noopener\">PDF en anglais<\/a><\/li>\n\n\n\n<li><a href=\"https:\/\/www.jwinfo.ch\/wp-content\/uploads\/2023\/07\/Watchtower-Letter-Paul-Hoeffel-2004_fr.pdf\" target=\"_blank\" rel=\"noreferrer noopener\">Traduction en fran\u00e7ais<\/a><\/li>\n<\/ul>\n\n\n\n<p><strong>Autres sources<\/strong><\/p>\n\n\n\n<p><a href=\"https:\/\/www.jwfacts.com\/watchtower\/united-nations-association.php\" target=\"_blank\" rel=\"noreferrer noopener\">jwfacts.com<\/a><\/p>\n\n\n\n<hr class=\"wp-block-separator has-css-opacity\"\/>\n\n\n\n<p><a href=\"\/temoins-de-jehovah\/polemiques\/affaire-walsh\/\">Continuer avec la pol\u00e9mique de l&rsquo;affaire Walsh<\/a><\/p>\n","protected":false},"excerpt":{"rendered":"<p>L&rsquo;ONU, b\u00eate sauvage Les T\u00e9moins de J\u00e9hovah identifient L&rsquo;ONU comme \u00e9tant \u00ab\u00a0La b\u00eate de couleur \u00e9carlate\u00a0\u00bb d\u00e9crite dans R\u00e9v\u00e9lation chapitre 17. Et dans la puissance<\/p>\n","protected":false},"author":1,"featured_media":4225,"parent":90,"menu_order":3,"comment_status":"closed","ping_status":"closed","template":"","meta":{"footnotes":""},"ppma_author":[69],"class_list":["post-120","page","type-page","status-publish","has-post-thumbnail","hentry","author-chris"],"yoast_head":"<!-- This site is optimized with the Yoast SEO plugin v27.3 - https:\/\/yoast.com\/product\/yoast-seo-wordpress\/ -->\n<title>L&#039;ONU est une b\u00eate sauvage les religions sont des prostitu\u00e9es<\/title>\n<meta name=\"description\" content=\"D\u00e9couvrez comment les T\u00e9moins de J\u00e9hovah traitent avec hypocrisie l&#039;ONU de b\u00eate sauvage et les religions de prostitu\u00e9es spirituelles.\" \/>\n<meta name=\"robots\" content=\"index, follow, max-snippet:-1, max-image-preview:large, max-video-preview:-1\" \/>\n<link rel=\"canonical\" href=\"https:\/\/www.jwinfo.ch\/temoins-de-jehovah\/polemiques\/onu-bete-sauvage\/\" \/>\n<meta property=\"og:locale\" content=\"fr_FR\" \/>\n<meta property=\"og:type\" content=\"article\" \/>\n<meta property=\"og:title\" content=\"L&#039;ONU est une b\u00eate sauvage les religions sont des prostitu\u00e9es\" \/>\n<meta property=\"og:description\" content=\"D\u00e9couvrez comment les T\u00e9moins de J\u00e9hovah traitent avec hypocrisie l&#039;ONU de b\u00eate sauvage et les religions de prostitu\u00e9es spirituelles.\" \/>\n<meta property=\"og:url\" content=\"https:\/\/www.jwinfo.ch\/temoins-de-jehovah\/polemiques\/onu-bete-sauvage\/\" \/>\n<meta property=\"og:site_name\" content=\"JW info\" \/>\n<meta property=\"article:modified_time\" content=\"2023-07-24T10:48:05+00:00\" \/>\n<meta property=\"og:image\" content=\"https:\/\/www.jwinfo.ch\/wp-content\/uploads\/2023\/03\/onu_bete_sauvage_v4.png\" \/>\n\t<meta property=\"og:image:width\" content=\"1200\" \/>\n\t<meta property=\"og:image:height\" content=\"628\" \/>\n\t<meta property=\"og:image:type\" content=\"image\/png\" \/>\n<meta name=\"twitter:card\" content=\"summary_large_image\" \/>\n<meta name=\"twitter:title\" content=\"L&#039;ONU est une b\u00eate sauvage les religions sont des prostitu\u00e9es\" \/>\n<meta name=\"twitter:description\" content=\"D\u00e9couvrez comment les T\u00e9moins de J\u00e9hovah traitent avec hypocrisie l&#039;ONU de b\u00eate sauvage et les religions de prostitu\u00e9es spirituelles.\" \/>\n<meta name=\"twitter:image\" content=\"https:\/\/www.jwinfo.ch\/wp-content\/uploads\/2023\/03\/onu_bete_sauvage_v4.png\" \/>\n<meta name=\"twitter:label1\" content=\"Dur\u00e9e de lecture estim\u00e9e\" \/>\n\t<meta name=\"twitter:data1\" content=\"2 minutes\" \/>\n<script type=\"application\/ld+json\" class=\"yoast-schema-graph\">{\"@context\":\"https:\\\/\\\/schema.org\",\"@graph\":[{\"@type\":\"WebPage\",\"@id\":\"https:\\\/\\\/www.jwinfo.ch\\\/temoins-de-jehovah\\\/polemiques\\\/onu-bete-sauvage\\\/\",\"url\":\"https:\\\/\\\/www.jwinfo.ch\\\/temoins-de-jehovah\\\/polemiques\\\/onu-bete-sauvage\\\/\",\"name\":\"L'ONU est une b\u00eate sauvage les religions sont des prostitu\u00e9es\",\"isPartOf\":{\"@id\":\"https:\\\/\\\/www.jwinfo.ch\\\/temoins-de-jehovah\\\/#website\"},\"primaryImageOfPage\":{\"@id\":\"https:\\\/\\\/www.jwinfo.ch\\\/temoins-de-jehovah\\\/polemiques\\\/onu-bete-sauvage\\\/#primaryimage\"},\"image\":{\"@id\":\"https:\\\/\\\/www.jwinfo.ch\\\/temoins-de-jehovah\\\/polemiques\\\/onu-bete-sauvage\\\/#primaryimage\"},\"thumbnailUrl\":\"https:\\\/\\\/www.jwinfo.ch\\\/wp-content\\\/uploads\\\/2023\\\/03\\\/onu_bete_sauvage_v4.png\",\"datePublished\":\"2020-11-21T12:48:07+00:00\",\"dateModified\":\"2023-07-24T10:48:05+00:00\",\"description\":\"D\u00e9couvrez comment les T\u00e9moins de J\u00e9hovah traitent avec hypocrisie l'ONU de b\u00eate sauvage et les religions de prostitu\u00e9es spirituelles.\",\"breadcrumb\":{\"@id\":\"https:\\\/\\\/www.jwinfo.ch\\\/temoins-de-jehovah\\\/polemiques\\\/onu-bete-sauvage\\\/#breadcrumb\"},\"inLanguage\":\"fr-FR\",\"potentialAction\":[{\"@type\":\"ReadAction\",\"target\":[\"https:\\\/\\\/www.jwinfo.ch\\\/temoins-de-jehovah\\\/polemiques\\\/onu-bete-sauvage\\\/\"]}]},{\"@type\":\"ImageObject\",\"inLanguage\":\"fr-FR\",\"@id\":\"https:\\\/\\\/www.jwinfo.ch\\\/temoins-de-jehovah\\\/polemiques\\\/onu-bete-sauvage\\\/#primaryimage\",\"url\":\"https:\\\/\\\/www.jwinfo.ch\\\/wp-content\\\/uploads\\\/2023\\\/03\\\/onu_bete_sauvage_v4.png\",\"contentUrl\":\"https:\\\/\\\/www.jwinfo.ch\\\/wp-content\\\/uploads\\\/2023\\\/03\\\/onu_bete_sauvage_v4.png\",\"width\":1200,\"height\":628,\"caption\":\"ONU B\u00eate sauvage\"},{\"@type\":\"BreadcrumbList\",\"@id\":\"https:\\\/\\\/www.jwinfo.ch\\\/temoins-de-jehovah\\\/polemiques\\\/onu-bete-sauvage\\\/#breadcrumb\",\"itemListElement\":[{\"@type\":\"ListItem\",\"position\":1,\"name\":\"Accueil\",\"item\":\"https:\\\/\\\/www.jwinfo.ch\\\/temoins-de-jehovah\\\/\"},{\"@type\":\"ListItem\",\"position\":2,\"name\":\"Pol\u00e9miques\",\"item\":\"https:\\\/\\\/www.jwinfo.ch\\\/temoins-de-jehovah\\\/polemiques\\\/\"},{\"@type\":\"ListItem\",\"position\":3,\"name\":\"L&#8217;ONU, b\u00eate sauvage\"}]},{\"@type\":\"WebSite\",\"@id\":\"https:\\\/\\\/www.jwinfo.ch\\\/temoins-de-jehovah\\\/#website\",\"url\":\"https:\\\/\\\/www.jwinfo.ch\\\/temoins-de-jehovah\\\/\",\"name\":\"JW info\",\"description\":\"Des faits pour comprendre l&#039;organisation et la doctrine des T\u00e9moins de J\u00e9hovah\",\"publisher\":{\"@id\":\"https:\\\/\\\/www.jwinfo.ch\\\/temoins-de-jehovah\\\/#\\\/schema\\\/person\\\/f12be02b67245c15c4aa98d63006b08e\"},\"potentialAction\":[{\"@type\":\"SearchAction\",\"target\":{\"@type\":\"EntryPoint\",\"urlTemplate\":\"https:\\\/\\\/www.jwinfo.ch\\\/temoins-de-jehovah\\\/?s={search_term_string}\"},\"query-input\":{\"@type\":\"PropertyValueSpecification\",\"valueRequired\":true,\"valueName\":\"search_term_string\"}}],\"inLanguage\":\"fr-FR\"},{\"@type\":[\"Person\",\"Organization\"],\"@id\":\"https:\\\/\\\/www.jwinfo.ch\\\/temoins-de-jehovah\\\/#\\\/schema\\\/person\\\/f12be02b67245c15c4aa98d63006b08e\",\"name\":\"John Kucholl\",\"image\":{\"@type\":\"ImageObject\",\"inLanguage\":\"fr-FR\",\"@id\":\"https:\\\/\\\/secure.gravatar.com\\\/avatar\\\/f888e098f40f239395aac1fa5786df248e31c63f52895b4e4306f61faf896cf2?s=96&d=retro&r=g\",\"url\":\"https:\\\/\\\/secure.gravatar.com\\\/avatar\\\/f888e098f40f239395aac1fa5786df248e31c63f52895b4e4306f61faf896cf2?s=96&d=retro&r=g\",\"contentUrl\":\"https:\\\/\\\/secure.gravatar.com\\\/avatar\\\/f888e098f40f239395aac1fa5786df248e31c63f52895b4e4306f61faf896cf2?s=96&d=retro&r=g\",\"caption\":\"John Kucholl\"},\"logo\":{\"@id\":\"https:\\\/\\\/secure.gravatar.com\\\/avatar\\\/f888e098f40f239395aac1fa5786df248e31c63f52895b4e4306f61faf896cf2?s=96&d=retro&r=g\"}}]}<\/script>\n<!-- \/ Yoast SEO plugin. -->","yoast_head_json":{"title":"L'ONU est une b\u00eate sauvage les religions sont des prostitu\u00e9es","description":"D\u00e9couvrez comment les T\u00e9moins de J\u00e9hovah traitent avec hypocrisie l'ONU de b\u00eate sauvage et les religions de prostitu\u00e9es spirituelles.","robots":{"index":"index","follow":"follow","max-snippet":"max-snippet:-1","max-image-preview":"max-image-preview:large","max-video-preview":"max-video-preview:-1"},"canonical":"https:\/\/www.jwinfo.ch\/temoins-de-jehovah\/polemiques\/onu-bete-sauvage\/","og_locale":"fr_FR","og_type":"article","og_title":"L'ONU est une b\u00eate sauvage les religions sont des prostitu\u00e9es","og_description":"D\u00e9couvrez comment les T\u00e9moins de J\u00e9hovah traitent avec hypocrisie l'ONU de b\u00eate sauvage et les religions de prostitu\u00e9es spirituelles.","og_url":"https:\/\/www.jwinfo.ch\/temoins-de-jehovah\/polemiques\/onu-bete-sauvage\/","og_site_name":"JW info","article_modified_time":"2023-07-24T10:48:05+00:00","og_image":[{"width":1200,"height":628,"url":"https:\/\/www.jwinfo.ch\/wp-content\/uploads\/2023\/03\/onu_bete_sauvage_v4.png","type":"image\/png"}],"twitter_card":"summary_large_image","twitter_title":"L'ONU est une b\u00eate sauvage les religions sont des prostitu\u00e9es","twitter_description":"D\u00e9couvrez comment les T\u00e9moins de J\u00e9hovah traitent avec hypocrisie l'ONU de b\u00eate sauvage et les religions de prostitu\u00e9es spirituelles.","twitter_image":"https:\/\/www.jwinfo.ch\/wp-content\/uploads\/2023\/03\/onu_bete_sauvage_v4.png","twitter_misc":{"Dur\u00e9e de lecture estim\u00e9e":"2 minutes"},"schema":{"@context":"https:\/\/schema.org","@graph":[{"@type":"WebPage","@id":"https:\/\/www.jwinfo.ch\/temoins-de-jehovah\/polemiques\/onu-bete-sauvage\/","url":"https:\/\/www.jwinfo.ch\/temoins-de-jehovah\/polemiques\/onu-bete-sauvage\/","name":"L'ONU est une b\u00eate sauvage les religions sont des prostitu\u00e9es","isPartOf":{"@id":"https:\/\/www.jwinfo.ch\/temoins-de-jehovah\/#website"},"primaryImageOfPage":{"@id":"https:\/\/www.jwinfo.ch\/temoins-de-jehovah\/polemiques\/onu-bete-sauvage\/#primaryimage"},"image":{"@id":"https:\/\/www.jwinfo.ch\/temoins-de-jehovah\/polemiques\/onu-bete-sauvage\/#primaryimage"},"thumbnailUrl":"https:\/\/www.jwinfo.ch\/wp-content\/uploads\/2023\/03\/onu_bete_sauvage_v4.png","datePublished":"2020-11-21T12:48:07+00:00","dateModified":"2023-07-24T10:48:05+00:00","description":"D\u00e9couvrez comment les T\u00e9moins de J\u00e9hovah traitent avec hypocrisie l'ONU de b\u00eate sauvage et les religions de prostitu\u00e9es spirituelles.","breadcrumb":{"@id":"https:\/\/www.jwinfo.ch\/temoins-de-jehovah\/polemiques\/onu-bete-sauvage\/#breadcrumb"},"inLanguage":"fr-FR","potentialAction":[{"@type":"ReadAction","target":["https:\/\/www.jwinfo.ch\/temoins-de-jehovah\/polemiques\/onu-bete-sauvage\/"]}]},{"@type":"ImageObject","inLanguage":"fr-FR","@id":"https:\/\/www.jwinfo.ch\/temoins-de-jehovah\/polemiques\/onu-bete-sauvage\/#primaryimage","url":"https:\/\/www.jwinfo.ch\/wp-content\/uploads\/2023\/03\/onu_bete_sauvage_v4.png","contentUrl":"https:\/\/www.jwinfo.ch\/wp-content\/uploads\/2023\/03\/onu_bete_sauvage_v4.png","width":1200,"height":628,"caption":"ONU B\u00eate sauvage"},{"@type":"BreadcrumbList","@id":"https:\/\/www.jwinfo.ch\/temoins-de-jehovah\/polemiques\/onu-bete-sauvage\/#breadcrumb","itemListElement":[{"@type":"ListItem","position":1,"name":"Accueil","item":"https:\/\/www.jwinfo.ch\/temoins-de-jehovah\/"},{"@type":"ListItem","position":2,"name":"Pol\u00e9miques","item":"https:\/\/www.jwinfo.ch\/temoins-de-jehovah\/polemiques\/"},{"@type":"ListItem","position":3,"name":"L&#8217;ONU, b\u00eate sauvage"}]},{"@type":"WebSite","@id":"https:\/\/www.jwinfo.ch\/temoins-de-jehovah\/#website","url":"https:\/\/www.jwinfo.ch\/temoins-de-jehovah\/","name":"JW info","description":"Des faits pour comprendre l&#039;organisation et la doctrine des T\u00e9moins de J\u00e9hovah","publisher":{"@id":"https:\/\/www.jwinfo.ch\/temoins-de-jehovah\/#\/schema\/person\/f12be02b67245c15c4aa98d63006b08e"},"potentialAction":[{"@type":"SearchAction","target":{"@type":"EntryPoint","urlTemplate":"https:\/\/www.jwinfo.ch\/temoins-de-jehovah\/?s={search_term_string}"},"query-input":{"@type":"PropertyValueSpecification","valueRequired":true,"valueName":"search_term_string"}}],"inLanguage":"fr-FR"},{"@type":["Person","Organization"],"@id":"https:\/\/www.jwinfo.ch\/temoins-de-jehovah\/#\/schema\/person\/f12be02b67245c15c4aa98d63006b08e","name":"John Kucholl","image":{"@type":"ImageObject","inLanguage":"fr-FR","@id":"https:\/\/secure.gravatar.com\/avatar\/f888e098f40f239395aac1fa5786df248e31c63f52895b4e4306f61faf896cf2?s=96&d=retro&r=g","url":"https:\/\/secure.gravatar.com\/avatar\/f888e098f40f239395aac1fa5786df248e31c63f52895b4e4306f61faf896cf2?s=96&d=retro&r=g","contentUrl":"https:\/\/secure.gravatar.com\/avatar\/f888e098f40f239395aac1fa5786df248e31c63f52895b4e4306f61faf896cf2?s=96&d=retro&r=g","caption":"John Kucholl"},"logo":{"@id":"https:\/\/secure.gravatar.com\/avatar\/f888e098f40f239395aac1fa5786df248e31c63f52895b4e4306f61faf896cf2?s=96&d=retro&r=g"}}]}},"_links":{"self":[{"href":"https:\/\/www.jwinfo.ch\/temoins-de-jehovah\/wp-json\/wp\/v2\/pages\/120","targetHints":{"allow":["GET"]}}],"collection":[{"href":"https:\/\/www.jwinfo.ch\/temoins-de-jehovah\/wp-json\/wp\/v2\/pages"}],"about":[{"href":"https:\/\/www.jwinfo.ch\/temoins-de-jehovah\/wp-json\/wp\/v2\/types\/page"}],"author":[{"embeddable":true,"href":"https:\/\/www.jwinfo.ch\/temoins-de-jehovah\/wp-json\/wp\/v2\/users\/1"}],"replies":[{"embeddable":true,"href":"https:\/\/www.jwinfo.ch\/temoins-de-jehovah\/wp-json\/wp\/v2\/comments?post=120"}],"version-history":[{"count":73,"href":"https:\/\/www.jwinfo.ch\/temoins-de-jehovah\/wp-json\/wp\/v2\/pages\/120\/revisions"}],"predecessor-version":[{"id":6190,"href":"https:\/\/www.jwinfo.ch\/temoins-de-jehovah\/wp-json\/wp\/v2\/pages\/120\/revisions\/6190"}],"up":[{"embeddable":true,"href":"https:\/\/www.jwinfo.ch\/temoins-de-jehovah\/wp-json\/wp\/v2\/pages\/90"}],"wp:featuredmedia":[{"embeddable":true,"href":"https:\/\/www.jwinfo.ch\/temoins-de-jehovah\/wp-json\/wp\/v2\/media\/4225"}],"wp:attachment":[{"href":"https:\/\/www.jwinfo.ch\/temoins-de-jehovah\/wp-json\/wp\/v2\/media?parent=120"}],"wp:term":[{"taxonomy":"author","embeddable":true,"href":"https:\/\/www.jwinfo.ch\/temoins-de-jehovah\/wp-json\/wp\/v2\/ppma_author?post=120"}],"curies":[{"name":"wp","href":"https:\/\/api.w.org\/{rel}","templated":true}]}}