{"id":1793,"date":"2021-01-23T21:30:04","date_gmt":"2021-01-23T20:30:04","guid":{"rendered":"https:\/\/www.jwinfo.ch\/temoins-de-jehovah\/?page_id=1793"},"modified":"2023-03-26T11:24:00","modified_gmt":"2023-03-26T10:24:00","slug":"chat","status":"publish","type":"page","link":"https:\/\/www.jwinfo.ch\/temoins-de-jehovah\/chat\/","title":{"rendered":"Chat"},"content":{"rendered":"\n<p>Rejoignez le groupe Facebook Ex-T\u00e9moins de J\u00e9hovah de Suisse:<\/p>\n\n\n\n<p><a href=\"https:\/\/www.facebook.com\/groups\/3765745336854415\">https:\/\/www.facebook.com\/groups\/3765745336854415<\/a><\/p>\n\n\n\n<hr class=\"wp-block-separator has-css-opacity\"\/>\n\n\n\n<p><a href=\"https:\/\/www.jwinfo.ch\/temoins-de-jehovah\/liens-utiles\/espace-commentaires\/\">Continuer avec l&rsquo;espace des commentaires<\/a><\/p>\n","protected":false},"excerpt":{"rendered":"<p>Rejoignez le groupe Facebook Ex-T\u00e9moins de J\u00e9hovah de Suisse: https:\/\/www.facebook.com\/groups\/3765745336854415 Continuer avec l&rsquo;espace des commentaires<\/p>\n","protected":false},"author":1,"featured_media":4274,"parent":0,"menu_order":0,"comment_status":"closed","ping_status":"closed","template":"","meta":{"footnotes":""},"ppma_author":[69],"class_list":["post-1793","page","type-page","status-publish","has-post-thumbnail","hentry","author-chris"],"yoast_head":"<!-- This site is optimized with the Yoast SEO plugin v27.4 - https:\/\/yoast.com\/product\/yoast-seo-wordpress\/ -->\n<title>Chat - JW info<\/title>\n<meta name=\"description\" content=\"Entrez en contact avec des Ex-T\u00e9moins de J\u00e9hovah\" \/>\n<meta name=\"robots\" content=\"index, follow, max-snippet:-1, max-image-preview:large, max-video-preview:-1\" \/>\n<link rel=\"canonical\" href=\"https:\/\/www.jwinfo.ch\/temoins-de-jehovah\/chat\/\" \/>\n<meta property=\"og:locale\" content=\"fr_FR\" \/>\n<meta property=\"og:type\" content=\"article\" \/>\n<meta property=\"og:title\" content=\"Entrez en contact avec des Ex-T\u00e9moins de J\u00e9hovah\" \/>\n<meta property=\"og:description\" content=\"Entrez en contact avec des Ex-T\u00e9moins de J\u00e9hovah\" \/>\n<meta property=\"og:url\" content=\"https:\/\/www.jwinfo.ch\/temoins-de-jehovah\/chat\/\" \/>\n<meta property=\"og:site_name\" content=\"JW info\" \/>\n<meta property=\"article:modified_time\" content=\"2023-03-26T10:24:00+00:00\" \/>\n<meta property=\"og:image\" content=\"https:\/\/www.jwinfo.ch\/wp-content\/uploads\/2023\/03\/chat.png\" \/>\n\t<meta property=\"og:image:width\" content=\"1200\" \/>\n\t<meta property=\"og:image:height\" content=\"628\" \/>\n\t<meta property=\"og:image:type\" content=\"image\/png\" \/>\n<meta name=\"twitter:card\" content=\"summary_large_image\" \/>\n<meta name=\"twitter:title\" content=\"Entrez en contact avec des Ex-T\u00e9moins de J\u00e9hovah\" \/>\n<meta name=\"twitter:image\" content=\"https:\/\/www.jwinfo.ch\/wp-content\/uploads\/2023\/03\/chat.png\" \/>\n<meta name=\"twitter:label1\" content=\"Dur\u00e9e de lecture estim\u00e9e\" \/>\n\t<meta name=\"twitter:data1\" content=\"1 minute\" \/>\n<script type=\"application\/ld+json\" class=\"yoast-schema-graph\">{\"@context\":\"https:\\\/\\\/schema.org\",\"@graph\":[{\"@type\":\"WebPage\",\"@id\":\"https:\\\/\\\/www.jwinfo.ch\\\/temoins-de-jehovah\\\/chat\\\/\",\"url\":\"https:\\\/\\\/www.jwinfo.ch\\\/temoins-de-jehovah\\\/chat\\\/\",\"name\":\"Chat - JW info\",\"isPartOf\":{\"@id\":\"https:\\\/\\\/www.jwinfo.ch\\\/temoins-de-jehovah\\\/#website\"},\"primaryImageOfPage\":{\"@id\":\"https:\\\/\\\/www.jwinfo.ch\\\/temoins-de-jehovah\\\/chat\\\/#primaryimage\"},\"image\":{\"@id\":\"https:\\\/\\\/www.jwinfo.ch\\\/temoins-de-jehovah\\\/chat\\\/#primaryimage\"},\"thumbnailUrl\":\"https:\\\/\\\/www.jwinfo.ch\\\/wp-content\\\/uploads\\\/2023\\\/03\\\/chat.png\",\"datePublished\":\"2021-01-23T20:30:04+00:00\",\"dateModified\":\"2023-03-26T10:24:00+00:00\",\"description\":\"Entrez en contact avec des Ex-T\u00e9moins de J\u00e9hovah\",\"breadcrumb\":{\"@id\":\"https:\\\/\\\/www.jwinfo.ch\\\/temoins-de-jehovah\\\/chat\\\/#breadcrumb\"},\"inLanguage\":\"fr-FR\",\"potentialAction\":[{\"@type\":\"ReadAction\",\"target\":[\"https:\\\/\\\/www.jwinfo.ch\\\/temoins-de-jehovah\\\/chat\\\/\"]}]},{\"@type\":\"ImageObject\",\"inLanguage\":\"fr-FR\",\"@id\":\"https:\\\/\\\/www.jwinfo.ch\\\/temoins-de-jehovah\\\/chat\\\/#primaryimage\",\"url\":\"https:\\\/\\\/www.jwinfo.ch\\\/wp-content\\\/uploads\\\/2023\\\/03\\\/chat.png\",\"contentUrl\":\"https:\\\/\\\/www.jwinfo.ch\\\/wp-content\\\/uploads\\\/2023\\\/03\\\/chat.png\",\"width\":1200,\"height\":628,\"caption\":\"Chat sur jwinfo.ch\"},{\"@type\":\"BreadcrumbList\",\"@id\":\"https:\\\/\\\/www.jwinfo.ch\\\/temoins-de-jehovah\\\/chat\\\/#breadcrumb\",\"itemListElement\":[{\"@type\":\"ListItem\",\"position\":1,\"name\":\"Accueil\",\"item\":\"https:\\\/\\\/www.jwinfo.ch\\\/temoins-de-jehovah\\\/\"},{\"@type\":\"ListItem\",\"position\":2,\"name\":\"Chat\"}]},{\"@type\":\"WebSite\",\"@id\":\"https:\\\/\\\/www.jwinfo.ch\\\/temoins-de-jehovah\\\/#website\",\"url\":\"https:\\\/\\\/www.jwinfo.ch\\\/temoins-de-jehovah\\\/\",\"name\":\"JW info\",\"description\":\"Des faits pour comprendre l&#039;organisation et la doctrine des T\u00e9moins de J\u00e9hovah\",\"publisher\":{\"@id\":\"https:\\\/\\\/www.jwinfo.ch\\\/temoins-de-jehovah\\\/#\\\/schema\\\/person\\\/f12be02b67245c15c4aa98d63006b08e\"},\"potentialAction\":[{\"@type\":\"SearchAction\",\"target\":{\"@type\":\"EntryPoint\",\"urlTemplate\":\"https:\\\/\\\/www.jwinfo.ch\\\/temoins-de-jehovah\\\/?s={search_term_string}\"},\"query-input\":{\"@type\":\"PropertyValueSpecification\",\"valueRequired\":true,\"valueName\":\"search_term_string\"}}],\"inLanguage\":\"fr-FR\"},{\"@type\":[\"Person\",\"Organization\"],\"@id\":\"https:\\\/\\\/www.jwinfo.ch\\\/temoins-de-jehovah\\\/#\\\/schema\\\/person\\\/f12be02b67245c15c4aa98d63006b08e\",\"name\":\"John Kucholl\",\"image\":{\"@type\":\"ImageObject\",\"inLanguage\":\"fr-FR\",\"@id\":\"https:\\\/\\\/secure.gravatar.com\\\/avatar\\\/f888e098f40f239395aac1fa5786df248e31c63f52895b4e4306f61faf896cf2?s=96&d=retro&r=g\",\"url\":\"https:\\\/\\\/secure.gravatar.com\\\/avatar\\\/f888e098f40f239395aac1fa5786df248e31c63f52895b4e4306f61faf896cf2?s=96&d=retro&r=g\",\"contentUrl\":\"https:\\\/\\\/secure.gravatar.com\\\/avatar\\\/f888e098f40f239395aac1fa5786df248e31c63f52895b4e4306f61faf896cf2?s=96&d=retro&r=g\",\"caption\":\"John Kucholl\"},\"logo\":{\"@id\":\"https:\\\/\\\/secure.gravatar.com\\\/avatar\\\/f888e098f40f239395aac1fa5786df248e31c63f52895b4e4306f61faf896cf2?s=96&d=retro&r=g\"}}]}<\/script>\n<!-- \/ Yoast SEO plugin. -->","yoast_head_json":{"title":"Chat - JW info","description":"Entrez en contact avec des Ex-T\u00e9moins de J\u00e9hovah","robots":{"index":"index","follow":"follow","max-snippet":"max-snippet:-1","max-image-preview":"max-image-preview:large","max-video-preview":"max-video-preview:-1"},"canonical":"https:\/\/www.jwinfo.ch\/temoins-de-jehovah\/chat\/","og_locale":"fr_FR","og_type":"article","og_title":"Entrez en contact avec des Ex-T\u00e9moins de J\u00e9hovah","og_description":"Entrez en contact avec des Ex-T\u00e9moins de J\u00e9hovah","og_url":"https:\/\/www.jwinfo.ch\/temoins-de-jehovah\/chat\/","og_site_name":"JW info","article_modified_time":"2023-03-26T10:24:00+00:00","og_image":[{"width":1200,"height":628,"url":"https:\/\/www.jwinfo.ch\/wp-content\/uploads\/2023\/03\/chat.png","type":"image\/png"}],"twitter_card":"summary_large_image","twitter_title":"Entrez en contact avec des Ex-T\u00e9moins de J\u00e9hovah","twitter_image":"https:\/\/www.jwinfo.ch\/wp-content\/uploads\/2023\/03\/chat.png","twitter_misc":{"Dur\u00e9e de lecture estim\u00e9e":"1 minute"},"schema":{"@context":"https:\/\/schema.org","@graph":[{"@type":"WebPage","@id":"https:\/\/www.jwinfo.ch\/temoins-de-jehovah\/chat\/","url":"https:\/\/www.jwinfo.ch\/temoins-de-jehovah\/chat\/","name":"Chat - JW info","isPartOf":{"@id":"https:\/\/www.jwinfo.ch\/temoins-de-jehovah\/#website"},"primaryImageOfPage":{"@id":"https:\/\/www.jwinfo.ch\/temoins-de-jehovah\/chat\/#primaryimage"},"image":{"@id":"https:\/\/www.jwinfo.ch\/temoins-de-jehovah\/chat\/#primaryimage"},"thumbnailUrl":"https:\/\/www.jwinfo.ch\/wp-content\/uploads\/2023\/03\/chat.png","datePublished":"2021-01-23T20:30:04+00:00","dateModified":"2023-03-26T10:24:00+00:00","description":"Entrez en contact avec des Ex-T\u00e9moins de J\u00e9hovah","breadcrumb":{"@id":"https:\/\/www.jwinfo.ch\/temoins-de-jehovah\/chat\/#breadcrumb"},"inLanguage":"fr-FR","potentialAction":[{"@type":"ReadAction","target":["https:\/\/www.jwinfo.ch\/temoins-de-jehovah\/chat\/"]}]},{"@type":"ImageObject","inLanguage":"fr-FR","@id":"https:\/\/www.jwinfo.ch\/temoins-de-jehovah\/chat\/#primaryimage","url":"https:\/\/www.jwinfo.ch\/wp-content\/uploads\/2023\/03\/chat.png","contentUrl":"https:\/\/www.jwinfo.ch\/wp-content\/uploads\/2023\/03\/chat.png","width":1200,"height":628,"caption":"Chat sur jwinfo.ch"},{"@type":"BreadcrumbList","@id":"https:\/\/www.jwinfo.ch\/temoins-de-jehovah\/chat\/#breadcrumb","itemListElement":[{"@type":"ListItem","position":1,"name":"Accueil","item":"https:\/\/www.jwinfo.ch\/temoins-de-jehovah\/"},{"@type":"ListItem","position":2,"name":"Chat"}]},{"@type":"WebSite","@id":"https:\/\/www.jwinfo.ch\/temoins-de-jehovah\/#website","url":"https:\/\/www.jwinfo.ch\/temoins-de-jehovah\/","name":"JW info","description":"Des faits pour comprendre l&#039;organisation et la doctrine des T\u00e9moins de J\u00e9hovah","publisher":{"@id":"https:\/\/www.jwinfo.ch\/temoins-de-jehovah\/#\/schema\/person\/f12be02b67245c15c4aa98d63006b08e"},"potentialAction":[{"@type":"SearchAction","target":{"@type":"EntryPoint","urlTemplate":"https:\/\/www.jwinfo.ch\/temoins-de-jehovah\/?s={search_term_string}"},"query-input":{"@type":"PropertyValueSpecification","valueRequired":true,"valueName":"search_term_string"}}],"inLanguage":"fr-FR"},{"@type":["Person","Organization"],"@id":"https:\/\/www.jwinfo.ch\/temoins-de-jehovah\/#\/schema\/person\/f12be02b67245c15c4aa98d63006b08e","name":"John Kucholl","image":{"@type":"ImageObject","inLanguage":"fr-FR","@id":"https:\/\/secure.gravatar.com\/avatar\/f888e098f40f239395aac1fa5786df248e31c63f52895b4e4306f61faf896cf2?s=96&d=retro&r=g","url":"https:\/\/secure.gravatar.com\/avatar\/f888e098f40f239395aac1fa5786df248e31c63f52895b4e4306f61faf896cf2?s=96&d=retro&r=g","contentUrl":"https:\/\/secure.gravatar.com\/avatar\/f888e098f40f239395aac1fa5786df248e31c63f52895b4e4306f61faf896cf2?s=96&d=retro&r=g","caption":"John Kucholl"},"logo":{"@id":"https:\/\/secure.gravatar.com\/avatar\/f888e098f40f239395aac1fa5786df248e31c63f52895b4e4306f61faf896cf2?s=96&d=retro&r=g"}}]}},"_links":{"self":[{"href":"https:\/\/www.jwinfo.ch\/temoins-de-jehovah\/wp-json\/wp\/v2\/pages\/1793","targetHints":{"allow":["GET"]}}],"collection":[{"href":"https:\/\/www.jwinfo.ch\/temoins-de-jehovah\/wp-json\/wp\/v2\/pages"}],"about":[{"href":"https:\/\/www.jwinfo.ch\/temoins-de-jehovah\/wp-json\/wp\/v2\/types\/page"}],"author":[{"embeddable":true,"href":"https:\/\/www.jwinfo.ch\/temoins-de-jehovah\/wp-json\/wp\/v2\/users\/1"}],"replies":[{"embeddable":true,"href":"https:\/\/www.jwinfo.ch\/temoins-de-jehovah\/wp-json\/wp\/v2\/comments?post=1793"}],"version-history":[{"count":8,"href":"https:\/\/www.jwinfo.ch\/temoins-de-jehovah\/wp-json\/wp\/v2\/pages\/1793\/revisions"}],"predecessor-version":[{"id":4275,"href":"https:\/\/www.jwinfo.ch\/temoins-de-jehovah\/wp-json\/wp\/v2\/pages\/1793\/revisions\/4275"}],"wp:featuredmedia":[{"embeddable":true,"href":"https:\/\/www.jwinfo.ch\/temoins-de-jehovah\/wp-json\/wp\/v2\/media\/4274"}],"wp:attachment":[{"href":"https:\/\/www.jwinfo.ch\/temoins-de-jehovah\/wp-json\/wp\/v2\/media?parent=1793"}],"wp:term":[{"taxonomy":"author","embeddable":true,"href":"https:\/\/www.jwinfo.ch\/temoins-de-jehovah\/wp-json\/wp\/v2\/ppma_author?post=1793"}],"curies":[{"name":"wp","href":"https:\/\/api.w.org\/{rel}","templated":true}]}}