{"id":185,"date":"2020-11-21T23:02:45","date_gmt":"2020-11-21T23:02:45","guid":{"rendered":"http:\/\/localhost:8080\/?page_id=185"},"modified":"2025-02-12T11:00:06","modified_gmt":"2025-02-12T10:00:06","slug":"mexique-et-malawi","status":"publish","type":"page","link":"https:\/\/www.jwinfo.ch\/temoins-de-jehovah\/polemiques\/mexique-et-malawi\/","title":{"rendered":"Mexique et Malawi"},"content":{"rendered":"\n\n\n<h2 class=\"wp-block-heading\">Soudoiement au Mexique et pers\u00e9cution au Malawi <\/h2>\n\n\n\n<p>Les T\u00e9moins de J\u00e9hovah ne prennent pas part \u00e0 la politique. Ils ne votent pas et ne font pas l&rsquo;arm\u00e9e. Ils sont \u00ab\u00a0neutres\u00a0\u00bb et comptent sur Dieu pour r\u00e9gler les probl\u00e8mes de ce monde.<\/p>\n\n\n\n<p>Au Malawi dans les ann\u00e9es 60, les T\u00e9moins de J\u00e9hovah n\u2019avaient pas le droit d\u2019acheter la carte du parti, suite \u00e0 des directives de l&rsquo;organisation. Beaucoup sont morts ou ont \u00e9t\u00e9 tortur\u00e9s \u00e0 cause de cette insubordination. Au Mexique, \u00e0 la m\u00eame p\u00e9riode, les T\u00e9moins de J\u00e9hovah avaient re\u00e7u le droit officiel de soudoyer le gouvernement pour avoir la carte du service militaire.<\/p>\n\n\n\n<p>Cette situation montre l&rsquo;h\u00e9r\u00e9sie de deux mesures compl\u00e8tement distinctes prises par l&rsquo;organisation face \u00e0 une m\u00eame probl\u00e9matique d&rsquo;autorit\u00e9.<\/p>\n\n\n\n<h2 class=\"wp-block-heading\">Pour en savoir plus<\/h2>\n\n\n\n<h3 class=\"wp-block-heading\">Au Malawi<\/h3>\n\n\n\n<blockquote class=\"wp-block-quote is-layout-flow wp-block-quote-is-layout-flow\">\n<p>Au Malawi, un petit pays situ\u00e9 en Aftique centrale, vers le sud-est, et enserr\u00e9 dans les terres. C&rsquo;est dans cette nouvelle nation comptant quelque quatre millions d&rsquo;habitants et appel\u00e9e auparavant le Nyassaland qu&rsquo;a lieu cette pers\u00e9cution religieuse honteuse. A Lilongwe, dans la partie centrale du Malawi, 170 maisons appartenant \u00e0 ces chr\u00e9tiens ont \u00e9t\u00e9 d\u00e9truites en trois nuits. Dans Ie district de Fort Johnston, situ\u00e9 vers le sud, 34 maisons et 18 entrep\u00f4ts ont \u00e9t\u00e9 d\u00e9truits par le feu avant la fin du mois d&rsquo;octobre. A Mbalame, Ie 27 octobre, tous les chr\u00e9tiens de deux congr\u00e9gations ont vu leur maison incendi\u00e9e, et tous, y compris Ies femnes, ont \u00e9t\u00e9 d\u00e9shabill\u00e9s et battus avec brutalit\u00e9. Dans certains endroits, Ieurs pers\u00e9cuteurs ont utilis\u00e9 des camions pour emporter le mobilier qu&rsquo;ils avaient pris \u00e0 ces chr\u00e9tiens avant de d\u00e9truire leur maison.<\/p>\n\n\n\n<p>&#8230;<\/p>\n\n\n\n<p>Ces pers\u00e9cutions abominables ont conduit de nombreux chr\u00e9tiens dans les h\u00f4pitaux, et, \u00e0 la fin du mois de novembre, au moins cinq t\u00e9moins avaient \u00e9t\u00e9 tu\u00e9s.<\/p>\n\n\n\n<p>&#8230;<\/p>\n\n\n\n<p>Puisque c&rsquo;est ainsi que se conduisent les T\u00e9moins de J\u00e9hovah, pourquoi alors cette violente pers\u00e9cution d\u00e9clench\u00e9e contre eux au Malawi <strong>? Une des principales raisons r\u00e9side dans le fait que les t\u00e9moins refusent d&rsquo;acheter la carte de membre du parti du Congr\u00e8s du Malawi <\/strong>ainsi qu&rsquo;un insigne sur lequel se trouve la photographie du pr\u00e9sident du Malawi, le Dr H. Kamuzu Banda. Les autres organisations religieuses, catholiques, protestante et musulmane, ont toutes c\u00e9d\u00e9 \u00e0 la-pression exerc\u00e9e sur elles, mais pas les t\u00e9moins de J\u00e9hovah. pourquoi ? A cause de leur attachement \u00e9troit \u00e0 la Parole de Dieu.<\/p>\n<cite>La tour de garde du 15 mai 1968 &#8211; Pages <a href=\"https:\/\/www.jwinfo.ch\/wp-content\/uploads\/2023\/07\/tg_15_mai_1968_p_294.png\" target=\"_blank\" rel=\"noreferrer noopener\">294<\/a>, <a href=\"https:\/\/www.jwinfo.ch\/wp-content\/uploads\/2023\/07\/tg_15_mai_1968_p_295.png\" target=\"_blank\" rel=\"noreferrer noopener\">295<\/a>, <a href=\"https:\/\/www.jwinfo.ch\/wp-content\/uploads\/2023\/07\/tg_15_mai_1968_p_296.png\" target=\"_blank\" rel=\"noreferrer noopener\">296<\/a><\/cite><\/blockquote>\n\n\n\n<h3 class=\"wp-block-heading\">Au Mexique<\/h3>\n\n\n\n<p>\u00c0 la m\u00eame p\u00e9riode, le Coll\u00e8ge Central des T\u00e9moins de J\u00e9hovah autorisait les fr\u00e8res mexicains \u00e0 corrompre des fonctionnaires afin d&rsquo;obtenir la \u00ab\u00a0Cartilla\u00a0\u00bb, donn\u00e9e normalement \u00e0 la fin de l&rsquo;accomplissement du service militaire. Cette carte, qui \u00e9tait similaire \u00e0 celle du Malawi, donnait notamment acc\u00e8s \u00e0 un passeport ou au permis de conduire.<\/p>\n\n\n\n<blockquote class=\"wp-block-quote is-layout-flow wp-block-quote-is-layout-flow\">\n<p>Quant \u00e0 ceux qui sont dispens\u00e9s de l&rsquo;entra\u00eenement militaire par une transaction financi\u00e8re avec les fonctionnaires concern\u00e9s, cela correspond \u00e0 ce qui se fait dans d&rsquo;autres pays d&rsquo;Am\u00e9rique latine o\u00f9 des fr\u00e8res ont pay\u00e9 pour \u00eatre dispens\u00e9s par l&rsquo;interm\u00e9diaire d&rsquo;un fonctionnaire militaire afin de conserver leur libert\u00e9 de mener des activit\u00e9s th\u00e9ocratiques. Si des membres de l&rsquo;establishment militaire sont dispos\u00e9s \u00e0 accepter un tel arrangement moyennant le paiement d&rsquo;une redevance, c&rsquo;est la responsabilit\u00e9 de ces repr\u00e9sentants de l&rsquo;organisation nationale. Dans ce cas, l&rsquo;argent pay\u00e9 ne va pas \u00e0 l&rsquo;institution militaire, mais est appropri\u00e9 par l&rsquo;individu qui entreprend l&rsquo;arrangement. <strong>Si la conscience de certains fr\u00e8res leur permet de conclure un tel accord pour conserver leur libert\u00e9, nous n&rsquo;y voyons pas d&rsquo;objection<\/strong>. Bien s\u00fbr, s&rsquo;ils rencontrent des difficult\u00e9s dans leur d\u00e9marche, ils devront les assumer eux-m\u00eames et nous ne pourrons pas leur apporter d&rsquo;aide. <strong>Mais si l&rsquo;arrangement est en vigueur l\u00e0-bas et est reconnu par les inspecteurs qui ne font aucune enqu\u00eate sur la v\u00e9racit\u00e9 de l&rsquo;affaire, alors l&rsquo;affaire peut \u00eatre laiss\u00e9e de c\u00f4t\u00e9 pour les avantages qui en d\u00e9coulent.<\/strong><\/p>\n\n\n\n<p>Si une urgence militaire survenait et confrontait ces fr\u00e8res \u00e0 leur carte de marche, cela les obligerait \u00e0 prendre une d\u00e9cision \u00e0 laquelle ils ne pourraient se soustraire par un versement d&rsquo;argent et leur courage serait mis \u00e0 l&rsquo;\u00e9preuve et ils devraient d\u00e9montrer clairement leur position et prouver qu&rsquo;ils sont en faveur de la neutralit\u00e9 chr\u00e9tienne dans un test d\u00e9termin\u00e9.<\/p>\n\n\n\n<p>Je vous prie d&rsquo;agr\u00e9er, Monsieur le Ministre, l&rsquo;expression de mes salutations distingu\u00e9es,<\/p>\n\n\n\n<p>La Tour de Garde B.&amp;T. Soci\u00e9t\u00e9<br>de Pensylvanie<\/p>\n\n\n\n<p><\/p>\n<cite><a href=\"https:\/\/www.jwinfo.ch\/wp-content\/uploads\/2023\/07\/mexico-bethel-1960.jpg\" target=\"_blank\" rel=\"noreferrer noopener\">Lettre envoy\u00e9e au B\u00e9thel du Mexique<\/a><\/cite><\/blockquote>\n\n\n\n<h3 class=\"wp-block-heading\">Le reportage de Jeremiah Films<\/h3>\n\n\n\n<p>Le reportage de Jeremiah Films parle bri\u00e8vement de cette situation dans cette vid\u00e9o positionn\u00e9e au bon endroit.<\/p>\n\n\n\n<figure class=\"wp-block-embed is-type-video is-provider-youtube wp-block-embed-youtube wp-embed-aspect-4-3 wp-has-aspect-ratio\"><div class=\"wp-block-embed__wrapper\">\n<iframe title=\"QUI SONT LES T\u00c9MOINS DE J\u00c9HOVAH 1986 USA VFF  VINTAGE COLLECTOR\" width=\"640\" height=\"480\" src=\"https:\/\/www.youtube.com\/embed\/6mjzy36Ztic?start=2526&#038;feature=oembed\" frameborder=\"0\" allow=\"accelerometer; autoplay; clipboard-write; encrypted-media; gyroscope; picture-in-picture; web-share\" referrerpolicy=\"strict-origin-when-cross-origin\" allowfullscreen><\/iframe>\n<\/div><\/figure>\n\n\n\n<h3 class=\"wp-block-heading\">Le livre de Raymond Franz<\/h3>\n\n\n\n<p>Raymond Franz, ancien dirigeant des T\u00e9moins de J\u00e9hovah, explique en d\u00e9tails l&rsquo;h\u00e9r\u00e9sie de cette situation dans son livre \u00ab\u00a0Crise de conscience\u00a0\u00bb avec beaucoup de scan de documents officiels.<\/p>\n\n\n\n<p><a href=\"https:\/\/www.jwinfo.ch\/wp-content\/uploads\/2020\/12\/raymond-franz-crise-de-conscience.pdf\" target=\"_blank\" rel=\"noreferrer noopener\">Crise de conscience<\/a> &#8211; Pages 172 \u00e0 211.<\/p>\n\n\n\n<p><strong>Autres sources<\/strong><\/p>\n\n\n\n<p><a href=\"https:\/\/www.jwfacts.com\/watchtower\/malawi-mexico-oath-allegiance.php\" target=\"_blank\" rel=\"noreferrer noopener\">jwfacts.com<\/a><\/p>\n\n\n\n<hr class=\"wp-block-separator has-css-opacity\"\/>\n\n\n\n<p><a href=\"\/temoins-de-jehovah\/polemiques\/la-fausse-religion\/\">Continuer avec la pol\u00e9mique de la fausse religion<\/a><\/p>\n","protected":false},"excerpt":{"rendered":"<p>Soudoiement au Mexique et pers\u00e9cution au Malawi Les T\u00e9moins de J\u00e9hovah ne prennent pas part \u00e0 la politique. Ils ne votent pas et ne font<\/p>\n","protected":false},"author":1,"featured_media":4238,"parent":90,"menu_order":6,"comment_status":"closed","ping_status":"closed","template":"","meta":{"footnotes":""},"ppma_author":[69],"class_list":["post-185","page","type-page","status-publish","has-post-thumbnail","hentry","author-chris"],"yoast_head":"<!-- This site is optimized with the Yoast SEO plugin v27.3 - https:\/\/yoast.com\/product\/yoast-seo-wordpress\/ -->\n<title>Mexique et Malawi: deux poids, deux mesures et des drames humains<\/title>\n<meta name=\"description\" content=\"Les t\u00e9moins de J\u00e9hovah ont appliqu\u00e9 des mesures diff\u00e9rentes face \u00e0 une m\u00eame probl\u00e9matique d&#039;autorit\u00e9. Des drames auraient pu \u00eatre \u00e9vit\u00e9s.\" \/>\n<meta name=\"robots\" content=\"index, follow, max-snippet:-1, max-image-preview:large, max-video-preview:-1\" \/>\n<link rel=\"canonical\" href=\"https:\/\/www.jwinfo.ch\/temoins-de-jehovah\/polemiques\/mexique-et-malawi\/\" \/>\n<meta property=\"og:locale\" content=\"fr_FR\" \/>\n<meta property=\"og:type\" content=\"article\" \/>\n<meta property=\"og:title\" content=\"Mexique et Malawi: deux poids, deux mesures et des drames humains\" \/>\n<meta property=\"og:description\" content=\"Les t\u00e9moins de J\u00e9hovah ont appliqu\u00e9 des mesures diff\u00e9rentes face \u00e0 une m\u00eame probl\u00e9matique d&#039;autorit\u00e9. Des drames auraient pu \u00eatre \u00e9vit\u00e9s.\" \/>\n<meta property=\"og:url\" content=\"https:\/\/www.jwinfo.ch\/temoins-de-jehovah\/polemiques\/mexique-et-malawi\/\" \/>\n<meta property=\"og:site_name\" content=\"JW info\" \/>\n<meta property=\"article:modified_time\" content=\"2025-02-12T10:00:06+00:00\" \/>\n<meta property=\"og:image\" content=\"https:\/\/www.jwinfo.ch\/wp-content\/uploads\/2023\/03\/mexique_et_malawi_temoins_de_jehovah.png\" \/>\n\t<meta property=\"og:image:width\" content=\"1200\" \/>\n\t<meta property=\"og:image:height\" content=\"628\" \/>\n\t<meta property=\"og:image:type\" content=\"image\/png\" \/>\n<meta name=\"twitter:card\" content=\"summary_large_image\" \/>\n<meta name=\"twitter:title\" content=\"Mexique et Malawi: deux poids, deux mesures et des drames humains\" \/>\n<meta name=\"twitter:description\" content=\"Les t\u00e9moins de J\u00e9hovah ont appliqu\u00e9 des mesures diff\u00e9rentes face \u00e0 une m\u00eame probl\u00e9matique d&#039;autorit\u00e9. Des drames auraient pu \u00eatre \u00e9vit\u00e9s.\" \/>\n<meta name=\"twitter:image\" content=\"https:\/\/www.jwinfo.ch\/wp-content\/uploads\/2023\/03\/mexique_et_malawi_temoins_de_jehovah.png\" \/>\n<meta name=\"twitter:label1\" content=\"Dur\u00e9e de lecture estim\u00e9e\" \/>\n\t<meta name=\"twitter:data1\" content=\"2 minutes\" \/>\n<script type=\"application\/ld+json\" class=\"yoast-schema-graph\">{\"@context\":\"https:\\\/\\\/schema.org\",\"@graph\":[{\"@type\":\"WebPage\",\"@id\":\"https:\\\/\\\/www.jwinfo.ch\\\/temoins-de-jehovah\\\/polemiques\\\/mexique-et-malawi\\\/\",\"url\":\"https:\\\/\\\/www.jwinfo.ch\\\/temoins-de-jehovah\\\/polemiques\\\/mexique-et-malawi\\\/\",\"name\":\"Mexique et Malawi: deux poids, deux mesures et des drames humains\",\"isPartOf\":{\"@id\":\"https:\\\/\\\/www.jwinfo.ch\\\/temoins-de-jehovah\\\/#website\"},\"primaryImageOfPage\":{\"@id\":\"https:\\\/\\\/www.jwinfo.ch\\\/temoins-de-jehovah\\\/polemiques\\\/mexique-et-malawi\\\/#primaryimage\"},\"image\":{\"@id\":\"https:\\\/\\\/www.jwinfo.ch\\\/temoins-de-jehovah\\\/polemiques\\\/mexique-et-malawi\\\/#primaryimage\"},\"thumbnailUrl\":\"https:\\\/\\\/www.jwinfo.ch\\\/wp-content\\\/uploads\\\/2023\\\/03\\\/mexique_et_malawi_temoins_de_jehovah.png\",\"datePublished\":\"2020-11-21T23:02:45+00:00\",\"dateModified\":\"2025-02-12T10:00:06+00:00\",\"description\":\"Les t\u00e9moins de J\u00e9hovah ont appliqu\u00e9 des mesures diff\u00e9rentes face \u00e0 une m\u00eame probl\u00e9matique d'autorit\u00e9. Des drames auraient pu \u00eatre \u00e9vit\u00e9s.\",\"breadcrumb\":{\"@id\":\"https:\\\/\\\/www.jwinfo.ch\\\/temoins-de-jehovah\\\/polemiques\\\/mexique-et-malawi\\\/#breadcrumb\"},\"inLanguage\":\"fr-FR\",\"potentialAction\":[{\"@type\":\"ReadAction\",\"target\":[\"https:\\\/\\\/www.jwinfo.ch\\\/temoins-de-jehovah\\\/polemiques\\\/mexique-et-malawi\\\/\"]}]},{\"@type\":\"ImageObject\",\"inLanguage\":\"fr-FR\",\"@id\":\"https:\\\/\\\/www.jwinfo.ch\\\/temoins-de-jehovah\\\/polemiques\\\/mexique-et-malawi\\\/#primaryimage\",\"url\":\"https:\\\/\\\/www.jwinfo.ch\\\/wp-content\\\/uploads\\\/2023\\\/03\\\/mexique_et_malawi_temoins_de_jehovah.png\",\"contentUrl\":\"https:\\\/\\\/www.jwinfo.ch\\\/wp-content\\\/uploads\\\/2023\\\/03\\\/mexique_et_malawi_temoins_de_jehovah.png\",\"width\":1200,\"height\":628,\"caption\":\"Mexique et Malawi, deux poids et deux mesures chez Les T\u00e9moins de J\u00e9hovah\"},{\"@type\":\"BreadcrumbList\",\"@id\":\"https:\\\/\\\/www.jwinfo.ch\\\/temoins-de-jehovah\\\/polemiques\\\/mexique-et-malawi\\\/#breadcrumb\",\"itemListElement\":[{\"@type\":\"ListItem\",\"position\":1,\"name\":\"Accueil\",\"item\":\"https:\\\/\\\/www.jwinfo.ch\\\/temoins-de-jehovah\\\/\"},{\"@type\":\"ListItem\",\"position\":2,\"name\":\"Pol\u00e9miques\",\"item\":\"https:\\\/\\\/www.jwinfo.ch\\\/temoins-de-jehovah\\\/polemiques\\\/\"},{\"@type\":\"ListItem\",\"position\":3,\"name\":\"Mexique et Malawi\"}]},{\"@type\":\"WebSite\",\"@id\":\"https:\\\/\\\/www.jwinfo.ch\\\/temoins-de-jehovah\\\/#website\",\"url\":\"https:\\\/\\\/www.jwinfo.ch\\\/temoins-de-jehovah\\\/\",\"name\":\"JW info\",\"description\":\"Des faits pour comprendre l&#039;organisation et la doctrine des T\u00e9moins de J\u00e9hovah\",\"publisher\":{\"@id\":\"https:\\\/\\\/www.jwinfo.ch\\\/temoins-de-jehovah\\\/#\\\/schema\\\/person\\\/f12be02b67245c15c4aa98d63006b08e\"},\"potentialAction\":[{\"@type\":\"SearchAction\",\"target\":{\"@type\":\"EntryPoint\",\"urlTemplate\":\"https:\\\/\\\/www.jwinfo.ch\\\/temoins-de-jehovah\\\/?s={search_term_string}\"},\"query-input\":{\"@type\":\"PropertyValueSpecification\",\"valueRequired\":true,\"valueName\":\"search_term_string\"}}],\"inLanguage\":\"fr-FR\"},{\"@type\":[\"Person\",\"Organization\"],\"@id\":\"https:\\\/\\\/www.jwinfo.ch\\\/temoins-de-jehovah\\\/#\\\/schema\\\/person\\\/f12be02b67245c15c4aa98d63006b08e\",\"name\":\"John Kucholl\",\"image\":{\"@type\":\"ImageObject\",\"inLanguage\":\"fr-FR\",\"@id\":\"https:\\\/\\\/secure.gravatar.com\\\/avatar\\\/f888e098f40f239395aac1fa5786df248e31c63f52895b4e4306f61faf896cf2?s=96&d=retro&r=g\",\"url\":\"https:\\\/\\\/secure.gravatar.com\\\/avatar\\\/f888e098f40f239395aac1fa5786df248e31c63f52895b4e4306f61faf896cf2?s=96&d=retro&r=g\",\"contentUrl\":\"https:\\\/\\\/secure.gravatar.com\\\/avatar\\\/f888e098f40f239395aac1fa5786df248e31c63f52895b4e4306f61faf896cf2?s=96&d=retro&r=g\",\"caption\":\"John Kucholl\"},\"logo\":{\"@id\":\"https:\\\/\\\/secure.gravatar.com\\\/avatar\\\/f888e098f40f239395aac1fa5786df248e31c63f52895b4e4306f61faf896cf2?s=96&d=retro&r=g\"}}]}<\/script>\n<!-- \/ Yoast SEO plugin. -->","yoast_head_json":{"title":"Mexique et Malawi: deux poids, deux mesures et des drames humains","description":"Les t\u00e9moins de J\u00e9hovah ont appliqu\u00e9 des mesures diff\u00e9rentes face \u00e0 une m\u00eame probl\u00e9matique d'autorit\u00e9. Des drames auraient pu \u00eatre \u00e9vit\u00e9s.","robots":{"index":"index","follow":"follow","max-snippet":"max-snippet:-1","max-image-preview":"max-image-preview:large","max-video-preview":"max-video-preview:-1"},"canonical":"https:\/\/www.jwinfo.ch\/temoins-de-jehovah\/polemiques\/mexique-et-malawi\/","og_locale":"fr_FR","og_type":"article","og_title":"Mexique et Malawi: deux poids, deux mesures et des drames humains","og_description":"Les t\u00e9moins de J\u00e9hovah ont appliqu\u00e9 des mesures diff\u00e9rentes face \u00e0 une m\u00eame probl\u00e9matique d'autorit\u00e9. Des drames auraient pu \u00eatre \u00e9vit\u00e9s.","og_url":"https:\/\/www.jwinfo.ch\/temoins-de-jehovah\/polemiques\/mexique-et-malawi\/","og_site_name":"JW info","article_modified_time":"2025-02-12T10:00:06+00:00","og_image":[{"width":1200,"height":628,"url":"https:\/\/www.jwinfo.ch\/wp-content\/uploads\/2023\/03\/mexique_et_malawi_temoins_de_jehovah.png","type":"image\/png"}],"twitter_card":"summary_large_image","twitter_title":"Mexique et Malawi: deux poids, deux mesures et des drames humains","twitter_description":"Les t\u00e9moins de J\u00e9hovah ont appliqu\u00e9 des mesures diff\u00e9rentes face \u00e0 une m\u00eame probl\u00e9matique d'autorit\u00e9. Des drames auraient pu \u00eatre \u00e9vit\u00e9s.","twitter_image":"https:\/\/www.jwinfo.ch\/wp-content\/uploads\/2023\/03\/mexique_et_malawi_temoins_de_jehovah.png","twitter_misc":{"Dur\u00e9e de lecture estim\u00e9e":"2 minutes"},"schema":{"@context":"https:\/\/schema.org","@graph":[{"@type":"WebPage","@id":"https:\/\/www.jwinfo.ch\/temoins-de-jehovah\/polemiques\/mexique-et-malawi\/","url":"https:\/\/www.jwinfo.ch\/temoins-de-jehovah\/polemiques\/mexique-et-malawi\/","name":"Mexique et Malawi: deux poids, deux mesures et des drames humains","isPartOf":{"@id":"https:\/\/www.jwinfo.ch\/temoins-de-jehovah\/#website"},"primaryImageOfPage":{"@id":"https:\/\/www.jwinfo.ch\/temoins-de-jehovah\/polemiques\/mexique-et-malawi\/#primaryimage"},"image":{"@id":"https:\/\/www.jwinfo.ch\/temoins-de-jehovah\/polemiques\/mexique-et-malawi\/#primaryimage"},"thumbnailUrl":"https:\/\/www.jwinfo.ch\/wp-content\/uploads\/2023\/03\/mexique_et_malawi_temoins_de_jehovah.png","datePublished":"2020-11-21T23:02:45+00:00","dateModified":"2025-02-12T10:00:06+00:00","description":"Les t\u00e9moins de J\u00e9hovah ont appliqu\u00e9 des mesures diff\u00e9rentes face \u00e0 une m\u00eame probl\u00e9matique d'autorit\u00e9. Des drames auraient pu \u00eatre \u00e9vit\u00e9s.","breadcrumb":{"@id":"https:\/\/www.jwinfo.ch\/temoins-de-jehovah\/polemiques\/mexique-et-malawi\/#breadcrumb"},"inLanguage":"fr-FR","potentialAction":[{"@type":"ReadAction","target":["https:\/\/www.jwinfo.ch\/temoins-de-jehovah\/polemiques\/mexique-et-malawi\/"]}]},{"@type":"ImageObject","inLanguage":"fr-FR","@id":"https:\/\/www.jwinfo.ch\/temoins-de-jehovah\/polemiques\/mexique-et-malawi\/#primaryimage","url":"https:\/\/www.jwinfo.ch\/wp-content\/uploads\/2023\/03\/mexique_et_malawi_temoins_de_jehovah.png","contentUrl":"https:\/\/www.jwinfo.ch\/wp-content\/uploads\/2023\/03\/mexique_et_malawi_temoins_de_jehovah.png","width":1200,"height":628,"caption":"Mexique et Malawi, deux poids et deux mesures chez Les T\u00e9moins de J\u00e9hovah"},{"@type":"BreadcrumbList","@id":"https:\/\/www.jwinfo.ch\/temoins-de-jehovah\/polemiques\/mexique-et-malawi\/#breadcrumb","itemListElement":[{"@type":"ListItem","position":1,"name":"Accueil","item":"https:\/\/www.jwinfo.ch\/temoins-de-jehovah\/"},{"@type":"ListItem","position":2,"name":"Pol\u00e9miques","item":"https:\/\/www.jwinfo.ch\/temoins-de-jehovah\/polemiques\/"},{"@type":"ListItem","position":3,"name":"Mexique et Malawi"}]},{"@type":"WebSite","@id":"https:\/\/www.jwinfo.ch\/temoins-de-jehovah\/#website","url":"https:\/\/www.jwinfo.ch\/temoins-de-jehovah\/","name":"JW info","description":"Des faits pour comprendre l&#039;organisation et la doctrine des T\u00e9moins de J\u00e9hovah","publisher":{"@id":"https:\/\/www.jwinfo.ch\/temoins-de-jehovah\/#\/schema\/person\/f12be02b67245c15c4aa98d63006b08e"},"potentialAction":[{"@type":"SearchAction","target":{"@type":"EntryPoint","urlTemplate":"https:\/\/www.jwinfo.ch\/temoins-de-jehovah\/?s={search_term_string}"},"query-input":{"@type":"PropertyValueSpecification","valueRequired":true,"valueName":"search_term_string"}}],"inLanguage":"fr-FR"},{"@type":["Person","Organization"],"@id":"https:\/\/www.jwinfo.ch\/temoins-de-jehovah\/#\/schema\/person\/f12be02b67245c15c4aa98d63006b08e","name":"John Kucholl","image":{"@type":"ImageObject","inLanguage":"fr-FR","@id":"https:\/\/secure.gravatar.com\/avatar\/f888e098f40f239395aac1fa5786df248e31c63f52895b4e4306f61faf896cf2?s=96&d=retro&r=g","url":"https:\/\/secure.gravatar.com\/avatar\/f888e098f40f239395aac1fa5786df248e31c63f52895b4e4306f61faf896cf2?s=96&d=retro&r=g","contentUrl":"https:\/\/secure.gravatar.com\/avatar\/f888e098f40f239395aac1fa5786df248e31c63f52895b4e4306f61faf896cf2?s=96&d=retro&r=g","caption":"John Kucholl"},"logo":{"@id":"https:\/\/secure.gravatar.com\/avatar\/f888e098f40f239395aac1fa5786df248e31c63f52895b4e4306f61faf896cf2?s=96&d=retro&r=g"}}]}},"_links":{"self":[{"href":"https:\/\/www.jwinfo.ch\/temoins-de-jehovah\/wp-json\/wp\/v2\/pages\/185","targetHints":{"allow":["GET"]}}],"collection":[{"href":"https:\/\/www.jwinfo.ch\/temoins-de-jehovah\/wp-json\/wp\/v2\/pages"}],"about":[{"href":"https:\/\/www.jwinfo.ch\/temoins-de-jehovah\/wp-json\/wp\/v2\/types\/page"}],"author":[{"embeddable":true,"href":"https:\/\/www.jwinfo.ch\/temoins-de-jehovah\/wp-json\/wp\/v2\/users\/1"}],"replies":[{"embeddable":true,"href":"https:\/\/www.jwinfo.ch\/temoins-de-jehovah\/wp-json\/wp\/v2\/comments?post=185"}],"version-history":[{"count":37,"href":"https:\/\/www.jwinfo.ch\/temoins-de-jehovah\/wp-json\/wp\/v2\/pages\/185\/revisions"}],"predecessor-version":[{"id":6231,"href":"https:\/\/www.jwinfo.ch\/temoins-de-jehovah\/wp-json\/wp\/v2\/pages\/185\/revisions\/6231"}],"up":[{"embeddable":true,"href":"https:\/\/www.jwinfo.ch\/temoins-de-jehovah\/wp-json\/wp\/v2\/pages\/90"}],"wp:featuredmedia":[{"embeddable":true,"href":"https:\/\/www.jwinfo.ch\/temoins-de-jehovah\/wp-json\/wp\/v2\/media\/4238"}],"wp:attachment":[{"href":"https:\/\/www.jwinfo.ch\/temoins-de-jehovah\/wp-json\/wp\/v2\/media?parent=185"}],"wp:term":[{"taxonomy":"author","embeddable":true,"href":"https:\/\/www.jwinfo.ch\/temoins-de-jehovah\/wp-json\/wp\/v2\/ppma_author?post=185"}],"curies":[{"name":"wp","href":"https:\/\/api.w.org\/{rel}","templated":true}]}}