{"id":192,"date":"2020-11-21T23:54:17","date_gmt":"2020-11-21T23:54:17","guid":{"rendered":"http:\/\/localhost:8080\/?page_id=192"},"modified":"2025-03-12T21:17:20","modified_gmt":"2025-03-12T20:17:20","slug":"conclusion-et-suite","status":"publish","type":"page","link":"https:\/\/www.jwinfo.ch\/temoins-de-jehovah\/conclusion-et-suite\/","title":{"rendered":"Conclusion et suite"},"content":{"rendered":"\n<h2 class=\"wp-block-heading\"><strong>Ou irais-je\u202f?<\/strong><\/h2>\n\n\n\n<p>C&rsquo;est une question qui revient souvent lorsque nous remettons en question notre foi. Elle fait ressortir la n\u00e9cessit\u00e9 naturelle de l&rsquo;homme \u00e0 appartenir \u00e0 une communaut\u00e9. Elle implique aussi l&rsquo;acceptation d&rsquo;une situation imparfaite, mais qui reste malgr\u00e9 tout la plus convenable \u00e0 nos yeux. Malgr\u00e9 tout, cette question ne doit pas vous emp\u00eacher de proc\u00e9der \u00e0 une \u00e9valuation honn\u00eate des faits en ce qui concerne l&rsquo;organisation des T\u00e9moins de J\u00e9hovah.<\/p>\n\n\n\n<p>Premier point important : <strong>ne quittez pas un pi\u00e8ge pour vous pr\u00e9cipiter dans un autre !<\/strong> Laissez-vous le temps avant d&rsquo;entreprendre quoi que ce soit d&rsquo;autre et restez vigilant et m\u00e9fiants face \u00e0 des alternatives pouvant para\u00eetre s\u00e9duisantes. Vous trouverez des conseils avis\u00e9s sur <a href=\"https:\/\/www.jwinfo.ch\/temoins-de-jehovah\/2023\/10\/gerer-une-problematique-religieuse-avec-les-temoins-de-jehovah-et-trouver-de-laide\/#Je_viens_de_me_reveiller_et_je_prepare_ma_sortie\" target=\"_blank\" rel=\"noreferrer noopener\">cette page du site<\/a> afin de pr\u00e9parer au mieux votre sortie.<\/p>\n\n\n\n<p>Pour ma part, ma situation a \u00e9volu\u00e9 en deux \u00e9tapes.<\/p>\n\n\n\n<h3 class=\"wp-block-heading\">Ma premi\u00e8re \u00e9tape <\/h3>\n\n\n\n<p>Ma premi\u00e8re \u00e9tape a \u00e9t\u00e9 de me sentir un<strong> chr\u00e9tien libre<\/strong>.  Si c&rsquo;est ce que vous recherchez, vous pouvez lire le livre de Raymond Franz \u00e0 ce sujet, <a href=\"https:\/\/www.jwinfo.ch\/wp-content\/uploads\/2020\/12\/raymond-franz-a-la-recherche-de-la-liberte-chretienne.pdf\" target=\"_blank\" rel=\"noreferrer noopener\">\u00c0 la recherche de la libert\u00e9 chr\u00e9tienne<\/a> (suite de son premier livre <a href=\"https:\/\/www.jwinfo.ch\/wp-content\/uploads\/2020\/12\/raymond-franz-crise-de-conscience.pdf\" target=\"_blank\" rel=\"noreferrer noopener\">Crise de conscience<\/a>) ou encore le livre <a href=\"https:\/\/www.jwinfo.ch\/wp-content\/uploads\/2020\/12\/martin-luther-la-liberte-chretienne.pdf\" target=\"_blank\" rel=\"noreferrer noopener\">La libert\u00e9 chr\u00e9tienne de Martin Luther<\/a>.<\/p>\n\n\n\n<h3 class=\"wp-block-heading\">Ma deuxi\u00e8me \u00e9tape<\/h3>\n\n\n\n<p>J&rsquo;ai d\u00e9cid\u00e9 de ne plus prendre pour comptant ce qu&rsquo;on m&rsquo;enseigne et de ne partir sur aucun postulat de d\u00e9part. Il faut creuser jusqu&rsquo;\u00e0 obtenir les r\u00e9ponses qui sont les plus logiques et rationnelles et bas\u00e9s sur les<strong> connaissances actuelles<\/strong> <strong>de l&rsquo;homme<\/strong>. J&rsquo;ai donc appliqu\u00e9 la m\u00eame m\u00e9thodologie que j&rsquo;ai utilis\u00e9 avec les T\u00e9moins de J\u00e9hovah pour ma foi chr\u00e9tienne.<\/p>\n\n\n\n<p><strong>La connaissance et la science sont une lanterne qui nous a fait sortir de l&rsquo;\u00e2ge sombre. <\/strong><\/p>\n\n\n\n<p>Entre le 19\u1d49 si\u00e8cle et le 20\u1d49 si\u00e8cle d&rsquo;importantes d\u00e9couvertes ont eu lieu, notamment concernant l&rsquo;arch\u00e9ologie avec la d\u00e9couverte de la plus ancienne civilisation de notre monde, le peuple <a href=\"https:\/\/fr.wikipedia.org\/wiki\/Sumer\" target=\"_blank\" rel=\"noreferrer noopener\">sum\u00e9rien<\/a>, qui a prosp\u00e9r\u00e9 et a \u00e9volu\u00e9 au niveau scientifique, social, politique, acad\u00e9mique, juridique et religieux d&rsquo;une fa\u00e7on ph\u00e9nom\u00e9nale. Nous avons pu d\u00e9coder leurs tablettes cun\u00e9iformes, qui datent de plusieurs mill\u00e9naires avant JC. Il en existe des centaines de milliers. Abraham de la bible vient d&rsquo;ailleurs de la cit\u00e9 d&rsquo;Ur, ville sum\u00e9rienne.<\/p>\n\n\n\n<p>Je vous invite \u00e0 lire ces deux livres qui vous donneront un aper\u00e7u de nos connaissances sur cette civilisation. Et il y a encore beaucoup d&rsquo;autres sources incroyables, comme ce que nous savons des croyances du peuple Canan\u00e9en, sur celles des Babyloniens ou encore sur certains rouleaux de la mer morte.<\/p>\n\n\n\n<p><strong>L&rsquo;\u00e9pop\u00e9e de Gilgamesh<\/strong><\/p>\n\n\n\n<figure class=\"wp-block-embed is-type-rich is-provider-amazon wp-block-embed-amazon\"><div class=\"wp-block-embed__wrapper\">\n<iframe title=\"L&#039;Epop\u00e9e de Gilgamesh (Espaces Libres - Spiritualit\u00e9s Vivantes)\" type=\"text\/html\" width=\"640\" height=\"550\" frameborder=\"0\" allowfullscreen style=\"max-width:100%\" src=\"https:\/\/lire.amazon.fr\/kp\/card?preview=inline&#038;linkCode=kpd&#038;ref_=k4w_oembed_XoVgpc4R3PdpQL&#038;asin=2226316388&#038;tag=kpembed-20\"><\/iframe>\n<\/div><\/figure>\n\n\n\n<p><strong>L&rsquo;histoire commence \u00e0 Sumer<\/strong><\/p>\n\n\n\n<figure class=\"wp-block-embed is-type-rich is-provider-amazon wp-block-embed-amazon\"><div class=\"wp-block-embed__wrapper\">\n<iframe title=\"L&#039;Histoire commence \u00e0 Sumer\" type=\"text\/html\" width=\"640\" height=\"550\" frameborder=\"0\" allowfullscreen style=\"max-width:100%\" src=\"https:\/\/lire.amazon.fr\/kp\/card?preview=inline&#038;linkCode=kpd&#038;ref_=k4w_oembed_Q8LR8x0Z0gf066&#038;asin=B07P8T39DY&#038;tag=kpembed-20\"><\/iframe>\n<\/div><\/figure>\n\n\n\n<p>Et en bonus:<\/p>\n\n\n\n<p><strong>Stories from ancient Canaan<\/strong><\/p>\n\n\n\n<figure class=\"wp-block-embed is-type-rich is-provider-amazon wp-block-embed-amazon\"><div class=\"wp-block-embed__wrapper\">\n<iframe title=\"Stories from Ancient Canaan, Second Edition (English Edition)\" type=\"text\/html\" width=\"640\" height=\"550\" frameborder=\"0\" allowfullscreen style=\"max-width:100%\" src=\"https:\/\/lire.amazon.fr\/kp\/card?preview=inline&#038;linkCode=kpd&#038;ref_=k4w_oembed_YWAVTsDrw6jaO4&#038;asin=B007OWYM4C&#038;tag=kpembed-20\"><\/iframe>\n<\/div><\/figure>\n\n\n\n<p><strong>Enuma Elish &#8211; L&rsquo;\u00e9pop\u00e9e de la cr\u00e9ation<\/strong><\/p>\n\n\n\n<figure class=\"wp-block-embed is-type-rich is-provider-amazon wp-block-embed-amazon\"><div class=\"wp-block-embed__wrapper\">\n<iframe title=\"Enuma Elish : L&#039;\u00c9pop\u00e9e de la Cr\u00e9ation\" type=\"text\/html\" width=\"640\" height=\"550\" frameborder=\"0\" allowfullscreen style=\"max-width:100%\" src=\"https:\/\/lire.amazon.fr\/kp\/card?preview=inline&#038;linkCode=kpd&#038;ref_=k4w_oembed_QUTp08g6GYe7gT&#038;asin=2955853755&#038;tag=kpembed-20\"><\/iframe>\n<\/div><\/figure>\n\n\n\n<p><strong>L&rsquo;invention de Dieu<\/strong><\/p>\n\n\n\n<figure class=\"wp-block-embed is-type-rich is-provider-amazon wp-block-embed-amazon\"><div class=\"wp-block-embed__wrapper\">\n<iframe title=\"L&#039;Invention de Dieu\" type=\"text\/html\" width=\"640\" height=\"550\" frameborder=\"0\" allowfullscreen style=\"max-width:100%\" src=\"https:\/\/lire.amazon.fr\/kp\/card?preview=inline&#038;linkCode=kpd&#038;ref_=k4w_oembed_UoxKAs8Nvqg3cH&#038;asin=2757868195&#038;tag=kpembed-20\"><\/iframe>\n<\/div><\/figure>\n\n\n\n<p><strong>L&rsquo;arche avant No\u00e9<\/strong> (avec une introduction tr\u00e8s accessible \u00e0 la M\u00e9sopotamie)<\/p>\n\n\n\n<figure class=\"wp-block-embed is-type-rich is-provider-amazon wp-block-embed-amazon\"><div class=\"wp-block-embed__wrapper\">\n<iframe title=\"L&#039;Arche avant No\u00e9\" type=\"text\/html\" width=\"640\" height=\"550\" frameborder=\"0\" allowfullscreen style=\"max-width:100%\" src=\"https:\/\/lire.amazon.fr\/kp\/card?preview=inline&#038;linkCode=kpd&#038;ref_=k4w_oembed_EAvQPZm5GAhUC0&#038;asin=2709647435&#038;tag=kpembed-20\"><\/iframe>\n<\/div><\/figure>\n\n\n\n<hr class=\"wp-block-separator has-css-opacity\"\/>\n\n\n\n<blockquote class=\"wp-block-quote is-layout-flow wp-block-quote-is-layout-flow\">\n<p>\u00ab <strong>O\u00f9 vas-tu<\/strong> Gilgamesh ? La vie que tu cherches tu ne la trouveras pas. Lorsque les grands dieux cr\u00e9\u00e8rent les hommes, c\u2019est la mort qu\u2019ils leur destin\u00e8rent et ils ont gard\u00e9 pour eux la vie \u00e9ternelle, <\/p>\n\n\n\n<p>mais toi Gilgamesh que sans cesse ton ventre soit repu <\/p>\n\n\n\n<p>sois joyeux nuit et jour <\/p>\n\n\n\n<p>danse et joue <\/p>\n\n\n\n<p>fais chaque jour de ta vie une f\u00eate de joie et de plaisirs <\/p>\n\n\n\n<p>que tes v\u00eatements soient propres et somptueux <\/p>\n\n\n\n<p>lave ta t\u00eate et baigne-toi <\/p>\n\n\n\n<p>flatte l\u2019enfant qui te tient par la main <\/p>\n\n\n\n<p>r\u00e9jouis l\u2019\u00e9pouse qui est dans tes bras. <\/p>\n\n\n\n<p>Voil\u00e0 les seuls droits que poss\u00e8dent les hommes.<\/p>\n<cite>L&rsquo;\u00e9pop\u00e9e de Gilgamesh &#8211; La condition humaine &#8211;  II<sup>e<\/sup>&nbsp;mill\u00e9naire avant J.-C.<\/cite><\/blockquote>\n\n\n\n<hr class=\"wp-block-separator has-css-opacity\"\/>\n\n\n\n<p><\/p>\n\n\n\n<p><a href=\"https:\/\/www.jwinfo.ch\/temoins-de-jehovah\/temoignages\/\">Continuer avec les t\u00e9moignages<\/a><\/p>\n","protected":false},"excerpt":{"rendered":"<p>Ou irais-je\u202f? C&rsquo;est une question qui revient souvent lorsque nous remettons en question notre foi. Elle fait ressortir la n\u00e9cessit\u00e9 naturelle de l&rsquo;homme \u00e0 appartenir<\/p>\n","protected":false},"author":1,"featured_media":4250,"parent":0,"menu_order":5,"comment_status":"closed","ping_status":"closed","template":"","meta":{"footnotes":""},"ppma_author":[69],"class_list":["post-192","page","type-page","status-publish","has-post-thumbnail","hentry","author-chris"],"yoast_head":"<!-- This site is optimized with the Yoast SEO plugin v27.4 - https:\/\/yoast.com\/product\/yoast-seo-wordpress\/ -->\n<title>Sortir des T\u00e9moins de J\u00e9hovah - conclusion et suite<\/title>\n<meta name=\"description\" content=\"D\u00e9couvrez les \u00e9tapes qui m&#039;ont permis de me lib\u00e9rer compl\u00e8tement des croyances et des traditions dont j&#039;ai h\u00e9rit\u00e9.\" \/>\n<meta name=\"robots\" content=\"index, follow, max-snippet:-1, max-image-preview:large, max-video-preview:-1\" \/>\n<link rel=\"canonical\" href=\"https:\/\/www.jwinfo.ch\/temoins-de-jehovah\/conclusion-et-suite\/\" \/>\n<meta property=\"og:locale\" content=\"fr_FR\" \/>\n<meta property=\"og:type\" content=\"article\" \/>\n<meta property=\"og:title\" content=\"Sortir des T\u00e9moins de J\u00e9hovah - conclusion et suite\" \/>\n<meta property=\"og:description\" content=\"D\u00e9couvrez les \u00e9tapes qui m&#039;ont permis de me lib\u00e9rer compl\u00e8tement des croyances et des traditions dont j&#039;ai h\u00e9rit\u00e9.\" \/>\n<meta property=\"og:url\" content=\"https:\/\/www.jwinfo.ch\/temoins-de-jehovah\/conclusion-et-suite\/\" \/>\n<meta property=\"og:site_name\" content=\"JW info\" \/>\n<meta property=\"article:modified_time\" content=\"2025-03-12T20:17:20+00:00\" \/>\n<meta property=\"og:image\" content=\"https:\/\/www.jwinfo.ch\/wp-content\/uploads\/2023\/03\/conclusion_et_suite.png\" \/>\n\t<meta property=\"og:image:width\" content=\"1200\" \/>\n\t<meta property=\"og:image:height\" content=\"628\" \/>\n\t<meta property=\"og:image:type\" content=\"image\/png\" \/>\n<meta name=\"twitter:card\" content=\"summary_large_image\" \/>\n<meta name=\"twitter:title\" content=\"Sortir des T\u00e9moins de J\u00e9hovah - conclusion et suite\" \/>\n<meta name=\"twitter:description\" content=\"D\u00e9couvrez les \u00e9tapes qui m&#039;ont permis de me lib\u00e9rer compl\u00e8tement des croyances et des traditions dont j&#039;ai h\u00e9rit\u00e9.\" \/>\n<meta name=\"twitter:image\" content=\"https:\/\/www.jwinfo.ch\/wp-content\/uploads\/2023\/03\/conclusion_et_suite.png\" \/>\n<meta name=\"twitter:label1\" content=\"Dur\u00e9e de lecture estim\u00e9e\" \/>\n\t<meta name=\"twitter:data1\" content=\"3 minutes\" \/>\n<script type=\"application\/ld+json\" class=\"yoast-schema-graph\">{\"@context\":\"https:\\\/\\\/schema.org\",\"@graph\":[{\"@type\":\"WebPage\",\"@id\":\"https:\\\/\\\/www.jwinfo.ch\\\/temoins-de-jehovah\\\/conclusion-et-suite\\\/\",\"url\":\"https:\\\/\\\/www.jwinfo.ch\\\/temoins-de-jehovah\\\/conclusion-et-suite\\\/\",\"name\":\"Sortir des T\u00e9moins de J\u00e9hovah - conclusion et suite\",\"isPartOf\":{\"@id\":\"https:\\\/\\\/www.jwinfo.ch\\\/temoins-de-jehovah\\\/#website\"},\"primaryImageOfPage\":{\"@id\":\"https:\\\/\\\/www.jwinfo.ch\\\/temoins-de-jehovah\\\/conclusion-et-suite\\\/#primaryimage\"},\"image\":{\"@id\":\"https:\\\/\\\/www.jwinfo.ch\\\/temoins-de-jehovah\\\/conclusion-et-suite\\\/#primaryimage\"},\"thumbnailUrl\":\"https:\\\/\\\/www.jwinfo.ch\\\/wp-content\\\/uploads\\\/2023\\\/03\\\/conclusion_et_suite.png\",\"datePublished\":\"2020-11-21T23:54:17+00:00\",\"dateModified\":\"2025-03-12T20:17:20+00:00\",\"description\":\"D\u00e9couvrez les \u00e9tapes qui m'ont permis de me lib\u00e9rer compl\u00e8tement des croyances et des traditions dont j'ai h\u00e9rit\u00e9.\",\"breadcrumb\":{\"@id\":\"https:\\\/\\\/www.jwinfo.ch\\\/temoins-de-jehovah\\\/conclusion-et-suite\\\/#breadcrumb\"},\"inLanguage\":\"fr-FR\",\"potentialAction\":[{\"@type\":\"ReadAction\",\"target\":[\"https:\\\/\\\/www.jwinfo.ch\\\/temoins-de-jehovah\\\/conclusion-et-suite\\\/\"]}]},{\"@type\":\"ImageObject\",\"inLanguage\":\"fr-FR\",\"@id\":\"https:\\\/\\\/www.jwinfo.ch\\\/temoins-de-jehovah\\\/conclusion-et-suite\\\/#primaryimage\",\"url\":\"https:\\\/\\\/www.jwinfo.ch\\\/wp-content\\\/uploads\\\/2023\\\/03\\\/conclusion_et_suite.png\",\"contentUrl\":\"https:\\\/\\\/www.jwinfo.ch\\\/wp-content\\\/uploads\\\/2023\\\/03\\\/conclusion_et_suite.png\",\"width\":1200,\"height\":628,\"caption\":\"Conclusion et suite apr\u00e8s avoir quitt\u00e9 les T\u00e9moins de J\u00e9hovah\"},{\"@type\":\"BreadcrumbList\",\"@id\":\"https:\\\/\\\/www.jwinfo.ch\\\/temoins-de-jehovah\\\/conclusion-et-suite\\\/#breadcrumb\",\"itemListElement\":[{\"@type\":\"ListItem\",\"position\":1,\"name\":\"Accueil\",\"item\":\"https:\\\/\\\/www.jwinfo.ch\\\/temoins-de-jehovah\\\/\"},{\"@type\":\"ListItem\",\"position\":2,\"name\":\"Conclusion et suite\"}]},{\"@type\":\"WebSite\",\"@id\":\"https:\\\/\\\/www.jwinfo.ch\\\/temoins-de-jehovah\\\/#website\",\"url\":\"https:\\\/\\\/www.jwinfo.ch\\\/temoins-de-jehovah\\\/\",\"name\":\"JW info\",\"description\":\"Des faits pour comprendre l&#039;organisation et la doctrine des T\u00e9moins de J\u00e9hovah\",\"publisher\":{\"@id\":\"https:\\\/\\\/www.jwinfo.ch\\\/temoins-de-jehovah\\\/#\\\/schema\\\/person\\\/f12be02b67245c15c4aa98d63006b08e\"},\"potentialAction\":[{\"@type\":\"SearchAction\",\"target\":{\"@type\":\"EntryPoint\",\"urlTemplate\":\"https:\\\/\\\/www.jwinfo.ch\\\/temoins-de-jehovah\\\/?s={search_term_string}\"},\"query-input\":{\"@type\":\"PropertyValueSpecification\",\"valueRequired\":true,\"valueName\":\"search_term_string\"}}],\"inLanguage\":\"fr-FR\"},{\"@type\":[\"Person\",\"Organization\"],\"@id\":\"https:\\\/\\\/www.jwinfo.ch\\\/temoins-de-jehovah\\\/#\\\/schema\\\/person\\\/f12be02b67245c15c4aa98d63006b08e\",\"name\":\"John Kucholl\",\"image\":{\"@type\":\"ImageObject\",\"inLanguage\":\"fr-FR\",\"@id\":\"https:\\\/\\\/secure.gravatar.com\\\/avatar\\\/f888e098f40f239395aac1fa5786df248e31c63f52895b4e4306f61faf896cf2?s=96&d=retro&r=g\",\"url\":\"https:\\\/\\\/secure.gravatar.com\\\/avatar\\\/f888e098f40f239395aac1fa5786df248e31c63f52895b4e4306f61faf896cf2?s=96&d=retro&r=g\",\"contentUrl\":\"https:\\\/\\\/secure.gravatar.com\\\/avatar\\\/f888e098f40f239395aac1fa5786df248e31c63f52895b4e4306f61faf896cf2?s=96&d=retro&r=g\",\"caption\":\"John Kucholl\"},\"logo\":{\"@id\":\"https:\\\/\\\/secure.gravatar.com\\\/avatar\\\/f888e098f40f239395aac1fa5786df248e31c63f52895b4e4306f61faf896cf2?s=96&d=retro&r=g\"}}]}<\/script>\n<!-- \/ Yoast SEO plugin. -->","yoast_head_json":{"title":"Sortir des T\u00e9moins de J\u00e9hovah - conclusion et suite","description":"D\u00e9couvrez les \u00e9tapes qui m'ont permis de me lib\u00e9rer compl\u00e8tement des croyances et des traditions dont j'ai h\u00e9rit\u00e9.","robots":{"index":"index","follow":"follow","max-snippet":"max-snippet:-1","max-image-preview":"max-image-preview:large","max-video-preview":"max-video-preview:-1"},"canonical":"https:\/\/www.jwinfo.ch\/temoins-de-jehovah\/conclusion-et-suite\/","og_locale":"fr_FR","og_type":"article","og_title":"Sortir des T\u00e9moins de J\u00e9hovah - conclusion et suite","og_description":"D\u00e9couvrez les \u00e9tapes qui m'ont permis de me lib\u00e9rer compl\u00e8tement des croyances et des traditions dont j'ai h\u00e9rit\u00e9.","og_url":"https:\/\/www.jwinfo.ch\/temoins-de-jehovah\/conclusion-et-suite\/","og_site_name":"JW info","article_modified_time":"2025-03-12T20:17:20+00:00","og_image":[{"width":1200,"height":628,"url":"https:\/\/www.jwinfo.ch\/wp-content\/uploads\/2023\/03\/conclusion_et_suite.png","type":"image\/png"}],"twitter_card":"summary_large_image","twitter_title":"Sortir des T\u00e9moins de J\u00e9hovah - conclusion et suite","twitter_description":"D\u00e9couvrez les \u00e9tapes qui m'ont permis de me lib\u00e9rer compl\u00e8tement des croyances et des traditions dont j'ai h\u00e9rit\u00e9.","twitter_image":"https:\/\/www.jwinfo.ch\/wp-content\/uploads\/2023\/03\/conclusion_et_suite.png","twitter_misc":{"Dur\u00e9e de lecture estim\u00e9e":"3 minutes"},"schema":{"@context":"https:\/\/schema.org","@graph":[{"@type":"WebPage","@id":"https:\/\/www.jwinfo.ch\/temoins-de-jehovah\/conclusion-et-suite\/","url":"https:\/\/www.jwinfo.ch\/temoins-de-jehovah\/conclusion-et-suite\/","name":"Sortir des T\u00e9moins de J\u00e9hovah - conclusion et suite","isPartOf":{"@id":"https:\/\/www.jwinfo.ch\/temoins-de-jehovah\/#website"},"primaryImageOfPage":{"@id":"https:\/\/www.jwinfo.ch\/temoins-de-jehovah\/conclusion-et-suite\/#primaryimage"},"image":{"@id":"https:\/\/www.jwinfo.ch\/temoins-de-jehovah\/conclusion-et-suite\/#primaryimage"},"thumbnailUrl":"https:\/\/www.jwinfo.ch\/wp-content\/uploads\/2023\/03\/conclusion_et_suite.png","datePublished":"2020-11-21T23:54:17+00:00","dateModified":"2025-03-12T20:17:20+00:00","description":"D\u00e9couvrez les \u00e9tapes qui m'ont permis de me lib\u00e9rer compl\u00e8tement des croyances et des traditions dont j'ai h\u00e9rit\u00e9.","breadcrumb":{"@id":"https:\/\/www.jwinfo.ch\/temoins-de-jehovah\/conclusion-et-suite\/#breadcrumb"},"inLanguage":"fr-FR","potentialAction":[{"@type":"ReadAction","target":["https:\/\/www.jwinfo.ch\/temoins-de-jehovah\/conclusion-et-suite\/"]}]},{"@type":"ImageObject","inLanguage":"fr-FR","@id":"https:\/\/www.jwinfo.ch\/temoins-de-jehovah\/conclusion-et-suite\/#primaryimage","url":"https:\/\/www.jwinfo.ch\/wp-content\/uploads\/2023\/03\/conclusion_et_suite.png","contentUrl":"https:\/\/www.jwinfo.ch\/wp-content\/uploads\/2023\/03\/conclusion_et_suite.png","width":1200,"height":628,"caption":"Conclusion et suite apr\u00e8s avoir quitt\u00e9 les T\u00e9moins de J\u00e9hovah"},{"@type":"BreadcrumbList","@id":"https:\/\/www.jwinfo.ch\/temoins-de-jehovah\/conclusion-et-suite\/#breadcrumb","itemListElement":[{"@type":"ListItem","position":1,"name":"Accueil","item":"https:\/\/www.jwinfo.ch\/temoins-de-jehovah\/"},{"@type":"ListItem","position":2,"name":"Conclusion et suite"}]},{"@type":"WebSite","@id":"https:\/\/www.jwinfo.ch\/temoins-de-jehovah\/#website","url":"https:\/\/www.jwinfo.ch\/temoins-de-jehovah\/","name":"JW info","description":"Des faits pour comprendre l&#039;organisation et la doctrine des T\u00e9moins de J\u00e9hovah","publisher":{"@id":"https:\/\/www.jwinfo.ch\/temoins-de-jehovah\/#\/schema\/person\/f12be02b67245c15c4aa98d63006b08e"},"potentialAction":[{"@type":"SearchAction","target":{"@type":"EntryPoint","urlTemplate":"https:\/\/www.jwinfo.ch\/temoins-de-jehovah\/?s={search_term_string}"},"query-input":{"@type":"PropertyValueSpecification","valueRequired":true,"valueName":"search_term_string"}}],"inLanguage":"fr-FR"},{"@type":["Person","Organization"],"@id":"https:\/\/www.jwinfo.ch\/temoins-de-jehovah\/#\/schema\/person\/f12be02b67245c15c4aa98d63006b08e","name":"John Kucholl","image":{"@type":"ImageObject","inLanguage":"fr-FR","@id":"https:\/\/secure.gravatar.com\/avatar\/f888e098f40f239395aac1fa5786df248e31c63f52895b4e4306f61faf896cf2?s=96&d=retro&r=g","url":"https:\/\/secure.gravatar.com\/avatar\/f888e098f40f239395aac1fa5786df248e31c63f52895b4e4306f61faf896cf2?s=96&d=retro&r=g","contentUrl":"https:\/\/secure.gravatar.com\/avatar\/f888e098f40f239395aac1fa5786df248e31c63f52895b4e4306f61faf896cf2?s=96&d=retro&r=g","caption":"John Kucholl"},"logo":{"@id":"https:\/\/secure.gravatar.com\/avatar\/f888e098f40f239395aac1fa5786df248e31c63f52895b4e4306f61faf896cf2?s=96&d=retro&r=g"}}]}},"_links":{"self":[{"href":"https:\/\/www.jwinfo.ch\/temoins-de-jehovah\/wp-json\/wp\/v2\/pages\/192","targetHints":{"allow":["GET"]}}],"collection":[{"href":"https:\/\/www.jwinfo.ch\/temoins-de-jehovah\/wp-json\/wp\/v2\/pages"}],"about":[{"href":"https:\/\/www.jwinfo.ch\/temoins-de-jehovah\/wp-json\/wp\/v2\/types\/page"}],"author":[{"embeddable":true,"href":"https:\/\/www.jwinfo.ch\/temoins-de-jehovah\/wp-json\/wp\/v2\/users\/1"}],"replies":[{"embeddable":true,"href":"https:\/\/www.jwinfo.ch\/temoins-de-jehovah\/wp-json\/wp\/v2\/comments?post=192"}],"version-history":[{"count":70,"href":"https:\/\/www.jwinfo.ch\/temoins-de-jehovah\/wp-json\/wp\/v2\/pages\/192\/revisions"}],"predecessor-version":[{"id":13019,"href":"https:\/\/www.jwinfo.ch\/temoins-de-jehovah\/wp-json\/wp\/v2\/pages\/192\/revisions\/13019"}],"wp:featuredmedia":[{"embeddable":true,"href":"https:\/\/www.jwinfo.ch\/temoins-de-jehovah\/wp-json\/wp\/v2\/media\/4250"}],"wp:attachment":[{"href":"https:\/\/www.jwinfo.ch\/temoins-de-jehovah\/wp-json\/wp\/v2\/media?parent=192"}],"wp:term":[{"taxonomy":"author","embeddable":true,"href":"https:\/\/www.jwinfo.ch\/temoins-de-jehovah\/wp-json\/wp\/v2\/ppma_author?post=192"}],"curies":[{"name":"wp","href":"https:\/\/api.w.org\/{rel}","templated":true}]}}