{"id":310,"date":"2020-11-24T07:33:13","date_gmt":"2020-11-24T07:33:13","guid":{"rendered":"http:\/\/localhost:8080\/?page_id=310"},"modified":"2023-07-24T12:46:56","modified_gmt":"2023-07-24T11:46:56","slug":"la-fausse-religion","status":"publish","type":"page","link":"https:\/\/www.jwinfo.ch\/temoins-de-jehovah\/polemiques\/la-fausse-religion\/","title":{"rendered":"La fausse religion"},"content":{"rendered":"\n\n\n<h2 class=\"wp-block-heading\">L&rsquo;art de la r\u00e9thorique chez les T\u00e9moins de J\u00e9hovah<\/h2>\n\n\n\n<p>Les T\u00e9moins de J\u00e9hovah utilisent des termes tr\u00e8s agressifs pour condamner la fausse religion et pousser les gens \u00e0 adopter <strong>la vraie religion<\/strong>, qui est la leur. Vous pouvez le voir sur leur site via ce <a href=\"https:\/\/www.jw.org\/fr\/biblioth%C3%A8que\/livres\/route-mene-a-la-vie\/rejeter-fausse-religion-pratiquer-vraie\/\" target=\"_blank\" rel=\"noreferrer noopener\">lien<\/a> qui invite les gens \u00e0 fr\u00e9quenter le \u00ab\u00a0peuple de J\u00e9hovah\u00a0\u00bb et \u00e0 abandonner les fausses religions qui sont identifi\u00e9es par leur croyance tels que la trinit\u00e9, la notion d&rsquo;\u00e2me \u00e9ternelle ou l&rsquo;enfer de feu.<\/p>\n\n\n\n<p>Un ancien \u00ab\u00a0<a href=\"https:\/\/www.jwinfo.ch\/temoins-de-jehovah\/polemiques\/organisation-et-hierarchie\/#Le_comite_danciens\" target=\"_blank\" rel=\"noreferrer noopener\">Ancien<\/a>\u00a0\u00bb (poste \u00e0 responsabilit\u00e9 au sein de l&rsquo;organisation), Don Cameron, a \u00e9crit un livre tr\u00e8s condens\u00e9 et allant droit au but. Il est disponible <a href=\"https:\/\/www.amazon.fr\/Captives-Concept-Anatomy-Illusion-Cameron\/dp\/1411622103\" target=\"_blank\" rel=\"noreferrer noopener\">ici<\/a>. Il explique notamment, pourquoi, en ressortant toute la litt\u00e9rature ancienne des TJ et toutes leurs aberrations, ils ne peuvent pas avoir \u00e9t\u00e9 choisis par J\u00e9sus au d\u00e9but du 20\u1d49 si\u00e8cle, comme seule vraie religion (ce qu&rsquo;ils proclament).<\/p>\n\n\n\n<p>Entre les pages 81 et 84, il fait une comparaison de la terminologie employ\u00e9e par les T\u00e9moins de J\u00e9hovah pour condamner les autres religions avec les termes employ\u00e9s pour leurs pr\u00e9dictions \u00e0 venir ainsi que les termes pour justifier leurs erreurs.<\/p>\n\n\n\n<p>Vous trouverez aussi sur le site des T\u00e9moins de J\u00e9hovah comment la fausse religion, donc toutes celles qui ne portent pas fi\u00e8rement le nom de \u00ab\u00a0J\u00e9hovah\u00a0\u00bb seront d\u00e9truites&nbsp;: <a href=\"https:\/\/www.jw.org\/fr\/biblioth%C3%A8que\/revues\/tour-de-garde-etude-septembre-2019\/armaguedon-bonne-nouvelle\/\" target=\"_blank\" rel=\"noreferrer noopener\">voir ici, paragraphe 11 et 12.<\/a><\/p>\n\n\n\n<h2 class=\"wp-block-heading\">Pour en savoir plus<\/h2>\n\n\n\n<h3 class=\"wp-block-heading\">Les termes employ\u00e9s pour condamner la fausse religion<\/h3>\n\n\n\n<ul class=\"wp-block-list\">\n<li>Mensonges<\/li>\n\n\n\n<li>fausses histoires<\/li>\n\n\n\n<li>faux professeurs<\/li>\n\n\n\n<li>faux enseignements<\/li>\n\n\n\n<li>fausses doctrines<\/li>\n\n\n\n<li>faux proph\u00e8tes<\/li>\n\n\n\n<li>fausses proph\u00e9ties<\/li>\n\n\n\n<li>fausses opinions religieuses<\/li>\n\n\n\n<li>faux enseignements religieux<\/li>\n\n\n\n<li>fausses philosophies religieuses<\/li>\n\n\n\n<li>doctrine avec routes religieuses pa\u00efennes<\/li>\n\n\n\n<li>Qui d\u00e9shonore Dieu avec les doctrines de Babylone la Grande<\/li>\n\n\n\n<li>la d\u00e9figuration de Dieu<\/li>\n\n\n\n<li>Enseignements naus\u00e9abonds<\/li>\n\n\n\n<li>Qui d\u00e9shonore Dieu<\/li>\n\n\n\n<li>Doctrines pa\u00efennes<\/li>\n\n\n\n<li>Mythes impies<\/li>\n<\/ul>\n\n\n\n<h3 class=\"wp-block-heading\">Les termes employ\u00e9s pour ce que proclament les TJ<\/h3>\n\n\n\n<ul class=\"wp-block-list\">\n<li>La v\u00e9rit\u00e9<\/li>\n\n\n\n<li>de riches v\u00e9rit\u00e9s<\/li>\n\n\n\n<li>v\u00e9rit\u00e9s bibliques<\/li>\n\n\n\n<li>grandes v\u00e9rit\u00e9s<\/li>\n\n\n\n<li>des v\u00e9rit\u00e9s r\u00e9v\u00e9l\u00e9es<\/li>\n\n\n\n<li>de pr\u00e9cieuses v\u00e9rit\u00e9s<\/li>\n\n\n\n<li>les joyaux de la v\u00e9rit\u00e9<\/li>\n\n\n\n<li>des v\u00e9rit\u00e9s non scell\u00e9es<\/li>\n\n\n\n<li>les v\u00e9rit\u00e9s scripturales<\/li>\n\n\n\n<li>des v\u00e9rit\u00e9s \u00e9tablies<\/li>\n\n\n\n<li>des v\u00e9rit\u00e9s lib\u00e9ratrices<\/li>\n\n\n\n<li>un langage pur<\/li>\n\n\n\n<li>enseignement de la bible<\/li>\n\n\n\n<li>proph\u00e9ties bibliques<\/li>\n\n\n\n<li>croyances scripturales<\/li>\n\n\n\n<li>une proph\u00e9tie infaillible<\/li>\n\n\n\n<li>une proph\u00e9tie extraordinaire<\/li>\n\n\n\n<li>la promesse du cr\u00e9ateur<\/li>\n\n\n\n<li>l&rsquo;enseignement de J\u00e9hovah<\/li>\n\n\n\n<li>La parole proph\u00e9tique de J\u00e9hovah<\/li>\n\n\n\n<li>la parole s\u00fbre de la proph\u00e9tie<\/li>\n\n\n\n<li>un v\u00e9ritable enseignement de la bible<\/li>\n\n\n\n<li>les v\u00e9rit\u00e9s r\u00e9v\u00e9l\u00e9es de J\u00e9hovah<\/li>\n<\/ul>\n\n\n\n<h3 class=\"wp-block-heading\"> Les termes employ\u00e9s par les TJ pour justifier leurs erreurs<\/h3>\n\n\n\n<ul class=\"wp-block-list\">\n<li>Mauvaise compr\u00e9hension<\/li>\n\n\n\n<li>z\u00e8le mal plac\u00e9<\/li>\n\n\n\n<li>espoirs non r\u00e9alis\u00e9s<\/li>\n\n\n\n<li>\u00e9checs pr\u00e9c\u00e9dents<\/li>\n\n\n\n<li>interpr\u00e9tations erron\u00e9es<\/li>\n\n\n\n<li>malentendu<\/li>\n\n\n\n<li>notre compr\u00e9hension<\/li>\n\n\n\n<li>optimisme mal plac\u00e9<\/li>\n\n\n\n<li>fausses attentes<\/li>\n\n\n\n<li>espoirs et attentes<\/li>\n\n\n\n<li>attentes pr\u00e9matur\u00e9es<\/li>\n\n\n\n<li>erreurs dans leur enseignement<\/li>\n\n\n\n<li>attentes mal plac\u00e9es<\/li>\n\n\n\n<li>attentes d\u00e9\u00e7ues<\/li>\n\n\n\n<li>concepts incomplets<\/li>\n\n\n\n<li>concepts inexacts<\/li>\n\n\n\n<li>graves d\u00e9ceptions<\/li>\n\n\n\n<li>vues autrefois tr\u00e8s appr\u00e9ci\u00e9es<\/li>\n\n\n\n<li>erreurs dans leur compr\u00e9hension<\/li>\n\n\n\n<li>vue \u00e0 affiner<\/li>\n\n\n\n<li>opinion exprim\u00e9e<\/li>\n\n\n\n<li>erreurs les plus pr\u00e9cieuses<\/li>\n\n\n\n<li>croyances erron\u00e9es<\/li>\n\n\n\n<li>vieilles v\u00e9rit\u00e9s<\/li>\n\n\n\n<li>v\u00e9rit\u00e9s du pass\u00e9<\/li>\n\n\n\n<li>attentes n\u00e9cessitant un certain ajustement<\/li>\n\n\n\n<li>question sur laquelle des corrections de points de vue ont \u00e9t\u00e9 n\u00e9cessaires<\/li>\n<\/ul>\n\n\n\n<hr class=\"wp-block-separator has-css-opacity\"\/>\n\n\n\n<figure class=\"wp-block-embed is-type-rich is-provider-amazon wp-block-embed-amazon\"><div class=\"wp-block-embed__wrapper\">\n<iframe title=\"Captives of a Concept (Anatomy of an Illusion) (English Edition)\" type=\"text\/html\" width=\"640\" height=\"550\" frameborder=\"0\" allowfullscreen style=\"max-width:100%\" src=\"https:\/\/lire.amazon.fr\/kp\/card?preview=inline&#038;linkCode=kpd&#038;ref_=k4w_oembed_g6wwltF1VKjpc3&#038;asin=B08L11M9LD&#038;tag=kpembed-20\"><\/iframe>\n<\/div><\/figure>\n\n\n\n<hr class=\"wp-block-separator has-css-opacity\"\/>\n\n\n\n<p><a href=\"https:\/\/www.jwinfo.ch\/temoins-de-jehovah\/lettre-a-hitler\/\">Continuer avec la pol\u00e9mique de la lettre \u00e0 Hitler<\/a><\/p>\n","protected":false},"excerpt":{"rendered":"<p>L&rsquo;art de la r\u00e9thorique chez les T\u00e9moins de J\u00e9hovah Les T\u00e9moins de J\u00e9hovah utilisent des termes tr\u00e8s agressifs pour condamner la fausse religion et pousser<\/p>\n","protected":false},"author":1,"featured_media":4231,"parent":90,"menu_order":10,"comment_status":"closed","ping_status":"closed","template":"","meta":{"footnotes":""},"ppma_author":[69],"class_list":["post-310","page","type-page","status-publish","has-post-thumbnail","hentry","author-chris"],"yoast_head":"<!-- This site is optimized with the Yoast SEO plugin v27.3 - https:\/\/yoast.com\/product\/yoast-seo-wordpress\/ -->\n<title>Les T\u00e9moins de J\u00e9hovah condamnent violemment la fausse religion<\/title>\n<meta name=\"description\" content=\"D\u00e9couvrez l&#039;agressivit\u00e9 avec laquelle les T\u00e9moins de J\u00e9hovah condamnent les autres religions et comment ils justifient leurs \u00e9checs\" \/>\n<meta name=\"robots\" content=\"index, follow, max-snippet:-1, max-image-preview:large, max-video-preview:-1\" \/>\n<link rel=\"canonical\" href=\"https:\/\/www.jwinfo.ch\/temoins-de-jehovah\/polemiques\/la-fausse-religion\/\" \/>\n<meta property=\"og:locale\" content=\"fr_FR\" \/>\n<meta property=\"og:type\" content=\"article\" \/>\n<meta property=\"og:title\" content=\"Les T\u00e9moins de J\u00e9hovah condamnent violemment la fausse religion\" \/>\n<meta property=\"og:description\" content=\"D\u00e9couvrez l&#039;agressivit\u00e9 avec laquelle les T\u00e9moins de J\u00e9hovah condamnent les autres religions et comment ils justifient leurs \u00e9checs\" \/>\n<meta property=\"og:url\" content=\"https:\/\/www.jwinfo.ch\/temoins-de-jehovah\/polemiques\/la-fausse-religion\/\" \/>\n<meta property=\"og:site_name\" content=\"JW info\" \/>\n<meta property=\"article:modified_time\" content=\"2023-07-24T11:46:56+00:00\" \/>\n<meta property=\"og:image\" content=\"https:\/\/www.jwinfo.ch\/wp-content\/uploads\/2020\/12\/temoins-de-jehovah-la-fausse-religion.jpg\" \/>\n\t<meta property=\"og:image:width\" content=\"300\" \/>\n\t<meta property=\"og:image:height\" content=\"215\" \/>\n\t<meta property=\"og:image:type\" content=\"image\/jpeg\" \/>\n<meta name=\"twitter:card\" content=\"summary_large_image\" \/>\n<meta name=\"twitter:title\" content=\"Les T\u00e9moins de J\u00e9hovah condamnent violemment la fausse religion\" \/>\n<meta name=\"twitter:description\" content=\"D\u00e9couvrez l&#039;agressivit\u00e9 avec laquelle les T\u00e9moins de J\u00e9hovah condamnent les autres religions et comment ils justifient leurs \u00e9checs\" \/>\n<meta name=\"twitter:image\" content=\"https:\/\/www.jwinfo.ch\/wp-content\/uploads\/2020\/12\/temoins-de-jehovah-la-fausse-religion.jpg\" \/>\n<meta name=\"twitter:label1\" content=\"Dur\u00e9e de lecture estim\u00e9e\" \/>\n\t<meta name=\"twitter:data1\" content=\"3 minutes\" \/>\n<script type=\"application\/ld+json\" class=\"yoast-schema-graph\">{\"@context\":\"https:\\\/\\\/schema.org\",\"@graph\":[{\"@type\":\"WebPage\",\"@id\":\"https:\\\/\\\/www.jwinfo.ch\\\/temoins-de-jehovah\\\/polemiques\\\/la-fausse-religion\\\/\",\"url\":\"https:\\\/\\\/www.jwinfo.ch\\\/temoins-de-jehovah\\\/polemiques\\\/la-fausse-religion\\\/\",\"name\":\"Les T\u00e9moins de J\u00e9hovah condamnent violemment la fausse religion\",\"isPartOf\":{\"@id\":\"https:\\\/\\\/www.jwinfo.ch\\\/temoins-de-jehovah\\\/#website\"},\"primaryImageOfPage\":{\"@id\":\"https:\\\/\\\/www.jwinfo.ch\\\/temoins-de-jehovah\\\/polemiques\\\/la-fausse-religion\\\/#primaryimage\"},\"image\":{\"@id\":\"https:\\\/\\\/www.jwinfo.ch\\\/temoins-de-jehovah\\\/polemiques\\\/la-fausse-religion\\\/#primaryimage\"},\"thumbnailUrl\":\"https:\\\/\\\/www.jwinfo.ch\\\/wp-content\\\/uploads\\\/2023\\\/03\\\/la_fausse_religion_v3.png\",\"datePublished\":\"2020-11-24T07:33:13+00:00\",\"dateModified\":\"2023-07-24T11:46:56+00:00\",\"description\":\"D\u00e9couvrez l'agressivit\u00e9 avec laquelle les T\u00e9moins de J\u00e9hovah condamnent les autres religions et comment ils justifient leurs \u00e9checs\",\"breadcrumb\":{\"@id\":\"https:\\\/\\\/www.jwinfo.ch\\\/temoins-de-jehovah\\\/polemiques\\\/la-fausse-religion\\\/#breadcrumb\"},\"inLanguage\":\"fr-FR\",\"potentialAction\":[{\"@type\":\"ReadAction\",\"target\":[\"https:\\\/\\\/www.jwinfo.ch\\\/temoins-de-jehovah\\\/polemiques\\\/la-fausse-religion\\\/\"]}]},{\"@type\":\"ImageObject\",\"inLanguage\":\"fr-FR\",\"@id\":\"https:\\\/\\\/www.jwinfo.ch\\\/temoins-de-jehovah\\\/polemiques\\\/la-fausse-religion\\\/#primaryimage\",\"url\":\"https:\\\/\\\/www.jwinfo.ch\\\/wp-content\\\/uploads\\\/2023\\\/03\\\/la_fausse_religion_v3.png\",\"contentUrl\":\"https:\\\/\\\/www.jwinfo.ch\\\/wp-content\\\/uploads\\\/2023\\\/03\\\/la_fausse_religion_v3.png\",\"width\":1200,\"height\":628,\"caption\":\"La fausse religion selon les T\u00e9moins de J\u00e9hovah\"},{\"@type\":\"BreadcrumbList\",\"@id\":\"https:\\\/\\\/www.jwinfo.ch\\\/temoins-de-jehovah\\\/polemiques\\\/la-fausse-religion\\\/#breadcrumb\",\"itemListElement\":[{\"@type\":\"ListItem\",\"position\":1,\"name\":\"Accueil\",\"item\":\"https:\\\/\\\/www.jwinfo.ch\\\/temoins-de-jehovah\\\/\"},{\"@type\":\"ListItem\",\"position\":2,\"name\":\"Pol\u00e9miques\",\"item\":\"https:\\\/\\\/www.jwinfo.ch\\\/temoins-de-jehovah\\\/polemiques\\\/\"},{\"@type\":\"ListItem\",\"position\":3,\"name\":\"La fausse religion\"}]},{\"@type\":\"WebSite\",\"@id\":\"https:\\\/\\\/www.jwinfo.ch\\\/temoins-de-jehovah\\\/#website\",\"url\":\"https:\\\/\\\/www.jwinfo.ch\\\/temoins-de-jehovah\\\/\",\"name\":\"JW info\",\"description\":\"Des faits pour comprendre l&#039;organisation et la doctrine des T\u00e9moins de J\u00e9hovah\",\"publisher\":{\"@id\":\"https:\\\/\\\/www.jwinfo.ch\\\/temoins-de-jehovah\\\/#\\\/schema\\\/person\\\/f12be02b67245c15c4aa98d63006b08e\"},\"potentialAction\":[{\"@type\":\"SearchAction\",\"target\":{\"@type\":\"EntryPoint\",\"urlTemplate\":\"https:\\\/\\\/www.jwinfo.ch\\\/temoins-de-jehovah\\\/?s={search_term_string}\"},\"query-input\":{\"@type\":\"PropertyValueSpecification\",\"valueRequired\":true,\"valueName\":\"search_term_string\"}}],\"inLanguage\":\"fr-FR\"},{\"@type\":[\"Person\",\"Organization\"],\"@id\":\"https:\\\/\\\/www.jwinfo.ch\\\/temoins-de-jehovah\\\/#\\\/schema\\\/person\\\/f12be02b67245c15c4aa98d63006b08e\",\"name\":\"John Kucholl\",\"image\":{\"@type\":\"ImageObject\",\"inLanguage\":\"fr-FR\",\"@id\":\"https:\\\/\\\/secure.gravatar.com\\\/avatar\\\/f888e098f40f239395aac1fa5786df248e31c63f52895b4e4306f61faf896cf2?s=96&d=retro&r=g\",\"url\":\"https:\\\/\\\/secure.gravatar.com\\\/avatar\\\/f888e098f40f239395aac1fa5786df248e31c63f52895b4e4306f61faf896cf2?s=96&d=retro&r=g\",\"contentUrl\":\"https:\\\/\\\/secure.gravatar.com\\\/avatar\\\/f888e098f40f239395aac1fa5786df248e31c63f52895b4e4306f61faf896cf2?s=96&d=retro&r=g\",\"caption\":\"John Kucholl\"},\"logo\":{\"@id\":\"https:\\\/\\\/secure.gravatar.com\\\/avatar\\\/f888e098f40f239395aac1fa5786df248e31c63f52895b4e4306f61faf896cf2?s=96&d=retro&r=g\"}}]}<\/script>\n<!-- \/ Yoast SEO plugin. -->","yoast_head_json":{"title":"Les T\u00e9moins de J\u00e9hovah condamnent violemment la fausse religion","description":"D\u00e9couvrez l'agressivit\u00e9 avec laquelle les T\u00e9moins de J\u00e9hovah condamnent les autres religions et comment ils justifient leurs \u00e9checs","robots":{"index":"index","follow":"follow","max-snippet":"max-snippet:-1","max-image-preview":"max-image-preview:large","max-video-preview":"max-video-preview:-1"},"canonical":"https:\/\/www.jwinfo.ch\/temoins-de-jehovah\/polemiques\/la-fausse-religion\/","og_locale":"fr_FR","og_type":"article","og_title":"Les T\u00e9moins de J\u00e9hovah condamnent violemment la fausse religion","og_description":"D\u00e9couvrez l'agressivit\u00e9 avec laquelle les T\u00e9moins de J\u00e9hovah condamnent les autres religions et comment ils justifient leurs \u00e9checs","og_url":"https:\/\/www.jwinfo.ch\/temoins-de-jehovah\/polemiques\/la-fausse-religion\/","og_site_name":"JW info","article_modified_time":"2023-07-24T11:46:56+00:00","og_image":[{"width":300,"height":215,"url":"https:\/\/www.jwinfo.ch\/wp-content\/uploads\/2020\/12\/temoins-de-jehovah-la-fausse-religion.jpg","type":"image\/jpeg"}],"twitter_card":"summary_large_image","twitter_title":"Les T\u00e9moins de J\u00e9hovah condamnent violemment la fausse religion","twitter_description":"D\u00e9couvrez l'agressivit\u00e9 avec laquelle les T\u00e9moins de J\u00e9hovah condamnent les autres religions et comment ils justifient leurs \u00e9checs","twitter_image":"https:\/\/www.jwinfo.ch\/wp-content\/uploads\/2020\/12\/temoins-de-jehovah-la-fausse-religion.jpg","twitter_misc":{"Dur\u00e9e de lecture estim\u00e9e":"3 minutes"},"schema":{"@context":"https:\/\/schema.org","@graph":[{"@type":"WebPage","@id":"https:\/\/www.jwinfo.ch\/temoins-de-jehovah\/polemiques\/la-fausse-religion\/","url":"https:\/\/www.jwinfo.ch\/temoins-de-jehovah\/polemiques\/la-fausse-religion\/","name":"Les T\u00e9moins de J\u00e9hovah condamnent violemment la fausse religion","isPartOf":{"@id":"https:\/\/www.jwinfo.ch\/temoins-de-jehovah\/#website"},"primaryImageOfPage":{"@id":"https:\/\/www.jwinfo.ch\/temoins-de-jehovah\/polemiques\/la-fausse-religion\/#primaryimage"},"image":{"@id":"https:\/\/www.jwinfo.ch\/temoins-de-jehovah\/polemiques\/la-fausse-religion\/#primaryimage"},"thumbnailUrl":"https:\/\/www.jwinfo.ch\/wp-content\/uploads\/2023\/03\/la_fausse_religion_v3.png","datePublished":"2020-11-24T07:33:13+00:00","dateModified":"2023-07-24T11:46:56+00:00","description":"D\u00e9couvrez l'agressivit\u00e9 avec laquelle les T\u00e9moins de J\u00e9hovah condamnent les autres religions et comment ils justifient leurs \u00e9checs","breadcrumb":{"@id":"https:\/\/www.jwinfo.ch\/temoins-de-jehovah\/polemiques\/la-fausse-religion\/#breadcrumb"},"inLanguage":"fr-FR","potentialAction":[{"@type":"ReadAction","target":["https:\/\/www.jwinfo.ch\/temoins-de-jehovah\/polemiques\/la-fausse-religion\/"]}]},{"@type":"ImageObject","inLanguage":"fr-FR","@id":"https:\/\/www.jwinfo.ch\/temoins-de-jehovah\/polemiques\/la-fausse-religion\/#primaryimage","url":"https:\/\/www.jwinfo.ch\/wp-content\/uploads\/2023\/03\/la_fausse_religion_v3.png","contentUrl":"https:\/\/www.jwinfo.ch\/wp-content\/uploads\/2023\/03\/la_fausse_religion_v3.png","width":1200,"height":628,"caption":"La fausse religion selon les T\u00e9moins de J\u00e9hovah"},{"@type":"BreadcrumbList","@id":"https:\/\/www.jwinfo.ch\/temoins-de-jehovah\/polemiques\/la-fausse-religion\/#breadcrumb","itemListElement":[{"@type":"ListItem","position":1,"name":"Accueil","item":"https:\/\/www.jwinfo.ch\/temoins-de-jehovah\/"},{"@type":"ListItem","position":2,"name":"Pol\u00e9miques","item":"https:\/\/www.jwinfo.ch\/temoins-de-jehovah\/polemiques\/"},{"@type":"ListItem","position":3,"name":"La fausse religion"}]},{"@type":"WebSite","@id":"https:\/\/www.jwinfo.ch\/temoins-de-jehovah\/#website","url":"https:\/\/www.jwinfo.ch\/temoins-de-jehovah\/","name":"JW info","description":"Des faits pour comprendre l&#039;organisation et la doctrine des T\u00e9moins de J\u00e9hovah","publisher":{"@id":"https:\/\/www.jwinfo.ch\/temoins-de-jehovah\/#\/schema\/person\/f12be02b67245c15c4aa98d63006b08e"},"potentialAction":[{"@type":"SearchAction","target":{"@type":"EntryPoint","urlTemplate":"https:\/\/www.jwinfo.ch\/temoins-de-jehovah\/?s={search_term_string}"},"query-input":{"@type":"PropertyValueSpecification","valueRequired":true,"valueName":"search_term_string"}}],"inLanguage":"fr-FR"},{"@type":["Person","Organization"],"@id":"https:\/\/www.jwinfo.ch\/temoins-de-jehovah\/#\/schema\/person\/f12be02b67245c15c4aa98d63006b08e","name":"John Kucholl","image":{"@type":"ImageObject","inLanguage":"fr-FR","@id":"https:\/\/secure.gravatar.com\/avatar\/f888e098f40f239395aac1fa5786df248e31c63f52895b4e4306f61faf896cf2?s=96&d=retro&r=g","url":"https:\/\/secure.gravatar.com\/avatar\/f888e098f40f239395aac1fa5786df248e31c63f52895b4e4306f61faf896cf2?s=96&d=retro&r=g","contentUrl":"https:\/\/secure.gravatar.com\/avatar\/f888e098f40f239395aac1fa5786df248e31c63f52895b4e4306f61faf896cf2?s=96&d=retro&r=g","caption":"John Kucholl"},"logo":{"@id":"https:\/\/secure.gravatar.com\/avatar\/f888e098f40f239395aac1fa5786df248e31c63f52895b4e4306f61faf896cf2?s=96&d=retro&r=g"}}]}},"_links":{"self":[{"href":"https:\/\/www.jwinfo.ch\/temoins-de-jehovah\/wp-json\/wp\/v2\/pages\/310","targetHints":{"allow":["GET"]}}],"collection":[{"href":"https:\/\/www.jwinfo.ch\/temoins-de-jehovah\/wp-json\/wp\/v2\/pages"}],"about":[{"href":"https:\/\/www.jwinfo.ch\/temoins-de-jehovah\/wp-json\/wp\/v2\/types\/page"}],"author":[{"embeddable":true,"href":"https:\/\/www.jwinfo.ch\/temoins-de-jehovah\/wp-json\/wp\/v2\/users\/1"}],"replies":[{"embeddable":true,"href":"https:\/\/www.jwinfo.ch\/temoins-de-jehovah\/wp-json\/wp\/v2\/comments?post=310"}],"version-history":[{"count":39,"href":"https:\/\/www.jwinfo.ch\/temoins-de-jehovah\/wp-json\/wp\/v2\/pages\/310\/revisions"}],"predecessor-version":[{"id":6206,"href":"https:\/\/www.jwinfo.ch\/temoins-de-jehovah\/wp-json\/wp\/v2\/pages\/310\/revisions\/6206"}],"up":[{"embeddable":true,"href":"https:\/\/www.jwinfo.ch\/temoins-de-jehovah\/wp-json\/wp\/v2\/pages\/90"}],"wp:featuredmedia":[{"embeddable":true,"href":"https:\/\/www.jwinfo.ch\/temoins-de-jehovah\/wp-json\/wp\/v2\/media\/4231"}],"wp:attachment":[{"href":"https:\/\/www.jwinfo.ch\/temoins-de-jehovah\/wp-json\/wp\/v2\/media?parent=310"}],"wp:term":[{"taxonomy":"author","embeddable":true,"href":"https:\/\/www.jwinfo.ch\/temoins-de-jehovah\/wp-json\/wp\/v2\/ppma_author?post=310"}],"curies":[{"name":"wp","href":"https:\/\/api.w.org\/{rel}","templated":true}]}}