{"id":41,"date":"2020-11-20T20:47:11","date_gmt":"2020-11-20T20:47:11","guid":{"rendered":"http:\/\/localhost:8080\/?page_id=41"},"modified":"2024-04-19T10:46:11","modified_gmt":"2024-04-19T09:46:11","slug":"liens-utiles","status":"publish","type":"page","link":"https:\/\/www.jwinfo.ch\/temoins-de-jehovah\/liens-utiles\/","title":{"rendered":"Liens utiles"},"content":{"rendered":"<div class='pt-cv-wrapper'> <div class=\"pt-cv-view pt-cv-blockgrid iscvblock iscvreal grid1 layout2\" id=\"pt-cv-view-9w0dbyz3\"><div data-id=\"pt-cv-page-1\" class=\"pt-cv-page\" data-cvc=\"3\"><div class=\" pt-cv-content-item pt-cv-1-col\" ><div class=\"pt-cv-thumb-wrapper  \"><a href=\"https:\/\/www.jwinfo.ch\/temoins-de-jehovah\/communautes\/\" class=\"_self pt-cv-href-thumbnail pt-cv-thumb-default\" target=\"_self\" ><img decoding=\"async\" width=\"640\" height=\"335\" src=\"https:\/\/www.jwinfo.ch\/wp-content\/uploads\/2023\/03\/communautes_v2-768x402.png\" class=\"pt-cv-thumbnail\" alt=\"Les communaut\u00e9s d&#039;ex-t\u00e9moins de J\u00e9hovah\" \/><\/a><\/div>\n<div class=\"pt-cv-remain-wrapper\"><h4 class=\"pt-cv-title\"><a href=\"https:\/\/www.jwinfo.ch\/temoins-de-jehovah\/communautes\/\" class=\"_self\" target=\"_self\" >Communaut\u00e9s<\/a><\/h4><div class=\"pt-cv-content\">Reddit anglais des Ex-T\u00e9moins de J\u00e9hovah \/r\/exjw\/ + de 100000 membres Si vous voulez savoir absolument tout ce qui se &#8230;<\/div><div class=\"pt-cv-rmwrap\"><a href=\"https:\/\/www.jwinfo.ch\/temoins-de-jehovah\/communautes\/\" class=\"_self pt-cv-readmore btn btn-success\" target=\"_self\" >Lire la suite\u2026<\/a><\/div><\/div><\/div>\n<div class=\" pt-cv-content-item pt-cv-1-col\" ><div class=\"pt-cv-thumb-wrapper  \"><a href=\"https:\/\/www.jwinfo.ch\/temoins-de-jehovah\/liens-utiles\/contact\/\" class=\"_self pt-cv-href-thumbnail pt-cv-thumb-default\" target=\"_self\" ><img decoding=\"async\" width=\"640\" height=\"335\" src=\"https:\/\/www.jwinfo.ch\/wp-content\/uploads\/2023\/03\/contact-768x402.png\" class=\"pt-cv-thumbnail\" alt=\"Contactez jwinfo.ch\" \/><\/a><\/div>\n<div class=\"pt-cv-remain-wrapper\"><h4 class=\"pt-cv-title\"><a href=\"https:\/\/www.jwinfo.ch\/temoins-de-jehovah\/liens-utiles\/contact\/\" class=\"_self\" target=\"_self\" >Contact<\/a><\/h4><div class=\"pt-cv-content\">Besoin d&rsquo;aide ? La page suivante regroupe toutes les ressources utiles pour vous aider dans votre situation. Formulaire de contact &#8230;<\/div><div class=\"pt-cv-rmwrap\"><a href=\"https:\/\/www.jwinfo.ch\/temoins-de-jehovah\/liens-utiles\/contact\/\" class=\"_self pt-cv-readmore btn btn-success\" target=\"_self\" >Lire la suite\u2026<\/a><\/div><\/div><\/div>\n<div class=\" pt-cv-content-item pt-cv-1-col\" ><div class=\"pt-cv-thumb-wrapper  \"><a href=\"https:\/\/www.jwinfo.ch\/temoins-de-jehovah\/liens-utiles\/espace-commentaires\/\" class=\"_self pt-cv-href-thumbnail pt-cv-thumb-default\" target=\"_self\" ><img decoding=\"async\" width=\"640\" height=\"335\" src=\"https:\/\/www.jwinfo.ch\/wp-content\/uploads\/2023\/03\/laisser_un_commentaire-768x402.png\" class=\"pt-cv-thumbnail\" alt=\"Laissez un commentaire\" \/><\/a><\/div>\n<div class=\"pt-cv-remain-wrapper\"><h4 class=\"pt-cv-title\"><a href=\"https:\/\/www.jwinfo.ch\/temoins-de-jehovah\/liens-utiles\/espace-commentaires\/\" class=\"_self\" target=\"_self\" >Espace commentaires<\/a><\/h4><div class=\"pt-cv-content\">Vous pouvez sur cette page laisser vos commentaires\u202f! Aller \u00e0 la biblioth\u00e8que &#8230;<\/div><div class=\"pt-cv-rmwrap\"><a href=\"https:\/\/www.jwinfo.ch\/temoins-de-jehovah\/liens-utiles\/espace-commentaires\/\" class=\"_self pt-cv-readmore btn btn-success\" target=\"_self\" >Lire la suite\u2026<\/a><\/div><\/div><\/div>\n<div class=\" pt-cv-content-item pt-cv-1-col\" ><div class=\"pt-cv-thumb-wrapper  \"><a href=\"https:\/\/www.jwinfo.ch\/temoins-de-jehovah\/chat\/\" class=\"_self pt-cv-href-thumbnail pt-cv-thumb-default\" target=\"_self\" ><img decoding=\"async\" width=\"640\" height=\"335\" src=\"https:\/\/www.jwinfo.ch\/wp-content\/uploads\/2023\/03\/chat-768x402.png\" class=\"pt-cv-thumbnail\" alt=\"Chat sur jwinfo.ch\" \/><\/a><\/div>\n<div class=\"pt-cv-remain-wrapper\"><h4 class=\"pt-cv-title\"><a href=\"https:\/\/www.jwinfo.ch\/temoins-de-jehovah\/chat\/\" class=\"_self\" target=\"_self\" >Chat<\/a><\/h4><div class=\"pt-cv-content\">Rejoignez le groupe Facebook Ex-T\u00e9moins de J\u00e9hovah de Suisse: https:\/\/www.facebook.com\/groups\/3765745336854415 Continuer avec l&rsquo;espace des commentaires &#8230;<\/div><div class=\"pt-cv-rmwrap\"><a href=\"https:\/\/www.jwinfo.ch\/temoins-de-jehovah\/chat\/\" class=\"_self pt-cv-readmore btn btn-success\" target=\"_self\" >Lire la suite\u2026<\/a><\/div><\/div><\/div>\n<div class=\" pt-cv-content-item pt-cv-1-col\" ><div class=\"pt-cv-thumb-wrapper  \"><a href=\"https:\/\/www.jwinfo.ch\/temoins-de-jehovah\/temoignages\/\" class=\"_self pt-cv-href-thumbnail pt-cv-thumb-default\" target=\"_self\" ><img decoding=\"async\" width=\"640\" height=\"335\" src=\"https:\/\/www.jwinfo.ch\/wp-content\/uploads\/2023\/03\/Temoignages-768x402.png\" class=\"pt-cv-thumbnail\" alt=\"T\u00e9moignages d&#039;anciens T\u00e9moins de J\u00e9hovah\" \/><\/a><\/div>\n<div class=\"pt-cv-remain-wrapper\"><h4 class=\"pt-cv-title\"><a href=\"https:\/\/www.jwinfo.ch\/temoins-de-jehovah\/temoignages\/\" class=\"_self\" target=\"_self\" >T\u00e9moignages<\/a><\/h4><div class=\"pt-cv-content\">Cette page recense quelques t\u00e9moignages de personnes ayant \u00e9t\u00e9 T\u00e9moins de J\u00e9hovah. Vous en trouverez par ailleurs beaucoup d&rsquo;autres en &#8230;<\/div><div class=\"pt-cv-rmwrap\"><a href=\"https:\/\/www.jwinfo.ch\/temoins-de-jehovah\/temoignages\/\" class=\"_self pt-cv-readmore btn btn-success\" target=\"_self\" >Lire la suite\u2026<\/a><\/div><\/div><\/div>\n<div class=\" pt-cv-content-item pt-cv-1-col\" ><div class=\"pt-cv-thumb-wrapper  \"><a href=\"https:\/\/www.jwinfo.ch\/temoins-de-jehovah\/liens-utiles\/liens-externes\/\" class=\"_self pt-cv-href-thumbnail pt-cv-thumb-default\" target=\"_self\" ><img decoding=\"async\" width=\"640\" height=\"335\" src=\"https:\/\/www.jwinfo.ch\/wp-content\/uploads\/2023\/03\/liens_externes-768x402.png\" class=\"pt-cv-thumbnail\" alt=\"Liens externes sur les T\u00e9moins de J\u00e9hovah\" \/><\/a><\/div>\n<div class=\"pt-cv-remain-wrapper\"><h4 class=\"pt-cv-title\"><a href=\"https:\/\/www.jwinfo.ch\/temoins-de-jehovah\/liens-utiles\/liens-externes\/\" class=\"_self\" target=\"_self\" >Liens externes<\/a><\/h4><div class=\"pt-cv-content\">Sites suisses http:\/\/www.ex-temoinsdejehovah.org http:\/\/www.brooklyntower.com\/ Sites multilingues https:\/\/jwfacts.com\/ (le plus complet et factuel) https:\/\/www.verdadtj.com\/ (traduction en espagnol de jwfacts.com) https:\/\/stopmandatedshunning.org (campagne &#8230;<\/div><div class=\"pt-cv-rmwrap\"><a href=\"https:\/\/www.jwinfo.ch\/temoins-de-jehovah\/liens-utiles\/liens-externes\/\" class=\"_self pt-cv-readmore btn btn-success\" target=\"_self\" >Lire la suite\u2026<\/a><\/div><\/div><\/div>\n<div class=\" pt-cv-content-item pt-cv-1-col\" ><div class=\"pt-cv-thumb-wrapper  \"><a href=\"https:\/\/www.jwinfo.ch\/temoins-de-jehovah\/liens-utiles\/bibliotheque\/\" class=\"_self pt-cv-href-thumbnail pt-cv-thumb-default\" target=\"_self\" ><img decoding=\"async\" width=\"640\" height=\"335\" src=\"https:\/\/www.jwinfo.ch\/wp-content\/uploads\/2023\/06\/bibliotheque-768x402.png\" class=\"pt-cv-thumbnail\" alt=\"\" \/><\/a><\/div>\n<div class=\"pt-cv-remain-wrapper\"><h4 class=\"pt-cv-title\"><a href=\"https:\/\/www.jwinfo.ch\/temoins-de-jehovah\/liens-utiles\/bibliotheque\/\" class=\"_self\" target=\"_self\" >Biblioth\u00e8que<\/a><\/h4><div class=\"pt-cv-content\">\u00c9tudes dans les \u00c9critures La s\u00e9rie indispensable selon Charle Taze Russell pour comprendre la bible et les desseins de Dieu &#8230;<\/div><div class=\"pt-cv-rmwrap\"><a href=\"https:\/\/www.jwinfo.ch\/temoins-de-jehovah\/liens-utiles\/bibliotheque\/\" class=\"_self pt-cv-readmore btn btn-success\" target=\"_self\" >Lire la suite\u2026<\/a><\/div><\/div><\/div><\/div><\/div> <\/div> <style>\n\n#pt-cv-view-9w0dbyz3 .pt-cv-meta-fields {  }#pt-cv-view-9w0dbyz3 .pt-cv-meta-fields * { font-size: 13px; }#pt-cv-view-9w0dbyz3 .pt-cv-thumb-wrapper:not(.miniwrap) { width: 300px; }#pt-cv-view-9w0dbyz3 .pt-cv-thumbnail:not(.pt-cv-thumbnailsm) { height: 157px; }#pt-cv-view-9w0dbyz3 .pt-cv-title a { display: block; }#pt-cv-view-9w0dbyz3 .pt-cv-title:not(.pt-cv-titlesm) a { font-weight: 600;text-decoration: none;font-size: 20px; }#pt-cv-view-9w0dbyz3 .pt-cv-titlesm a { font-weight: 600;font-size: 18px; }#pt-cv-view-9w0dbyz3 .pt-cv-content { font-size: 15px; }#pt-cv-view-9w0dbyz3 .pt-cv-rmwrap {  }#pt-cv-view-9w0dbyz3 .pt-cv-readmore { color: #fff;background-color: #da291c;font-size: 14px; }#pt-cv-view-9w0dbyz3 .pt-cv-taxoterm {  }#pt-cv-view-9w0dbyz3 .pt-cv-taxoterm * { color: #222;background-color: #fff6f6;font-size: 14px; }#pt-cv-view-9w0dbyz3 + .pt-cv-pagination-wrapper {  }#pt-cv-view-9w0dbyz3 + .pt-cv-pagination-wrapper a { font-size: 14px; }#pt-cv-view-9w0dbyz3 > .pt-cv-page {grid-template-columns: repeat(3, 1fr);grid-gap: 20px;}\n@media all and (max-width: 1024px) { \n#pt-cv-view-9w0dbyz3 > .pt-cv-page {}\n} \n@media all and (max-width: 767px) { \n#pt-cv-view-9w0dbyz3 > .pt-cv-page {grid-template-columns: repeat(1, 1fr);}\n} <\/style>","protected":false},"excerpt":{"rendered":"","protected":false},"author":1,"featured_media":4260,"parent":0,"menu_order":20,"comment_status":"closed","ping_status":"closed","template":"","meta":{"footnotes":""},"ppma_author":[69],"class_list":["post-41","page","type-page","status-publish","has-post-thumbnail","hentry","author-chris"],"yoast_head":"<!-- This site is optimized with the Yoast SEO plugin v27.4 - https:\/\/yoast.com\/product\/yoast-seo-wordpress\/ -->\n<title>Liens utiles - JW info<\/title>\n<meta name=\"description\" content=\"Contact, espace commentaires, trouver de l&#039;aide, Identifier les sectes, politique de confidentialit\u00e9, politique des cookies.\" \/>\n<meta name=\"robots\" content=\"index, follow, max-snippet:-1, max-image-preview:large, max-video-preview:-1\" \/>\n<link rel=\"canonical\" href=\"https:\/\/www.jwinfo.ch\/temoins-de-jehovah\/liens-utiles\/\" \/>\n<meta property=\"og:locale\" content=\"fr_FR\" \/>\n<meta property=\"og:type\" content=\"article\" \/>\n<meta property=\"og:title\" content=\"Liens utiles - JW info\" \/>\n<meta property=\"og:description\" content=\"Contact, espace commentaires, trouver de l&#039;aide, Identifier les sectes, politique de confidentialit\u00e9, politique des cookies.\" \/>\n<meta property=\"og:url\" content=\"https:\/\/www.jwinfo.ch\/temoins-de-jehovah\/liens-utiles\/\" \/>\n<meta property=\"og:site_name\" content=\"JW info\" \/>\n<meta property=\"article:modified_time\" content=\"2024-04-19T09:46:11+00:00\" \/>\n<meta property=\"og:image\" content=\"https:\/\/www.jwinfo.ch\/wp-content\/uploads\/2023\/03\/Liens_utiles.png\" \/>\n\t<meta property=\"og:image:width\" content=\"1200\" \/>\n\t<meta property=\"og:image:height\" content=\"628\" \/>\n\t<meta property=\"og:image:type\" content=\"image\/png\" \/>\n<meta name=\"twitter:card\" content=\"summary_large_image\" \/>\n<meta name=\"twitter:image\" content=\"https:\/\/www.jwinfo.ch\/wp-content\/uploads\/2023\/03\/Liens_utiles.png\" \/>\n<meta name=\"twitter:label1\" content=\"Dur\u00e9e de lecture estim\u00e9e\" \/>\n\t<meta name=\"twitter:data1\" content=\"1 minute\" \/>\n<script type=\"application\/ld+json\" class=\"yoast-schema-graph\">{\"@context\":\"https:\\\/\\\/schema.org\",\"@graph\":[{\"@type\":\"WebPage\",\"@id\":\"https:\\\/\\\/www.jwinfo.ch\\\/temoins-de-jehovah\\\/liens-utiles\\\/\",\"url\":\"https:\\\/\\\/www.jwinfo.ch\\\/temoins-de-jehovah\\\/liens-utiles\\\/\",\"name\":\"Liens utiles - JW info\",\"isPartOf\":{\"@id\":\"https:\\\/\\\/www.jwinfo.ch\\\/temoins-de-jehovah\\\/#website\"},\"primaryImageOfPage\":{\"@id\":\"https:\\\/\\\/www.jwinfo.ch\\\/temoins-de-jehovah\\\/liens-utiles\\\/#primaryimage\"},\"image\":{\"@id\":\"https:\\\/\\\/www.jwinfo.ch\\\/temoins-de-jehovah\\\/liens-utiles\\\/#primaryimage\"},\"thumbnailUrl\":\"https:\\\/\\\/www.jwinfo.ch\\\/wp-content\\\/uploads\\\/2023\\\/03\\\/Liens_utiles.png\",\"datePublished\":\"2020-11-20T20:47:11+00:00\",\"dateModified\":\"2024-04-19T09:46:11+00:00\",\"description\":\"Contact, espace commentaires, trouver de l'aide, Identifier les sectes, politique de confidentialit\u00e9, politique des cookies.\",\"breadcrumb\":{\"@id\":\"https:\\\/\\\/www.jwinfo.ch\\\/temoins-de-jehovah\\\/liens-utiles\\\/#breadcrumb\"},\"inLanguage\":\"fr-FR\",\"potentialAction\":[{\"@type\":\"ReadAction\",\"target\":[\"https:\\\/\\\/www.jwinfo.ch\\\/temoins-de-jehovah\\\/liens-utiles\\\/\"]}]},{\"@type\":\"ImageObject\",\"inLanguage\":\"fr-FR\",\"@id\":\"https:\\\/\\\/www.jwinfo.ch\\\/temoins-de-jehovah\\\/liens-utiles\\\/#primaryimage\",\"url\":\"https:\\\/\\\/www.jwinfo.ch\\\/wp-content\\\/uploads\\\/2023\\\/03\\\/Liens_utiles.png\",\"contentUrl\":\"https:\\\/\\\/www.jwinfo.ch\\\/wp-content\\\/uploads\\\/2023\\\/03\\\/Liens_utiles.png\",\"width\":1200,\"height\":628,\"caption\":\"Liens utiles pour sortir des T\u00e9moins de J\u00e9hovah\"},{\"@type\":\"BreadcrumbList\",\"@id\":\"https:\\\/\\\/www.jwinfo.ch\\\/temoins-de-jehovah\\\/liens-utiles\\\/#breadcrumb\",\"itemListElement\":[{\"@type\":\"ListItem\",\"position\":1,\"name\":\"Accueil\",\"item\":\"https:\\\/\\\/www.jwinfo.ch\\\/temoins-de-jehovah\\\/\"},{\"@type\":\"ListItem\",\"position\":2,\"name\":\"Liens utiles\"}]},{\"@type\":\"WebSite\",\"@id\":\"https:\\\/\\\/www.jwinfo.ch\\\/temoins-de-jehovah\\\/#website\",\"url\":\"https:\\\/\\\/www.jwinfo.ch\\\/temoins-de-jehovah\\\/\",\"name\":\"JW info\",\"description\":\"Des faits pour comprendre l&#039;organisation et la doctrine des T\u00e9moins de J\u00e9hovah\",\"publisher\":{\"@id\":\"https:\\\/\\\/www.jwinfo.ch\\\/temoins-de-jehovah\\\/#\\\/schema\\\/person\\\/f12be02b67245c15c4aa98d63006b08e\"},\"potentialAction\":[{\"@type\":\"SearchAction\",\"target\":{\"@type\":\"EntryPoint\",\"urlTemplate\":\"https:\\\/\\\/www.jwinfo.ch\\\/temoins-de-jehovah\\\/?s={search_term_string}\"},\"query-input\":{\"@type\":\"PropertyValueSpecification\",\"valueRequired\":true,\"valueName\":\"search_term_string\"}}],\"inLanguage\":\"fr-FR\"},{\"@type\":[\"Person\",\"Organization\"],\"@id\":\"https:\\\/\\\/www.jwinfo.ch\\\/temoins-de-jehovah\\\/#\\\/schema\\\/person\\\/f12be02b67245c15c4aa98d63006b08e\",\"name\":\"John Kucholl\",\"image\":{\"@type\":\"ImageObject\",\"inLanguage\":\"fr-FR\",\"@id\":\"https:\\\/\\\/secure.gravatar.com\\\/avatar\\\/f888e098f40f239395aac1fa5786df248e31c63f52895b4e4306f61faf896cf2?s=96&d=retro&r=g\",\"url\":\"https:\\\/\\\/secure.gravatar.com\\\/avatar\\\/f888e098f40f239395aac1fa5786df248e31c63f52895b4e4306f61faf896cf2?s=96&d=retro&r=g\",\"contentUrl\":\"https:\\\/\\\/secure.gravatar.com\\\/avatar\\\/f888e098f40f239395aac1fa5786df248e31c63f52895b4e4306f61faf896cf2?s=96&d=retro&r=g\",\"caption\":\"John Kucholl\"},\"logo\":{\"@id\":\"https:\\\/\\\/secure.gravatar.com\\\/avatar\\\/f888e098f40f239395aac1fa5786df248e31c63f52895b4e4306f61faf896cf2?s=96&d=retro&r=g\"}}]}<\/script>\n<!-- \/ Yoast SEO plugin. -->","yoast_head_json":{"title":"Liens utiles - JW info","description":"Contact, espace commentaires, trouver de l'aide, Identifier les sectes, politique de confidentialit\u00e9, politique des cookies.","robots":{"index":"index","follow":"follow","max-snippet":"max-snippet:-1","max-image-preview":"max-image-preview:large","max-video-preview":"max-video-preview:-1"},"canonical":"https:\/\/www.jwinfo.ch\/temoins-de-jehovah\/liens-utiles\/","og_locale":"fr_FR","og_type":"article","og_title":"Liens utiles - JW info","og_description":"Contact, espace commentaires, trouver de l'aide, Identifier les sectes, politique de confidentialit\u00e9, politique des cookies.","og_url":"https:\/\/www.jwinfo.ch\/temoins-de-jehovah\/liens-utiles\/","og_site_name":"JW info","article_modified_time":"2024-04-19T09:46:11+00:00","og_image":[{"width":1200,"height":628,"url":"https:\/\/www.jwinfo.ch\/wp-content\/uploads\/2023\/03\/Liens_utiles.png","type":"image\/png"}],"twitter_card":"summary_large_image","twitter_image":"https:\/\/www.jwinfo.ch\/wp-content\/uploads\/2023\/03\/Liens_utiles.png","twitter_misc":{"Dur\u00e9e de lecture estim\u00e9e":"1 minute"},"schema":{"@context":"https:\/\/schema.org","@graph":[{"@type":"WebPage","@id":"https:\/\/www.jwinfo.ch\/temoins-de-jehovah\/liens-utiles\/","url":"https:\/\/www.jwinfo.ch\/temoins-de-jehovah\/liens-utiles\/","name":"Liens utiles - JW info","isPartOf":{"@id":"https:\/\/www.jwinfo.ch\/temoins-de-jehovah\/#website"},"primaryImageOfPage":{"@id":"https:\/\/www.jwinfo.ch\/temoins-de-jehovah\/liens-utiles\/#primaryimage"},"image":{"@id":"https:\/\/www.jwinfo.ch\/temoins-de-jehovah\/liens-utiles\/#primaryimage"},"thumbnailUrl":"https:\/\/www.jwinfo.ch\/wp-content\/uploads\/2023\/03\/Liens_utiles.png","datePublished":"2020-11-20T20:47:11+00:00","dateModified":"2024-04-19T09:46:11+00:00","description":"Contact, espace commentaires, trouver de l'aide, Identifier les sectes, politique de confidentialit\u00e9, politique des cookies.","breadcrumb":{"@id":"https:\/\/www.jwinfo.ch\/temoins-de-jehovah\/liens-utiles\/#breadcrumb"},"inLanguage":"fr-FR","potentialAction":[{"@type":"ReadAction","target":["https:\/\/www.jwinfo.ch\/temoins-de-jehovah\/liens-utiles\/"]}]},{"@type":"ImageObject","inLanguage":"fr-FR","@id":"https:\/\/www.jwinfo.ch\/temoins-de-jehovah\/liens-utiles\/#primaryimage","url":"https:\/\/www.jwinfo.ch\/wp-content\/uploads\/2023\/03\/Liens_utiles.png","contentUrl":"https:\/\/www.jwinfo.ch\/wp-content\/uploads\/2023\/03\/Liens_utiles.png","width":1200,"height":628,"caption":"Liens utiles pour sortir des T\u00e9moins de J\u00e9hovah"},{"@type":"BreadcrumbList","@id":"https:\/\/www.jwinfo.ch\/temoins-de-jehovah\/liens-utiles\/#breadcrumb","itemListElement":[{"@type":"ListItem","position":1,"name":"Accueil","item":"https:\/\/www.jwinfo.ch\/temoins-de-jehovah\/"},{"@type":"ListItem","position":2,"name":"Liens utiles"}]},{"@type":"WebSite","@id":"https:\/\/www.jwinfo.ch\/temoins-de-jehovah\/#website","url":"https:\/\/www.jwinfo.ch\/temoins-de-jehovah\/","name":"JW info","description":"Des faits pour comprendre l&#039;organisation et la doctrine des T\u00e9moins de J\u00e9hovah","publisher":{"@id":"https:\/\/www.jwinfo.ch\/temoins-de-jehovah\/#\/schema\/person\/f12be02b67245c15c4aa98d63006b08e"},"potentialAction":[{"@type":"SearchAction","target":{"@type":"EntryPoint","urlTemplate":"https:\/\/www.jwinfo.ch\/temoins-de-jehovah\/?s={search_term_string}"},"query-input":{"@type":"PropertyValueSpecification","valueRequired":true,"valueName":"search_term_string"}}],"inLanguage":"fr-FR"},{"@type":["Person","Organization"],"@id":"https:\/\/www.jwinfo.ch\/temoins-de-jehovah\/#\/schema\/person\/f12be02b67245c15c4aa98d63006b08e","name":"John Kucholl","image":{"@type":"ImageObject","inLanguage":"fr-FR","@id":"https:\/\/secure.gravatar.com\/avatar\/f888e098f40f239395aac1fa5786df248e31c63f52895b4e4306f61faf896cf2?s=96&d=retro&r=g","url":"https:\/\/secure.gravatar.com\/avatar\/f888e098f40f239395aac1fa5786df248e31c63f52895b4e4306f61faf896cf2?s=96&d=retro&r=g","contentUrl":"https:\/\/secure.gravatar.com\/avatar\/f888e098f40f239395aac1fa5786df248e31c63f52895b4e4306f61faf896cf2?s=96&d=retro&r=g","caption":"John Kucholl"},"logo":{"@id":"https:\/\/secure.gravatar.com\/avatar\/f888e098f40f239395aac1fa5786df248e31c63f52895b4e4306f61faf896cf2?s=96&d=retro&r=g"}}]}},"_links":{"self":[{"href":"https:\/\/www.jwinfo.ch\/temoins-de-jehovah\/wp-json\/wp\/v2\/pages\/41","targetHints":{"allow":["GET"]}}],"collection":[{"href":"https:\/\/www.jwinfo.ch\/temoins-de-jehovah\/wp-json\/wp\/v2\/pages"}],"about":[{"href":"https:\/\/www.jwinfo.ch\/temoins-de-jehovah\/wp-json\/wp\/v2\/types\/page"}],"author":[{"embeddable":true,"href":"https:\/\/www.jwinfo.ch\/temoins-de-jehovah\/wp-json\/wp\/v2\/users\/1"}],"replies":[{"embeddable":true,"href":"https:\/\/www.jwinfo.ch\/temoins-de-jehovah\/wp-json\/wp\/v2\/comments?post=41"}],"version-history":[{"count":25,"href":"https:\/\/www.jwinfo.ch\/temoins-de-jehovah\/wp-json\/wp\/v2\/pages\/41\/revisions"}],"predecessor-version":[{"id":10154,"href":"https:\/\/www.jwinfo.ch\/temoins-de-jehovah\/wp-json\/wp\/v2\/pages\/41\/revisions\/10154"}],"wp:featuredmedia":[{"embeddable":true,"href":"https:\/\/www.jwinfo.ch\/temoins-de-jehovah\/wp-json\/wp\/v2\/media\/4260"}],"wp:attachment":[{"href":"https:\/\/www.jwinfo.ch\/temoins-de-jehovah\/wp-json\/wp\/v2\/media?parent=41"}],"wp:term":[{"taxonomy":"author","embeddable":true,"href":"https:\/\/www.jwinfo.ch\/temoins-de-jehovah\/wp-json\/wp\/v2\/ppma_author?post=41"}],"curies":[{"name":"wp","href":"https:\/\/api.w.org\/{rel}","templated":true}]}}