{"id":421,"date":"2020-11-26T20:20:18","date_gmt":"2020-11-26T20:20:18","guid":{"rendered":"http:\/\/www.jwinfo.ch\/?page_id=421"},"modified":"2024-04-20T14:32:33","modified_gmt":"2024-04-20T13:32:33","slug":"turnover","status":"publish","type":"page","link":"https:\/\/www.jwinfo.ch\/temoins-de-jehovah\/polemiques\/turnover\/","title":{"rendered":"Turnover"},"content":{"rendered":"\n<p>Les T\u00e9moins de J\u00e9hovah ont un turnover extr\u00eamement \u00e9lev\u00e9. Le taux de rotation est d&rsquo;environ <strong>2\/3<\/strong>. Cela signifie que 2\/3 des personnes qui avaient \u00e9t\u00e9 \u00e9lev\u00e9es T\u00e9moin de J\u00e9hovah ne le sont plus. <\/p>\n\n\n\n<blockquote class=\"wp-block-quote is-layout-flow wp-block-quote-is-layout-flow\">\n<p>Un exemple encore plus extr\u00eame de ce que l&rsquo;on pourrait appeler le \u00ab\u00a0renouvellement masqu\u00e9\u00a0\u00bb est celui des T\u00e9moins de J\u00e9hovah, relativement petits, dont le taux de renouvellement est d&rsquo;environ deux tiers. Cela signifie que les deux tiers des personnes qui ont d\u00e9clar\u00e9 \u00e0 Pew avoir \u00e9t\u00e9 \u00e9lev\u00e9es comme T\u00e9moins de J\u00e9hovah ne le sont plus.<\/p>\n<cite><a href=\"https:\/\/content.time.com\/time\/nation\/article\/0,8599,1716987,00.html\" target=\"_blank\" rel=\"noreferrer noopener\">Le Time &#8211; America&rsquo;s Unfaithful Faithful<\/a> &#8211; 25 f\u00e9vrier 2008<\/cite><\/blockquote>\n\n\n\n<blockquote class=\"wp-block-quote is-layout-flow wp-block-quote-is-layout-flow\">\n<p><strong>Nombre d&rsquo;adultes par identification religieuse actuelle et ant\u00e9rieure, 2001<\/strong><\/p>\n\n\n\n<p><strong>T\u00e9moins de J\u00e9hovah<\/strong><\/p>\n\n\n\n<ul class=\"wp-block-list\">\n<li>Nombre actuel: 1,331,000<\/li>\n\n\n\n<li>Switched-in (convertis) : <strong>517,540<\/strong><\/li>\n\n\n\n<li>% Switched in (% de convertis): <strong>39%<\/strong><\/li>\n\n\n\n<li>Religion avant: 1,194,443<\/li>\n\n\n\n<li>Switched-out (sortants \/ apostats) : <strong>380,983<\/strong><\/li>\n\n\n\n<li>% Switched out (% de sortants \/ apostats): <strong>32%<\/strong><\/li>\n\n\n\n<li>Gain net (perte): 11%<\/li>\n<\/ul>\n\n\n\n<p>Certains groupes comme les mormons et les t\u00e9moins de J\u00e9hovah semblent attirer un grand nombre de personnes. de convertis (\u00ab in-switchers \u00bb), mais aussi un nombre presque aussi grand d&rsquo;apostats (\u00ab out-switchers \u00bb).<\/p>\n<cite><a href=\"https:\/\/www.jwinfo.ch\/wp-content\/uploads\/2023\/09\/ARIS-2001-report-complete.pdf\" target=\"_blank\" rel=\"noreferrer noopener\">Pages 25 et 25 du rapport ARIS am\u00e9ricain de 2001<\/a><\/cite><\/blockquote>\n\n\n\n<p>Comment ce turnover est calcul\u00e9\u202f? Les T\u00e9moins de J\u00e9hovah publient chaque ann\u00e9e <a rel=\"noreferrer noopener\" href=\"https:\/\/www.jw.org\/fr\/biblioth%C3%A8que\/livres\/rapport-annee-service-2019\/chiffres-de-2019\/\" target=\"_blank\">sur leur site<\/a> les statistiques les concernant, d&rsquo;une fa\u00e7on tr\u00e8s particuli\u00e8re d&rsquo;ailleurs, puisque nous ne trouvons pas de statistiques concernant le<strong> nombre de baptis\u00e9s.<\/strong><\/p>\n\n\n\n<p>Mais comment identifier indirectement le turnover\u202f? Il faut prendre les chiffres des diff\u00e9rentes ann\u00e9es et comparer le <strong>nombre de bapt\u00eames<\/strong> avec <strong>le nombre de proclamateurs<\/strong>. Il y a effectivement plein de <strong>disparus<\/strong> quand on croise les chiffres. <\/p>\n\n\n\n<p>Prenons les chiffres pour la Suisse&nbsp;:<\/p>\n\n\n\n<ul class=\"wp-block-list\">\n<li>Ann\u00e9e 2018&nbsp;: 19354 proclamateurs dont 240 Bapt\u00eames<\/li>\n\n\n\n<li>Ann\u00e9e 2019&nbsp;: 19281 proclamateurs dont 251 bapt\u00eames<\/li>\n\n\n\n<li>Ann\u00e9e 2020 : 19082 proclamateurs dont 301 bapt\u00eames <\/li>\n<\/ul>\n\n\n\n<p>Le calcul \u00e0 faire est le suivant<\/p>\n\n\n\n<ul class=\"wp-block-list\">\n<li>19354  + 251 = 19605<\/li>\n\n\n\n<li>19605 &#8211; 19281 = <strong>324 disparus en 2019<\/strong><\/li>\n\n\n\n<li>19281 + 301 = 19582<\/li>\n\n\n\n<li>19582 &#8211; 19082 = <strong>500 disparus en 2020<\/strong><\/li>\n<\/ul>\n\n\n\n<p>Voir aussi:<\/p>\n\n\n<div class='pt-cv-wrapper'> <div class=\"pt-cv-view pt-cv-blockgrid iscvblock iscvreal grid1 layout2\" id=\"pt-cv-view-310imnpe\"><div data-id=\"pt-cv-page-1\" class=\"pt-cv-page\" data-cvc=\"3\"><div class=\" pt-cv-content-item pt-cv-1-col\" ><div class=\"pt-cv-thumb-wrapper  \"><a href=\"https:\/\/www.jwinfo.ch\/temoins-de-jehovah\/2023\/08\/nombre-de-temoins-de-jehovah-en-2023-et-analyse-des-statistiques\/\" class=\"_self pt-cv-href-thumbnail pt-cv-thumb-default\" target=\"_self\" ><img decoding=\"async\" width=\"640\" height=\"335\" src=\"https:\/\/www.jwinfo.ch\/wp-content\/uploads\/2023\/08\/tj_2023_stats-768x402.png\" class=\"pt-cv-thumbnail\" alt=\"\" \/><\/a><\/div>\n<div class=\"pt-cv-remain-wrapper\"><h4 class=\"pt-cv-title\"><a href=\"https:\/\/www.jwinfo.ch\/temoins-de-jehovah\/2023\/08\/nombre-de-temoins-de-jehovah-en-2023-et-analyse-des-statistiques\/\" class=\"_self\" target=\"_self\" >Nombre de T\u00e9moins de J\u00e9hovah en 2023 et analyse des statistiques<\/a><\/h4><div class=\"pt-cv-rmwrap\"><a href=\"https:\/\/www.jwinfo.ch\/temoins-de-jehovah\/2023\/08\/nombre-de-temoins-de-jehovah-en-2023-et-analyse-des-statistiques\/\" class=\"_self pt-cv-readmore btn btn-success\" target=\"_self\" >Lire la suite\u2026<\/a><\/div><\/div><\/div><\/div><\/div> <\/div> <style>\n\n#pt-cv-view-310imnpe .pt-cv-meta-fields {  }#pt-cv-view-310imnpe .pt-cv-meta-fields * { font-size: 13px; }#pt-cv-view-310imnpe .pt-cv-thumb-wrapper:not(.miniwrap) { width: 300px; }#pt-cv-view-310imnpe .pt-cv-thumbnail:not(.pt-cv-thumbnailsm) { height: 157px; }#pt-cv-view-310imnpe .pt-cv-title a { display: block; }#pt-cv-view-310imnpe .pt-cv-title:not(.pt-cv-titlesm) a { font-weight: 600;text-decoration: none;font-size: 20px; }#pt-cv-view-310imnpe .pt-cv-titlesm a { font-weight: 600;font-size: 18px; }#pt-cv-view-310imnpe .pt-cv-content { font-size: 15px; }#pt-cv-view-310imnpe .pt-cv-rmwrap {  }#pt-cv-view-310imnpe .pt-cv-readmore { color: #fff;background-color: #da291c;font-size: 14px; }#pt-cv-view-310imnpe .pt-cv-taxoterm {  }#pt-cv-view-310imnpe .pt-cv-taxoterm * { color: #222;background-color: #fff6f6;font-size: 14px; }#pt-cv-view-310imnpe + .pt-cv-pagination-wrapper {  }#pt-cv-view-310imnpe + .pt-cv-pagination-wrapper a { font-size: 14px; }#pt-cv-view-310imnpe > .pt-cv-page {grid-template-columns: repeat(3, 1fr);grid-gap: 20px;}\n@media all and (max-width: 1024px) { \n#pt-cv-view-310imnpe > .pt-cv-page {}\n} \n@media all and (max-width: 767px) { \n#pt-cv-view-310imnpe > .pt-cv-page {grid-template-columns: repeat(1, 1fr);}\n} <\/style>\n\n\n<p>Autres sources :<\/p>\n\n\n\n<p><a href=\"https:\/\/www.jwfacts.com\/watchtower\/statistics.php\" target=\"_blank\" rel=\"noreferrer noopener\">JW Facts &#8211; statistiques<\/a><\/p>\n\n\n\n<p>Il faut prendre en consid\u00e9ration aussi le fait que les T\u00e9moins de J\u00e9hovah reportent un peu plus d&rsquo;<strong>un milliard d&rsquo;heures de pr\u00e9dication par an.<\/strong><\/p>\n\n\n\n<hr class=\"wp-block-separator has-css-opacity\"\/>\n\n\n\n<p><a href=\"https:\/\/www.jwinfo.ch\/temoins-de-jehovah\/polemiques\/activisme\/\">Continuer avec l&rsquo;activisme \u00e0 l&rsquo;encontre des T\u00e9moins de J\u00e9hovah<\/a><\/p>\n","protected":false},"excerpt":{"rendered":"<p>Les T\u00e9moins de J\u00e9hovah ont un turnover extr\u00eamement \u00e9lev\u00e9. Le taux de rotation est d&rsquo;environ 2\/3. Cela signifie que 2\/3 des personnes qui avaient \u00e9t\u00e9<\/p>\n","protected":false},"author":1,"featured_media":4333,"parent":90,"menu_order":20,"comment_status":"closed","ping_status":"closed","template":"","meta":{"footnotes":""},"ppma_author":[69],"class_list":["post-421","page","type-page","status-publish","has-post-thumbnail","hentry","author-chris"],"yoast_head":"<!-- This site is optimized with the Yoast SEO plugin v27.3 - https:\/\/yoast.com\/product\/yoast-seo-wordpress\/ -->\n<title>Les T\u00e9moins de J\u00e9hovah ont un turnover extr\u00eamement \u00e9lev\u00e9<\/title>\n<meta name=\"description\" content=\"Le nombre d&#039;adeptes qui quitte l&#039;organisation est calcul\u00e9 \u00e0 2\/3. Cela en fait l&#039;une des religions avec le plus de turnover au monde.\" \/>\n<meta name=\"robots\" content=\"index, follow, max-snippet:-1, max-image-preview:large, max-video-preview:-1\" \/>\n<link rel=\"canonical\" href=\"https:\/\/www.jwinfo.ch\/temoins-de-jehovah\/polemiques\/turnover\/\" \/>\n<meta property=\"og:locale\" content=\"fr_FR\" \/>\n<meta property=\"og:type\" content=\"article\" \/>\n<meta property=\"og:title\" content=\"Les T\u00e9moins de J\u00e9hovah ont un turnover extr\u00eamement \u00e9lev\u00e9\" \/>\n<meta property=\"og:description\" content=\"Le nombre d&#039;adeptes qui quitte l&#039;organisation est calcul\u00e9 \u00e0 2\/3. Cela en fait l&#039;une des religions avec le plus de turnover au monde.\" \/>\n<meta property=\"og:url\" content=\"https:\/\/www.jwinfo.ch\/temoins-de-jehovah\/polemiques\/turnover\/\" \/>\n<meta property=\"og:site_name\" content=\"JW info\" \/>\n<meta property=\"article:modified_time\" content=\"2024-04-20T13:32:33+00:00\" \/>\n<meta property=\"og:image\" content=\"https:\/\/www.jwinfo.ch\/wp-content\/uploads\/2023\/03\/turnover_chez_les_temoins_de_jehovah_v2.png\" \/>\n\t<meta property=\"og:image:width\" content=\"1200\" \/>\n\t<meta property=\"og:image:height\" content=\"628\" \/>\n\t<meta property=\"og:image:type\" content=\"image\/png\" \/>\n<meta name=\"twitter:card\" content=\"summary_large_image\" \/>\n<meta name=\"twitter:title\" content=\"Les T\u00e9moins de J\u00e9hovah ont un turnover extr\u00eamement \u00e9lev\u00e9\" \/>\n<meta name=\"twitter:description\" content=\"Le nombre d&#039;adeptes qui quitte l&#039;organisation est calcul\u00e9 \u00e0 2\/3. Cela en fait l&#039;une des religions avec le plus de turnover au monde.\" \/>\n<meta name=\"twitter:image\" content=\"https:\/\/www.jwinfo.ch\/wp-content\/uploads\/2023\/03\/turnover_chez_les_temoins_de_jehovah_v2.png\" \/>\n<meta name=\"twitter:label1\" content=\"Dur\u00e9e de lecture estim\u00e9e\" \/>\n\t<meta name=\"twitter:data1\" content=\"2 minutes\" \/>\n<script type=\"application\/ld+json\" class=\"yoast-schema-graph\">{\"@context\":\"https:\\\/\\\/schema.org\",\"@graph\":[{\"@type\":\"WebPage\",\"@id\":\"https:\\\/\\\/www.jwinfo.ch\\\/temoins-de-jehovah\\\/polemiques\\\/turnover\\\/\",\"url\":\"https:\\\/\\\/www.jwinfo.ch\\\/temoins-de-jehovah\\\/polemiques\\\/turnover\\\/\",\"name\":\"Les T\u00e9moins de J\u00e9hovah ont un turnover extr\u00eamement \u00e9lev\u00e9\",\"isPartOf\":{\"@id\":\"https:\\\/\\\/www.jwinfo.ch\\\/temoins-de-jehovah\\\/#website\"},\"primaryImageOfPage\":{\"@id\":\"https:\\\/\\\/www.jwinfo.ch\\\/temoins-de-jehovah\\\/polemiques\\\/turnover\\\/#primaryimage\"},\"image\":{\"@id\":\"https:\\\/\\\/www.jwinfo.ch\\\/temoins-de-jehovah\\\/polemiques\\\/turnover\\\/#primaryimage\"},\"thumbnailUrl\":\"https:\\\/\\\/www.jwinfo.ch\\\/wp-content\\\/uploads\\\/2023\\\/03\\\/turnover_chez_les_temoins_de_jehovah_v2.png\",\"datePublished\":\"2020-11-26T20:20:18+00:00\",\"dateModified\":\"2024-04-20T13:32:33+00:00\",\"description\":\"Le nombre d'adeptes qui quitte l'organisation est calcul\u00e9 \u00e0 2\\\/3. Cela en fait l'une des religions avec le plus de turnover au monde.\",\"breadcrumb\":{\"@id\":\"https:\\\/\\\/www.jwinfo.ch\\\/temoins-de-jehovah\\\/polemiques\\\/turnover\\\/#breadcrumb\"},\"inLanguage\":\"fr-FR\",\"potentialAction\":[{\"@type\":\"ReadAction\",\"target\":[\"https:\\\/\\\/www.jwinfo.ch\\\/temoins-de-jehovah\\\/polemiques\\\/turnover\\\/\"]}]},{\"@type\":\"ImageObject\",\"inLanguage\":\"fr-FR\",\"@id\":\"https:\\\/\\\/www.jwinfo.ch\\\/temoins-de-jehovah\\\/polemiques\\\/turnover\\\/#primaryimage\",\"url\":\"https:\\\/\\\/www.jwinfo.ch\\\/wp-content\\\/uploads\\\/2023\\\/03\\\/turnover_chez_les_temoins_de_jehovah_v2.png\",\"contentUrl\":\"https:\\\/\\\/www.jwinfo.ch\\\/wp-content\\\/uploads\\\/2023\\\/03\\\/turnover_chez_les_temoins_de_jehovah_v2.png\",\"width\":1200,\"height\":628,\"caption\":\"Turnover chez les T\u00e9moins de J\u00e9hovah\"},{\"@type\":\"BreadcrumbList\",\"@id\":\"https:\\\/\\\/www.jwinfo.ch\\\/temoins-de-jehovah\\\/polemiques\\\/turnover\\\/#breadcrumb\",\"itemListElement\":[{\"@type\":\"ListItem\",\"position\":1,\"name\":\"Accueil\",\"item\":\"https:\\\/\\\/www.jwinfo.ch\\\/temoins-de-jehovah\\\/\"},{\"@type\":\"ListItem\",\"position\":2,\"name\":\"Pol\u00e9miques\",\"item\":\"https:\\\/\\\/www.jwinfo.ch\\\/temoins-de-jehovah\\\/polemiques\\\/\"},{\"@type\":\"ListItem\",\"position\":3,\"name\":\"Turnover\"}]},{\"@type\":\"WebSite\",\"@id\":\"https:\\\/\\\/www.jwinfo.ch\\\/temoins-de-jehovah\\\/#website\",\"url\":\"https:\\\/\\\/www.jwinfo.ch\\\/temoins-de-jehovah\\\/\",\"name\":\"JW info\",\"description\":\"Des faits pour comprendre l&#039;organisation et la doctrine des T\u00e9moins de J\u00e9hovah\",\"publisher\":{\"@id\":\"https:\\\/\\\/www.jwinfo.ch\\\/temoins-de-jehovah\\\/#\\\/schema\\\/person\\\/f12be02b67245c15c4aa98d63006b08e\"},\"potentialAction\":[{\"@type\":\"SearchAction\",\"target\":{\"@type\":\"EntryPoint\",\"urlTemplate\":\"https:\\\/\\\/www.jwinfo.ch\\\/temoins-de-jehovah\\\/?s={search_term_string}\"},\"query-input\":{\"@type\":\"PropertyValueSpecification\",\"valueRequired\":true,\"valueName\":\"search_term_string\"}}],\"inLanguage\":\"fr-FR\"},{\"@type\":[\"Person\",\"Organization\"],\"@id\":\"https:\\\/\\\/www.jwinfo.ch\\\/temoins-de-jehovah\\\/#\\\/schema\\\/person\\\/f12be02b67245c15c4aa98d63006b08e\",\"name\":\"John Kucholl\",\"image\":{\"@type\":\"ImageObject\",\"inLanguage\":\"fr-FR\",\"@id\":\"https:\\\/\\\/secure.gravatar.com\\\/avatar\\\/f888e098f40f239395aac1fa5786df248e31c63f52895b4e4306f61faf896cf2?s=96&d=retro&r=g\",\"url\":\"https:\\\/\\\/secure.gravatar.com\\\/avatar\\\/f888e098f40f239395aac1fa5786df248e31c63f52895b4e4306f61faf896cf2?s=96&d=retro&r=g\",\"contentUrl\":\"https:\\\/\\\/secure.gravatar.com\\\/avatar\\\/f888e098f40f239395aac1fa5786df248e31c63f52895b4e4306f61faf896cf2?s=96&d=retro&r=g\",\"caption\":\"John Kucholl\"},\"logo\":{\"@id\":\"https:\\\/\\\/secure.gravatar.com\\\/avatar\\\/f888e098f40f239395aac1fa5786df248e31c63f52895b4e4306f61faf896cf2?s=96&d=retro&r=g\"}}]}<\/script>\n<!-- \/ Yoast SEO plugin. -->","yoast_head_json":{"title":"Les T\u00e9moins de J\u00e9hovah ont un turnover extr\u00eamement \u00e9lev\u00e9","description":"Le nombre d'adeptes qui quitte l'organisation est calcul\u00e9 \u00e0 2\/3. Cela en fait l'une des religions avec le plus de turnover au monde.","robots":{"index":"index","follow":"follow","max-snippet":"max-snippet:-1","max-image-preview":"max-image-preview:large","max-video-preview":"max-video-preview:-1"},"canonical":"https:\/\/www.jwinfo.ch\/temoins-de-jehovah\/polemiques\/turnover\/","og_locale":"fr_FR","og_type":"article","og_title":"Les T\u00e9moins de J\u00e9hovah ont un turnover extr\u00eamement \u00e9lev\u00e9","og_description":"Le nombre d'adeptes qui quitte l'organisation est calcul\u00e9 \u00e0 2\/3. Cela en fait l'une des religions avec le plus de turnover au monde.","og_url":"https:\/\/www.jwinfo.ch\/temoins-de-jehovah\/polemiques\/turnover\/","og_site_name":"JW info","article_modified_time":"2024-04-20T13:32:33+00:00","og_image":[{"width":1200,"height":628,"url":"https:\/\/www.jwinfo.ch\/wp-content\/uploads\/2023\/03\/turnover_chez_les_temoins_de_jehovah_v2.png","type":"image\/png"}],"twitter_card":"summary_large_image","twitter_title":"Les T\u00e9moins de J\u00e9hovah ont un turnover extr\u00eamement \u00e9lev\u00e9","twitter_description":"Le nombre d'adeptes qui quitte l'organisation est calcul\u00e9 \u00e0 2\/3. Cela en fait l'une des religions avec le plus de turnover au monde.","twitter_image":"https:\/\/www.jwinfo.ch\/wp-content\/uploads\/2023\/03\/turnover_chez_les_temoins_de_jehovah_v2.png","twitter_misc":{"Dur\u00e9e de lecture estim\u00e9e":"2 minutes"},"schema":{"@context":"https:\/\/schema.org","@graph":[{"@type":"WebPage","@id":"https:\/\/www.jwinfo.ch\/temoins-de-jehovah\/polemiques\/turnover\/","url":"https:\/\/www.jwinfo.ch\/temoins-de-jehovah\/polemiques\/turnover\/","name":"Les T\u00e9moins de J\u00e9hovah ont un turnover extr\u00eamement \u00e9lev\u00e9","isPartOf":{"@id":"https:\/\/www.jwinfo.ch\/temoins-de-jehovah\/#website"},"primaryImageOfPage":{"@id":"https:\/\/www.jwinfo.ch\/temoins-de-jehovah\/polemiques\/turnover\/#primaryimage"},"image":{"@id":"https:\/\/www.jwinfo.ch\/temoins-de-jehovah\/polemiques\/turnover\/#primaryimage"},"thumbnailUrl":"https:\/\/www.jwinfo.ch\/wp-content\/uploads\/2023\/03\/turnover_chez_les_temoins_de_jehovah_v2.png","datePublished":"2020-11-26T20:20:18+00:00","dateModified":"2024-04-20T13:32:33+00:00","description":"Le nombre d'adeptes qui quitte l'organisation est calcul\u00e9 \u00e0 2\/3. Cela en fait l'une des religions avec le plus de turnover au monde.","breadcrumb":{"@id":"https:\/\/www.jwinfo.ch\/temoins-de-jehovah\/polemiques\/turnover\/#breadcrumb"},"inLanguage":"fr-FR","potentialAction":[{"@type":"ReadAction","target":["https:\/\/www.jwinfo.ch\/temoins-de-jehovah\/polemiques\/turnover\/"]}]},{"@type":"ImageObject","inLanguage":"fr-FR","@id":"https:\/\/www.jwinfo.ch\/temoins-de-jehovah\/polemiques\/turnover\/#primaryimage","url":"https:\/\/www.jwinfo.ch\/wp-content\/uploads\/2023\/03\/turnover_chez_les_temoins_de_jehovah_v2.png","contentUrl":"https:\/\/www.jwinfo.ch\/wp-content\/uploads\/2023\/03\/turnover_chez_les_temoins_de_jehovah_v2.png","width":1200,"height":628,"caption":"Turnover chez les T\u00e9moins de J\u00e9hovah"},{"@type":"BreadcrumbList","@id":"https:\/\/www.jwinfo.ch\/temoins-de-jehovah\/polemiques\/turnover\/#breadcrumb","itemListElement":[{"@type":"ListItem","position":1,"name":"Accueil","item":"https:\/\/www.jwinfo.ch\/temoins-de-jehovah\/"},{"@type":"ListItem","position":2,"name":"Pol\u00e9miques","item":"https:\/\/www.jwinfo.ch\/temoins-de-jehovah\/polemiques\/"},{"@type":"ListItem","position":3,"name":"Turnover"}]},{"@type":"WebSite","@id":"https:\/\/www.jwinfo.ch\/temoins-de-jehovah\/#website","url":"https:\/\/www.jwinfo.ch\/temoins-de-jehovah\/","name":"JW info","description":"Des faits pour comprendre l&#039;organisation et la doctrine des T\u00e9moins de J\u00e9hovah","publisher":{"@id":"https:\/\/www.jwinfo.ch\/temoins-de-jehovah\/#\/schema\/person\/f12be02b67245c15c4aa98d63006b08e"},"potentialAction":[{"@type":"SearchAction","target":{"@type":"EntryPoint","urlTemplate":"https:\/\/www.jwinfo.ch\/temoins-de-jehovah\/?s={search_term_string}"},"query-input":{"@type":"PropertyValueSpecification","valueRequired":true,"valueName":"search_term_string"}}],"inLanguage":"fr-FR"},{"@type":["Person","Organization"],"@id":"https:\/\/www.jwinfo.ch\/temoins-de-jehovah\/#\/schema\/person\/f12be02b67245c15c4aa98d63006b08e","name":"John Kucholl","image":{"@type":"ImageObject","inLanguage":"fr-FR","@id":"https:\/\/secure.gravatar.com\/avatar\/f888e098f40f239395aac1fa5786df248e31c63f52895b4e4306f61faf896cf2?s=96&d=retro&r=g","url":"https:\/\/secure.gravatar.com\/avatar\/f888e098f40f239395aac1fa5786df248e31c63f52895b4e4306f61faf896cf2?s=96&d=retro&r=g","contentUrl":"https:\/\/secure.gravatar.com\/avatar\/f888e098f40f239395aac1fa5786df248e31c63f52895b4e4306f61faf896cf2?s=96&d=retro&r=g","caption":"John Kucholl"},"logo":{"@id":"https:\/\/secure.gravatar.com\/avatar\/f888e098f40f239395aac1fa5786df248e31c63f52895b4e4306f61faf896cf2?s=96&d=retro&r=g"}}]}},"_links":{"self":[{"href":"https:\/\/www.jwinfo.ch\/temoins-de-jehovah\/wp-json\/wp\/v2\/pages\/421","targetHints":{"allow":["GET"]}}],"collection":[{"href":"https:\/\/www.jwinfo.ch\/temoins-de-jehovah\/wp-json\/wp\/v2\/pages"}],"about":[{"href":"https:\/\/www.jwinfo.ch\/temoins-de-jehovah\/wp-json\/wp\/v2\/types\/page"}],"author":[{"embeddable":true,"href":"https:\/\/www.jwinfo.ch\/temoins-de-jehovah\/wp-json\/wp\/v2\/users\/1"}],"replies":[{"embeddable":true,"href":"https:\/\/www.jwinfo.ch\/temoins-de-jehovah\/wp-json\/wp\/v2\/comments?post=421"}],"version-history":[{"count":32,"href":"https:\/\/www.jwinfo.ch\/temoins-de-jehovah\/wp-json\/wp\/v2\/pages\/421\/revisions"}],"predecessor-version":[{"id":10184,"href":"https:\/\/www.jwinfo.ch\/temoins-de-jehovah\/wp-json\/wp\/v2\/pages\/421\/revisions\/10184"}],"up":[{"embeddable":true,"href":"https:\/\/www.jwinfo.ch\/temoins-de-jehovah\/wp-json\/wp\/v2\/pages\/90"}],"wp:featuredmedia":[{"embeddable":true,"href":"https:\/\/www.jwinfo.ch\/temoins-de-jehovah\/wp-json\/wp\/v2\/media\/4333"}],"wp:attachment":[{"href":"https:\/\/www.jwinfo.ch\/temoins-de-jehovah\/wp-json\/wp\/v2\/media?parent=421"}],"wp:term":[{"taxonomy":"author","embeddable":true,"href":"https:\/\/www.jwinfo.ch\/temoins-de-jehovah\/wp-json\/wp\/v2\/ppma_author?post=421"}],"curies":[{"name":"wp","href":"https:\/\/api.w.org\/{rel}","templated":true}]}}