{"id":5025,"date":"2023-06-04T12:13:20","date_gmt":"2023-06-04T11:13:20","guid":{"rendered":"https:\/\/www.jwinfo.ch\/temoins-de-jehovah\/?page_id=5025"},"modified":"2024-11-05T09:19:03","modified_gmt":"2024-11-05T08:19:03","slug":"bibliotheque","status":"publish","type":"page","link":"https:\/\/www.jwinfo.ch\/temoins-de-jehovah\/liens-utiles\/bibliotheque\/","title":{"rendered":"Biblioth\u00e8que"},"content":{"rendered":"\n\n\n<h2 class=\"wp-block-heading\">\u00c9tudes dans les \u00c9critures<\/h2>\n\n\n\n<p>La s\u00e9rie indispensable selon Charle Taze Russell pour comprendre la bible et les desseins de Dieu et pourtant compl\u00e8tement oubli\u00e9e aujourd&rsquo;hui. Le volume III avec un chapitre d\u00e9di\u00e9 \u00e0 la pyramidologie autour de la pyramide de Gizeh est particuli\u00e8rement surprenant :<\/p>\n\n\n\n<blockquote class=\"wp-block-quote is-layout-flow wp-block-quote-is-layout-flow\">\n<p>Ainsi la Pyramide t\u00e9moigne qu&rsquo;octobre 1914 sera le point de d\u00e9part du temps de d\u00e9tresse, tel qu&rsquo;il n&rsquo;y en a pas eu depuis qu&rsquo;il existe une nation \u2014 et qu&rsquo;il n&rsquo;y en aura jamais plus dans l&rsquo;avenir<\/p>\n<cite>Vol. III &#8211; Page 375<\/cite><\/blockquote>\n\n\n\n<p>Les versions en fran\u00e7ais plus r\u00e9centes ont subi des <a href=\"https:\/\/www.jwinfo.ch\/wp-content\/uploads\/2023\/06\/watchtower-1915-mar-1-reprint-p5649.jpg\" target=\"_blank\" rel=\"noreferrer noopener\">adaptations<\/a> suite au non-accomplissement de certaines pr\u00e9dictions. Cela est \u00e9galement valable pour diff\u00e9rentes r\u00e9visions en anglais.<\/p>\n\n\n\n<ul class=\"wp-block-list\">\n<li><a href=\"https:\/\/www.jwinfo.ch\/wp-content\/uploads\/2023\/06\/1886-Etudes-dans-les-Ecritures-Vol1-Le-Divin-Plan-Des-Ages.pdf\" target=\"_blank\" rel=\"noreferrer noopener\">1886 &#8211; \u00c9tudes dans les \u00c9critures &#8211; Volume 1 &#8211; Le Divin Plan Des Ages<\/a> (r\u00e9vis\u00e9e)<\/li>\n\n\n\n<li><a href=\"https:\/\/www.jwinfo.ch\/wp-content\/uploads\/2023\/06\/1889-Etudes-dans-les-Ecritures-Vol2-Le-temps-est-proche.pdf\" target=\"_blank\" rel=\"noreferrer noopener\">1889 &#8211; \u00c9tudes dans les \u00c9critures &#8211; Volume 2 &#8211; Le temps est proche<\/a> (r\u00e9vis\u00e9e)<\/li>\n\n\n\n<li><a href=\"https:\/\/www.jwinfo.ch\/wp-content\/uploads\/2023\/06\/1889-Studies-in-the-Scriptures-Vol2-The-Time-Is-At-Hand-1st-edition.pdf\">1889 &#8211; \u00c9tudes dans les \u00c9critures &#8211; Volume 2 &#8211; The time is at hand<\/a> (1\u02b3\u1d49 \u00e9dition EN) <\/li>\n\n\n\n<li><a href=\"https:\/\/www.jwinfo.ch\/wp-content\/uploads\/2023\/06\/1891-Etudes-dans-les-Ecritures-Vol3-Que-ton-regne-vienne.pdf\" target=\"_blank\" rel=\"noreferrer noopener\">1891 &#8211; \u00c9tudes dans les \u00c9critures &#8211; Volume 3 &#8211; Que ton r\u00e8gne vienne<\/a> (r\u00e9vis\u00e9e)<\/li>\n\n\n\n<li><a href=\"https:\/\/www.jwinfo.ch\/wp-content\/uploads\/2023\/06\/1891-1898-Studies-in-the-Scriptures-Vol3-Thy-Kingdom-Come-1898-edition.pdf\" target=\"_blank\" rel=\"noreferrer noopener\">1891 &#8211; \u00c9tudes dans les \u00c9critures &#8211; Volume 3 &#8211; Thy Kingdom Come<\/a>  (1\u02b3\u1d49 \u00e9dition EN)<\/li>\n\n\n\n<li><a href=\"https:\/\/www.jwinfo.ch\/wp-content\/uploads\/2023\/05\/1897-Etudes-dans-les-Ecritures-Vol4-Le-jour-de-vengeance.pdf\" target=\"_blank\" rel=\"noreferrer noopener\">1897 &#8211; \u00c9tudes dans les \u00c9critures &#8211; Volume 4 &#8211; Le jour de la vengeance<\/a> (r\u00e9vis\u00e9e)<\/li>\n\n\n\n<li><a href=\"https:\/\/www.jwinfo.ch\/wp-content\/uploads\/2023\/06\/1899-Etudes-dans-les-Ecritures-Vol5-La-reconciliation-entre-Dieu-et-les-hommes.pdf\" target=\"_blank\" rel=\"noreferrer noopener\">1899 &#8211; \u00c9tudes dans les \u00c9critures &#8211; Volume 5 &#8211; La r\u00e9conciliation entre Dieu et les hommes<\/a><\/li>\n\n\n\n<li><a href=\"https:\/\/www.jwinfo.ch\/wp-content\/uploads\/2023\/06\/1904-Etudes-dans-les-Ecritures-Vol6-La-nouvelle-creation.pdf\" target=\"_blank\" rel=\"noreferrer noopener\">1904 &#8211; \u00c9tudes dans les \u00c9critures &#8211; Volume 6 &#8211; La nouvelle cr\u00e9ation<\/a><\/li>\n\n\n\n<li><a href=\"https:\/\/www.jwinfo.ch\/wp-content\/uploads\/2023\/06\/1917-Etudes-dans-les-Ecritures-Vol7-Le-Mystere-de-Dieu-accompli.pdf\" target=\"_blank\" rel=\"noreferrer noopener\">1917 &#8211; \u00c9tudes dans les \u00c9critures &#8211; Volume 7 &#8211; Le Myst\u00e8re de Dieu accompli<\/a><\/li>\n<\/ul>\n\n\n\n<h2 class=\"wp-block-heading\">Autres livres de Charle Taze Russell<\/h2>\n\n\n\n<ul class=\"wp-block-list\">\n<li><a href=\"https:\/\/www.jwinfo.ch\/wp-content\/uploads\/2023\/06\/1877-The-three-worlds.pdf\" target=\"_blank\" rel=\"noreferrer noopener\">1877 &#8211; Three worlds and the harvest of this world<\/a> (3 mondes et la moisson de ce monde -anglais)<\/li>\n<\/ul>\n\n\n\n<h2 class=\"wp-block-heading\">Livres de J.F. Rutherford<\/h2>\n\n\n\n<p>J.F. Rutherford \u00e9tait convaincu dans les ann\u00e9es 1920 que la fin \u00e9tait imminente et que sa g\u00e9n\u00e9ration ne mourrait donc pas, comme le prouvent ses \u00e9crits.<\/p>\n\n\n\n<ul class=\"wp-block-list\">\n<li><a href=\"https:\/\/www.jwinfo.ch\/wp-content\/uploads\/2023\/06\/1920-Des-millions-de-personnes-actuellement-vivantes-ne-mourront-jamais.pdf\" target=\"_blank\" rel=\"noreferrer noopener\">1920 &#8211; Des millions de personnes actuellement vivantes ne mourront jamais<\/a><\/li>\n\n\n\n<li><a href=\"https:\/\/www.jwinfo.ch\/wp-content\/uploads\/2023\/06\/1921-La-Harpe-de-Dieu.pdf\" target=\"_blank\" rel=\"noreferrer noopener\">1921 &#8211; La Harpe de Dieu &#8211; Preuve concluante que des millions de personnes actuellement vivantes ne mourront jamais<\/a><\/li>\n\n\n\n<li><a href=\"https:\/\/www.jwinfo.ch\/wp-content\/uploads\/2023\/06\/1927-Creation.pdf\" target=\"_blank\" rel=\"noreferrer noopener\">1927 &#8211; Cr\u00e9ation<\/a><\/li>\n<\/ul>\n\n\n\n<h2 class=\"wp-block-heading\">Herald of the morning<\/h2>\n\n\n\n<p>Charle Taze Russell a contribu\u00e9 financi\u00e8rement et \u00e9ditorialement \u00e0 ce magazine de 1876 \u00e0 1879 r\u00e9dig\u00e9 par l&rsquo;adventiste Nelson H. Barbour .&nbsp;En raison de diff\u00e9rences th\u00e9ologiques, Russell a commenc\u00e9 \u00e0 publier son propre journal appel\u00e9 \u00ab\u00a0Zion&rsquo;s Watch Tower and Herald of Christ&rsquo;s Presence\u00a0\u00bb&nbsp;en 1879. Il est tout de m\u00eame int\u00e9ressant de voir que Russell reprend nombre de concepts de Barbour.<\/p>\n\n\n\n<p><a href=\"https:\/\/www.jwinfo.ch\/wp-content\/uploads\/2023\/06\/1874-1880-Herald-of-the-Morning-Assorted.pdf\" target=\"_blank\" rel=\"noreferrer noopener\">1874-1880-Herald-of-the-Morning-Assorted<\/a><\/p>\n\n\n\n<h2 class=\"wp-block-heading\">Raymond Franz<\/h2>\n\n\n\n<p><a href=\"https:\/\/fr.wikipedia.org\/wiki\/Raymond_Franz\" target=\"_blank\" rel=\"noreferrer noopener\">Raymond Franz<\/a> est un ancien dirigeant de l&rsquo;organisation des T\u00e9moins de J\u00e9hovah. Son livre, Crise de conscience, est une lecture incontournable pour tout adepte qui remet en question la Watchtower.<\/p>\n\n\n\n<h3 class=\"wp-block-heading\">Crise de conscience<\/h3>\n\n\n\n<p>T\u00e9l\u00e9charger <a href=\"https:\/\/www.jwinfo.ch\/wp-content\/uploads\/2020\/12\/raymond-franz-crise-de-conscience.pdf\" target=\"_blank\" rel=\"noreferrer noopener\">Crise de conscience<\/a><\/p>\n\n\n\n<h3 class=\"wp-block-heading\">\u00c0 la recherche de la libert\u00e9 chr\u00e9tienne<\/h3>\n\n\n\n<p>T\u00e9l\u00e9charger <a href=\"https:\/\/www.jwinfo.ch\/wp-content\/uploads\/2020\/12\/raymond-franz-a-la-recherche-de-la-liberte-chretienne.pdf\" target=\"_blank\" rel=\"noreferrer noopener\">\u00c0 la recherche de la libert\u00e9 chr\u00e9tienne<\/a><\/p>\n\n\n\n<h2 class=\"wp-block-heading\">Prenez soin du troupeau de Dieu<\/h2>\n\n\n\n<p>Il s&rsquo;agit d&rsquo;un manuel secret destin\u00e9 aux dirigeants des assembl\u00e9es locales des T\u00e9moins de J\u00e9hovah, donc aux Anciens. Il contient des directives et des conseils sur la mani\u00e8re de g\u00e9rer les diverses responsabilit\u00e9s spirituelles, administratives et disciplinaires au sein de l&rsquo;assembl\u00e9e locale. Vous pouvez le consulter sur <a href=\"https:\/\/files.accessjw.org\/s\/f5cnxexWXRmckb5\" target=\"_blank\" rel=\"noreferrer noopener\">accessjw.org<\/a>.<\/p>\n\n\n\n<hr class=\"wp-block-separator has-alpha-channel-opacity\"\/>\n\n\n\n<p><strong>Sources<\/strong><\/p>\n\n\n\n<p>Un grand merci \u00e0 <a href=\"https:\/\/www.watchtowerwayback.org\/\" target=\"_blank\" rel=\"noreferrer noopener\">watchtowerwayback.org<\/a> qui permet de retrouver facilement les anciens ouvrages de la Watchtower.<\/p>\n\n\n\n<p><a href=\"https:\/\/www.jwinfo.ch\/temoins-de-jehovah\/liens-utiles\/liens-externes\/\">Aller aux liens externes<\/a><\/p>\n","protected":false},"excerpt":{"rendered":"<p>\u00c9tudes dans les \u00c9critures La s\u00e9rie indispensable selon Charle Taze Russell pour comprendre la bible et les desseins de Dieu et pourtant compl\u00e8tement oubli\u00e9e aujourd&rsquo;hui.<\/p>\n","protected":false},"author":1,"featured_media":5034,"parent":41,"menu_order":0,"comment_status":"closed","ping_status":"closed","template":"","meta":{"footnotes":""},"ppma_author":[69],"class_list":["post-5025","page","type-page","status-publish","has-post-thumbnail","hentry","author-chris"],"yoast_head":"<!-- This site is optimized with the Yoast SEO plugin v27.4 - https:\/\/yoast.com\/product\/yoast-seo-wordpress\/ -->\n<title>Biblioth\u00e8que d&#039;anciens livres et publications des T\u00e9moins de J\u00e9hovah<\/title>\n<meta name=\"description\" content=\"Biblioth\u00e8que r\u00e9f\u00e9ren\u00e7ant les anciennes publications de la Watchtower, soci\u00e9t\u00e9 actuelle des T\u00e9moins de J\u00e9hovah\" \/>\n<meta name=\"robots\" content=\"index, follow, max-snippet:-1, max-image-preview:large, max-video-preview:-1\" \/>\n<link rel=\"canonical\" href=\"https:\/\/www.jwinfo.ch\/temoins-de-jehovah\/liens-utiles\/bibliotheque\/\" \/>\n<meta property=\"og:locale\" content=\"fr_FR\" \/>\n<meta property=\"og:type\" content=\"article\" \/>\n<meta property=\"og:title\" content=\"Biblioth\u00e8que d&#039;anciens livres et publications des T\u00e9moins de J\u00e9hovah\" \/>\n<meta property=\"og:description\" content=\"Biblioth\u00e8que r\u00e9f\u00e9ren\u00e7ant les anciennes publications de la Watchtower, soci\u00e9t\u00e9 actuelle des T\u00e9moins de J\u00e9hovah\" \/>\n<meta property=\"og:url\" content=\"https:\/\/www.jwinfo.ch\/temoins-de-jehovah\/liens-utiles\/bibliotheque\/\" \/>\n<meta property=\"og:site_name\" content=\"JW info\" \/>\n<meta property=\"article:modified_time\" content=\"2024-11-05T08:19:03+00:00\" \/>\n<meta property=\"og:image\" content=\"https:\/\/www.jwinfo.ch\/wp-content\/uploads\/2023\/06\/bibliotheque.png\" \/>\n\t<meta property=\"og:image:width\" content=\"1200\" \/>\n\t<meta property=\"og:image:height\" content=\"628\" \/>\n\t<meta property=\"og:image:type\" content=\"image\/png\" \/>\n<meta name=\"twitter:card\" content=\"summary_large_image\" \/>\n<meta name=\"twitter:title\" content=\"Biblioth\u00e8que d&#039;anciens livres et publications des T\u00e9moins de J\u00e9hovah\" \/>\n<meta name=\"twitter:description\" content=\"Biblioth\u00e8que r\u00e9f\u00e9ren\u00e7ant les anciennes publications de la Watchtower, soci\u00e9t\u00e9 actuelle des T\u00e9moins de J\u00e9hovah\" \/>\n<meta name=\"twitter:image\" content=\"https:\/\/www.jwinfo.ch\/wp-content\/uploads\/2023\/06\/bibliotheque.png\" \/>\n<meta name=\"twitter:label1\" content=\"Dur\u00e9e de lecture estim\u00e9e\" \/>\n\t<meta name=\"twitter:data1\" content=\"3 minutes\" \/>\n<script type=\"application\/ld+json\" class=\"yoast-schema-graph\">{\"@context\":\"https:\\\/\\\/schema.org\",\"@graph\":[{\"@type\":\"WebPage\",\"@id\":\"https:\\\/\\\/www.jwinfo.ch\\\/temoins-de-jehovah\\\/liens-utiles\\\/bibliotheque\\\/\",\"url\":\"https:\\\/\\\/www.jwinfo.ch\\\/temoins-de-jehovah\\\/liens-utiles\\\/bibliotheque\\\/\",\"name\":\"Biblioth\u00e8que d'anciens livres et publications des T\u00e9moins de J\u00e9hovah\",\"isPartOf\":{\"@id\":\"https:\\\/\\\/www.jwinfo.ch\\\/temoins-de-jehovah\\\/#website\"},\"primaryImageOfPage\":{\"@id\":\"https:\\\/\\\/www.jwinfo.ch\\\/temoins-de-jehovah\\\/liens-utiles\\\/bibliotheque\\\/#primaryimage\"},\"image\":{\"@id\":\"https:\\\/\\\/www.jwinfo.ch\\\/temoins-de-jehovah\\\/liens-utiles\\\/bibliotheque\\\/#primaryimage\"},\"thumbnailUrl\":\"https:\\\/\\\/www.jwinfo.ch\\\/wp-content\\\/uploads\\\/2023\\\/06\\\/bibliotheque.png\",\"datePublished\":\"2023-06-04T11:13:20+00:00\",\"dateModified\":\"2024-11-05T08:19:03+00:00\",\"description\":\"Biblioth\u00e8que r\u00e9f\u00e9ren\u00e7ant les anciennes publications de la Watchtower, soci\u00e9t\u00e9 actuelle des T\u00e9moins de J\u00e9hovah\",\"breadcrumb\":{\"@id\":\"https:\\\/\\\/www.jwinfo.ch\\\/temoins-de-jehovah\\\/liens-utiles\\\/bibliotheque\\\/#breadcrumb\"},\"inLanguage\":\"fr-FR\",\"potentialAction\":[{\"@type\":\"ReadAction\",\"target\":[\"https:\\\/\\\/www.jwinfo.ch\\\/temoins-de-jehovah\\\/liens-utiles\\\/bibliotheque\\\/\"]}]},{\"@type\":\"ImageObject\",\"inLanguage\":\"fr-FR\",\"@id\":\"https:\\\/\\\/www.jwinfo.ch\\\/temoins-de-jehovah\\\/liens-utiles\\\/bibliotheque\\\/#primaryimage\",\"url\":\"https:\\\/\\\/www.jwinfo.ch\\\/wp-content\\\/uploads\\\/2023\\\/06\\\/bibliotheque.png\",\"contentUrl\":\"https:\\\/\\\/www.jwinfo.ch\\\/wp-content\\\/uploads\\\/2023\\\/06\\\/bibliotheque.png\",\"width\":1200,\"height\":628},{\"@type\":\"BreadcrumbList\",\"@id\":\"https:\\\/\\\/www.jwinfo.ch\\\/temoins-de-jehovah\\\/liens-utiles\\\/bibliotheque\\\/#breadcrumb\",\"itemListElement\":[{\"@type\":\"ListItem\",\"position\":1,\"name\":\"Accueil\",\"item\":\"https:\\\/\\\/www.jwinfo.ch\\\/temoins-de-jehovah\\\/\"},{\"@type\":\"ListItem\",\"position\":2,\"name\":\"Liens utiles\",\"item\":\"https:\\\/\\\/www.jwinfo.ch\\\/temoins-de-jehovah\\\/liens-utiles\\\/\"},{\"@type\":\"ListItem\",\"position\":3,\"name\":\"Biblioth\u00e8que\"}]},{\"@type\":\"WebSite\",\"@id\":\"https:\\\/\\\/www.jwinfo.ch\\\/temoins-de-jehovah\\\/#website\",\"url\":\"https:\\\/\\\/www.jwinfo.ch\\\/temoins-de-jehovah\\\/\",\"name\":\"JW info\",\"description\":\"Des faits pour comprendre l&#039;organisation et la doctrine des T\u00e9moins de J\u00e9hovah\",\"publisher\":{\"@id\":\"https:\\\/\\\/www.jwinfo.ch\\\/temoins-de-jehovah\\\/#\\\/schema\\\/person\\\/f12be02b67245c15c4aa98d63006b08e\"},\"potentialAction\":[{\"@type\":\"SearchAction\",\"target\":{\"@type\":\"EntryPoint\",\"urlTemplate\":\"https:\\\/\\\/www.jwinfo.ch\\\/temoins-de-jehovah\\\/?s={search_term_string}\"},\"query-input\":{\"@type\":\"PropertyValueSpecification\",\"valueRequired\":true,\"valueName\":\"search_term_string\"}}],\"inLanguage\":\"fr-FR\"},{\"@type\":[\"Person\",\"Organization\"],\"@id\":\"https:\\\/\\\/www.jwinfo.ch\\\/temoins-de-jehovah\\\/#\\\/schema\\\/person\\\/f12be02b67245c15c4aa98d63006b08e\",\"name\":\"John Kucholl\",\"image\":{\"@type\":\"ImageObject\",\"inLanguage\":\"fr-FR\",\"@id\":\"https:\\\/\\\/secure.gravatar.com\\\/avatar\\\/f888e098f40f239395aac1fa5786df248e31c63f52895b4e4306f61faf896cf2?s=96&d=retro&r=g\",\"url\":\"https:\\\/\\\/secure.gravatar.com\\\/avatar\\\/f888e098f40f239395aac1fa5786df248e31c63f52895b4e4306f61faf896cf2?s=96&d=retro&r=g\",\"contentUrl\":\"https:\\\/\\\/secure.gravatar.com\\\/avatar\\\/f888e098f40f239395aac1fa5786df248e31c63f52895b4e4306f61faf896cf2?s=96&d=retro&r=g\",\"caption\":\"John Kucholl\"},\"logo\":{\"@id\":\"https:\\\/\\\/secure.gravatar.com\\\/avatar\\\/f888e098f40f239395aac1fa5786df248e31c63f52895b4e4306f61faf896cf2?s=96&d=retro&r=g\"}}]}<\/script>\n<!-- \/ Yoast SEO plugin. -->","yoast_head_json":{"title":"Biblioth\u00e8que d'anciens livres et publications des T\u00e9moins de J\u00e9hovah","description":"Biblioth\u00e8que r\u00e9f\u00e9ren\u00e7ant les anciennes publications de la Watchtower, soci\u00e9t\u00e9 actuelle des T\u00e9moins de J\u00e9hovah","robots":{"index":"index","follow":"follow","max-snippet":"max-snippet:-1","max-image-preview":"max-image-preview:large","max-video-preview":"max-video-preview:-1"},"canonical":"https:\/\/www.jwinfo.ch\/temoins-de-jehovah\/liens-utiles\/bibliotheque\/","og_locale":"fr_FR","og_type":"article","og_title":"Biblioth\u00e8que d'anciens livres et publications des T\u00e9moins de J\u00e9hovah","og_description":"Biblioth\u00e8que r\u00e9f\u00e9ren\u00e7ant les anciennes publications de la Watchtower, soci\u00e9t\u00e9 actuelle des T\u00e9moins de J\u00e9hovah","og_url":"https:\/\/www.jwinfo.ch\/temoins-de-jehovah\/liens-utiles\/bibliotheque\/","og_site_name":"JW info","article_modified_time":"2024-11-05T08:19:03+00:00","og_image":[{"width":1200,"height":628,"url":"https:\/\/www.jwinfo.ch\/wp-content\/uploads\/2023\/06\/bibliotheque.png","type":"image\/png"}],"twitter_card":"summary_large_image","twitter_title":"Biblioth\u00e8que d'anciens livres et publications des T\u00e9moins de J\u00e9hovah","twitter_description":"Biblioth\u00e8que r\u00e9f\u00e9ren\u00e7ant les anciennes publications de la Watchtower, soci\u00e9t\u00e9 actuelle des T\u00e9moins de J\u00e9hovah","twitter_image":"https:\/\/www.jwinfo.ch\/wp-content\/uploads\/2023\/06\/bibliotheque.png","twitter_misc":{"Dur\u00e9e de lecture estim\u00e9e":"3 minutes"},"schema":{"@context":"https:\/\/schema.org","@graph":[{"@type":"WebPage","@id":"https:\/\/www.jwinfo.ch\/temoins-de-jehovah\/liens-utiles\/bibliotheque\/","url":"https:\/\/www.jwinfo.ch\/temoins-de-jehovah\/liens-utiles\/bibliotheque\/","name":"Biblioth\u00e8que d'anciens livres et publications des T\u00e9moins de J\u00e9hovah","isPartOf":{"@id":"https:\/\/www.jwinfo.ch\/temoins-de-jehovah\/#website"},"primaryImageOfPage":{"@id":"https:\/\/www.jwinfo.ch\/temoins-de-jehovah\/liens-utiles\/bibliotheque\/#primaryimage"},"image":{"@id":"https:\/\/www.jwinfo.ch\/temoins-de-jehovah\/liens-utiles\/bibliotheque\/#primaryimage"},"thumbnailUrl":"https:\/\/www.jwinfo.ch\/wp-content\/uploads\/2023\/06\/bibliotheque.png","datePublished":"2023-06-04T11:13:20+00:00","dateModified":"2024-11-05T08:19:03+00:00","description":"Biblioth\u00e8que r\u00e9f\u00e9ren\u00e7ant les anciennes publications de la Watchtower, soci\u00e9t\u00e9 actuelle des T\u00e9moins de J\u00e9hovah","breadcrumb":{"@id":"https:\/\/www.jwinfo.ch\/temoins-de-jehovah\/liens-utiles\/bibliotheque\/#breadcrumb"},"inLanguage":"fr-FR","potentialAction":[{"@type":"ReadAction","target":["https:\/\/www.jwinfo.ch\/temoins-de-jehovah\/liens-utiles\/bibliotheque\/"]}]},{"@type":"ImageObject","inLanguage":"fr-FR","@id":"https:\/\/www.jwinfo.ch\/temoins-de-jehovah\/liens-utiles\/bibliotheque\/#primaryimage","url":"https:\/\/www.jwinfo.ch\/wp-content\/uploads\/2023\/06\/bibliotheque.png","contentUrl":"https:\/\/www.jwinfo.ch\/wp-content\/uploads\/2023\/06\/bibliotheque.png","width":1200,"height":628},{"@type":"BreadcrumbList","@id":"https:\/\/www.jwinfo.ch\/temoins-de-jehovah\/liens-utiles\/bibliotheque\/#breadcrumb","itemListElement":[{"@type":"ListItem","position":1,"name":"Accueil","item":"https:\/\/www.jwinfo.ch\/temoins-de-jehovah\/"},{"@type":"ListItem","position":2,"name":"Liens utiles","item":"https:\/\/www.jwinfo.ch\/temoins-de-jehovah\/liens-utiles\/"},{"@type":"ListItem","position":3,"name":"Biblioth\u00e8que"}]},{"@type":"WebSite","@id":"https:\/\/www.jwinfo.ch\/temoins-de-jehovah\/#website","url":"https:\/\/www.jwinfo.ch\/temoins-de-jehovah\/","name":"JW info","description":"Des faits pour comprendre l&#039;organisation et la doctrine des T\u00e9moins de J\u00e9hovah","publisher":{"@id":"https:\/\/www.jwinfo.ch\/temoins-de-jehovah\/#\/schema\/person\/f12be02b67245c15c4aa98d63006b08e"},"potentialAction":[{"@type":"SearchAction","target":{"@type":"EntryPoint","urlTemplate":"https:\/\/www.jwinfo.ch\/temoins-de-jehovah\/?s={search_term_string}"},"query-input":{"@type":"PropertyValueSpecification","valueRequired":true,"valueName":"search_term_string"}}],"inLanguage":"fr-FR"},{"@type":["Person","Organization"],"@id":"https:\/\/www.jwinfo.ch\/temoins-de-jehovah\/#\/schema\/person\/f12be02b67245c15c4aa98d63006b08e","name":"John Kucholl","image":{"@type":"ImageObject","inLanguage":"fr-FR","@id":"https:\/\/secure.gravatar.com\/avatar\/f888e098f40f239395aac1fa5786df248e31c63f52895b4e4306f61faf896cf2?s=96&d=retro&r=g","url":"https:\/\/secure.gravatar.com\/avatar\/f888e098f40f239395aac1fa5786df248e31c63f52895b4e4306f61faf896cf2?s=96&d=retro&r=g","contentUrl":"https:\/\/secure.gravatar.com\/avatar\/f888e098f40f239395aac1fa5786df248e31c63f52895b4e4306f61faf896cf2?s=96&d=retro&r=g","caption":"John Kucholl"},"logo":{"@id":"https:\/\/secure.gravatar.com\/avatar\/f888e098f40f239395aac1fa5786df248e31c63f52895b4e4306f61faf896cf2?s=96&d=retro&r=g"}}]}},"_links":{"self":[{"href":"https:\/\/www.jwinfo.ch\/temoins-de-jehovah\/wp-json\/wp\/v2\/pages\/5025","targetHints":{"allow":["GET"]}}],"collection":[{"href":"https:\/\/www.jwinfo.ch\/temoins-de-jehovah\/wp-json\/wp\/v2\/pages"}],"about":[{"href":"https:\/\/www.jwinfo.ch\/temoins-de-jehovah\/wp-json\/wp\/v2\/types\/page"}],"author":[{"embeddable":true,"href":"https:\/\/www.jwinfo.ch\/temoins-de-jehovah\/wp-json\/wp\/v2\/users\/1"}],"replies":[{"embeddable":true,"href":"https:\/\/www.jwinfo.ch\/temoins-de-jehovah\/wp-json\/wp\/v2\/comments?post=5025"}],"version-history":[{"count":51,"href":"https:\/\/www.jwinfo.ch\/temoins-de-jehovah\/wp-json\/wp\/v2\/pages\/5025\/revisions"}],"predecessor-version":[{"id":12727,"href":"https:\/\/www.jwinfo.ch\/temoins-de-jehovah\/wp-json\/wp\/v2\/pages\/5025\/revisions\/12727"}],"up":[{"embeddable":true,"href":"https:\/\/www.jwinfo.ch\/temoins-de-jehovah\/wp-json\/wp\/v2\/pages\/41"}],"wp:featuredmedia":[{"embeddable":true,"href":"https:\/\/www.jwinfo.ch\/temoins-de-jehovah\/wp-json\/wp\/v2\/media\/5034"}],"wp:attachment":[{"href":"https:\/\/www.jwinfo.ch\/temoins-de-jehovah\/wp-json\/wp\/v2\/media?parent=5025"}],"wp:term":[{"taxonomy":"author","embeddable":true,"href":"https:\/\/www.jwinfo.ch\/temoins-de-jehovah\/wp-json\/wp\/v2\/ppma_author?post=5025"}],"curies":[{"name":"wp","href":"https:\/\/api.w.org\/{rel}","templated":true}]}}