{"id":75,"date":"2020-11-20T22:05:44","date_gmt":"2020-11-20T22:05:44","guid":{"rendered":"http:\/\/localhost:8080\/?page_id=75"},"modified":"2023-07-20T15:45:31","modified_gmt":"2023-07-20T14:45:31","slug":"fausses-propheties","status":"publish","type":"page","link":"https:\/\/www.jwinfo.ch\/temoins-de-jehovah\/fausses-propheties\/","title":{"rendered":"Fausses proph\u00e9ties"},"content":{"rendered":"\n<h2 class=\"wp-block-heading\">Les fausses proph\u00e9ties des T\u00e9moins de J\u00e9hovah<\/h2>\n\n\n<div class=\"wp-block-image\">\n<figure class=\"alignright size-large is-resized\"><img decoding=\"async\" src=\"https:\/\/www.jwinfo.ch\/wp-content\/uploads\/2023\/07\/tg_1_fev_2012_frontpage-779x1024.png\" alt=\"\" class=\"wp-image-6087\" width=\"195\" height=\"256\" srcset=\"https:\/\/www.jwinfo.ch\/wp-content\/uploads\/2023\/07\/tg_1_fev_2012_frontpage-779x1024.png 779w, https:\/\/www.jwinfo.ch\/wp-content\/uploads\/2023\/07\/tg_1_fev_2012_frontpage-228x300.png 228w, https:\/\/www.jwinfo.ch\/wp-content\/uploads\/2023\/07\/tg_1_fev_2012_frontpage-768x1010.png 768w, https:\/\/www.jwinfo.ch\/wp-content\/uploads\/2023\/07\/tg_1_fev_2012_frontpage.png 1034w\" sizes=\"(max-width: 195px) 100vw, 195px\" \/><figcaption class=\"wp-element-caption\"><a href=\"https:\/\/www.jw.org\/en\/library\/magazines\/wp20120201\/\" target=\"_blank\" rel=\"noreferrer noopener\">Revue<\/a> des T\u00e9moins de J\u00e9hovah<\/figcaption><\/figure>\n<\/div>\n\n\n<p>Les T\u00e9moins de J\u00e9hovah ont une liste impressionnante de fausses annonces, proph\u00e9ties et <a href=\"https:\/\/www.jwinfo.ch\/temoins-de-jehovah\/2023\/07\/dates-et-eschatologie-des-temoins-de-jehovah\/\" target=\"_blank\" rel=\"noreferrer noopener\">interpr\u00e9tations de dates<\/a>. Nous les retrouvons facilement gr\u00e2ce \u00e0 leurs anciennes litt\u00e9ratures. La plus ancienne, identifi\u00e9e par <a href=\"https:\/\/fr.wikipedia.org\/wiki\/Charles_Taze_Russell\" target=\"_blank\" rel=\"noreferrer noopener\">Charles Taze Russell<\/a>, remonte \u00e0 <a href=\"https:\/\/www.jwinfo.ch\/temoins-de-jehovah\/2023\/07\/dates-et-eschatologie-des-temoins-de-jehovah\/#1780\" target=\"_blank\" rel=\"noreferrer noopener\">1780<\/a>. Elle \u00e9tait un signe imminent du d\u00e9but de la <a href=\"https:\/\/www.jwinfo.ch\/temoins-de-jehovah\/2023\/07\/dates-et-eschatologie-des-temoins-de-jehovah\/#1914_maintenant1\" target=\"_blank\" rel=\"noreferrer noopener\">moisson<\/a> pour <a href=\"https:\/\/www.jwinfo.ch\/temoins-de-jehovah\/2023\/07\/dates-et-eschatologie-des-temoins-de-jehovah\/#1798\" target=\"_blank\" rel=\"noreferrer noopener\">1798<\/a>. La plus importante dans la doctrine actuelle est celle partant de <a href=\"https:\/\/www.jwinfo.ch\/temoins-de-jehovah\/2023\/07\/dates-et-eschatologie-des-temoins-de-jehovah\/#607_avant_JC\" target=\"_blank\" rel=\"noreferrer noopener\">607 avant JC<\/a> pour arriver \u00e0 <a href=\"https:\/\/www.jwinfo.ch\/temoins-de-jehovah\/2023\/07\/dates-et-eschatologie-des-temoins-de-jehovah\/#1914\" target=\"_blank\" rel=\"noreferrer noopener\">1914<\/a>, et annonce le r\u00e9tablissement du royaume c\u00e9leste du Christ, sa pr\u00e9sence <a href=\"https:\/\/www.jwinfo.ch\/temoins-de-jehovah\/2023\/07\/dates-et-eschatologie-des-temoins-de-jehovah\/#1914\" target=\"_blank\" rel=\"noreferrer noopener\">invisible<\/a> sur terre, et son <a href=\"https:\/\/www.jwinfo.ch\/temoins-de-jehovah\/2023\/07\/dates-et-eschatologie-des-temoins-de-jehovah\/#Temps_dinspection_et_de_la_mise_a_lepreuve\" target=\"_blank\" rel=\"noreferrer noopener\">choix<\/a> de leur organisation. Celle-ci se base donc un calcul de 2520 ans d&rsquo;origine <a href=\"https:\/\/fr.wikipedia.org\/wiki\/Mill%C3%A9risme\" target=\"_blank\" rel=\"noreferrer noopener\">mill\u00e9rite<\/a>.<\/p>\n\n\n\n<p>Les pages suivantes se concentrent sur les pr\u00e9dictions principales:<\/p>\n\n\n\n<p>&#8211; <a href=\"\/temoins-de-jehovah\/fausses-propheties\/le-retour-du-christ-en-1914\/\" target=\"_blank\" rel=\"noreferrer noopener\">Le retour du Christ en 1914<\/a><\/p>\n\n\n\n<p>&#8211; <a href=\"\/temoins-de-jehovah\/fausses-propheties\/la-fin-du-monde-en-1925\/\" target=\"_blank\" rel=\"noreferrer noopener\">La fin du monde en 1925<\/a><\/p>\n\n\n\n<p>&#8211; <a href=\"\/temoins-de-jehovah\/fausses-propheties\/la-fin-du-monde-en-1975\/\" target=\"_blank\" rel=\"noreferrer noopener\">La fin du monde en 1975<\/a><\/p>\n\n\n\n<p>Vous trouverez aussi dans cet <a href=\"https:\/\/www.jwinfo.ch\/temoins-de-jehovah\/2023\/07\/dates-et-eschatologie-des-temoins-de-jehovah\/\" target=\"_blank\" rel=\"noreferrer noopener\">article<\/a> du site une analyse d\u00e9taill\u00e9e de toutes les dates et l&rsquo;historique des interpr\u00e9tations.<\/p>\n\n\n\n<p>Face \u00e0 tous ces \u00e9checs, les T\u00e9moins de J\u00e9hovah utilisent la parade suivante : \u00ab\u00a0La lumi\u00e8re devient plus brillante avec le temps\u00a0\u00bb (<a href=\"https:\/\/www.jwinfo.ch\/temoins-de-jehovah\/2023\/07\/dates-et-eschatologie-des-temoins-de-jehovah\/#Une_lumiere_plus_brillante\" target=\"_blank\" rel=\"noreferrer noopener\">argument<\/a> d\u00e9j\u00e0 utilis\u00e9 par Charles Taze Russell il y a plus d&rsquo;un si\u00e8cle) ou encore \u00ab\u00a0la compr\u00e9hension arrive progressivement\u00a0\u00bb. <a href=\"https:\/\/fr.wikipedia.org\/wiki\/Raymond_Franz\" target=\"_blank\" rel=\"noreferrer noopener\">Raymond Franz<\/a>, ancien membre du <a href=\"https:\/\/www.jwinfo.ch\/temoins-de-jehovah\/polemiques\/organisation-et-hierarchie\/#Le_college_central\" target=\"_blank\" rel=\"noreferrer noopener\">coll\u00e8ge central<\/a> des T\u00e9moins de J\u00e9hovah, en parle d&rsquo;ailleurs dans son livre <a href=\"https:\/\/www.jwinfo.ch\/wp-content\/uploads\/2020\/12\/raymond-franz-crise-de-conscience.pdf\" target=\"_blank\" rel=\"noreferrer noopener\">Crise de conscience<\/a> o\u00f9 il y explique le d\u00e9ni de l&rsquo;organisation \u00e0 accepter ses erreurs :<\/p>\n\n\n\n<blockquote class=\"wp-block-quote is-layout-flow wp-block-quote-is-layout-flow\">\n<p><span style=\"font-size: inherit;\">Les plus jeunes, ou ceux qui sont arriv\u00e9s r\u00e9cemment, ne vont<\/span> probablement pas ressentir aussi s\u00e9v\u00e8rement l\u2019impact de ce changement. Il est envelopp\u00e9 dans un langage qui ne fait aucun aveu d\u2019erreur de la part de l\u2019organisation, mais qui voile ce changement par des expressions telles que \u201ccompr\u00e9hension progressive\u201d et \u201clumi\u00e8re avanc\u00e9e\u201d<\/p>\n<cite>Crise de conscience &#8211; page 316<\/cite><\/blockquote>\n\n\n\n<blockquote class=\"wp-block-quote is-layout-flow wp-block-quote-is-layout-flow\">\n<p>Il est difficile de ne pas \u00eatre frapp\u00e9 par le contraste entre cette attitude et celle adopt\u00e9e par une autre religion coupable d\u2019avoir fait des pr\u00e9dictions chronologiques semblables,<\/p>\n<cite>Crise de conscience &#8211; page 319<\/cite><\/blockquote>\n\n\n\n<p>Malgr\u00e9 tout, ils se permettent de critiquer s\u00e9v\u00e8rement les autres religions. Ils les traitent notamment avec des termes <a href=\"\/temoins-de-jehovah\/polemiques\/la-fausse-religion\/\" target=\"_blank\" rel=\"noreferrer noopener\">violents<\/a> tels que \u00ab\u00a0faux proph\u00e8tes\u00a0\u00bb ou encore <a href=\"https:\/\/www.jwinfo.ch\/temoins-de-jehovah\/polemiques\/onu-bete-sauvage\/\" target=\"_blank\" rel=\"noreferrer noopener\">prostitu\u00e9es spirituelles<\/a>. Ils affirment d&rsquo;ailleurs que J\u00e9hovah les <a href=\"https:\/\/www.jw.org\/finder?wtlocale=F&amp;docid=1989647&amp;srctype=wol&amp;srcid=share&amp;par=9\" target=\"_blank\" rel=\"noreferrer noopener\">d\u00e9truira<\/a> \u00e0 Armageddon.<\/p>\n\n\n\n<p>Il y a aussi un ancien reportage en anglais qui a tr\u00e8s bien document\u00e9 les principales fausses proph\u00e9ties annonc\u00e9es par les T\u00e9moins de J\u00e9hovah. Vous pouvez le voir sur YouTube.<\/p>\n\n\n\n<figure class=\"wp-block-embed is-type-video is-provider-youtube wp-block-embed-youtube wp-embed-aspect-4-3 wp-has-aspect-ratio\"><div class=\"wp-block-embed__wrapper\">\n<iframe title=\"QUI SONT LES T\u00c9MOINS DE J\u00c9HOVAH 1986 USA VFF  VINTAGE COLLECTOR\" width=\"640\" height=\"480\" src=\"https:\/\/www.youtube.com\/embed\/6mjzy36Ztic?feature=oembed\" frameborder=\"0\" allow=\"accelerometer; autoplay; clipboard-write; encrypted-media; gyroscope; picture-in-picture; web-share\" referrerpolicy=\"strict-origin-when-cross-origin\" allowfullscreen><\/iframe>\n<\/div><\/figure>\n\n\n\n<hr class=\"wp-block-separator has-css-opacity\"\/>\n\n\n\n<p><a href=\"\/temoins-de-jehovah\/fausses-propheties\/le-retour-du-christ-en-1914\/\">Continuer avec la proph\u00e9tie de la venue du Christ en 1914<\/a><\/p>\n","protected":false},"excerpt":{"rendered":"<p>Les fausses proph\u00e9ties des T\u00e9moins de J\u00e9hovah Les T\u00e9moins de J\u00e9hovah ont une liste impressionnante de fausses annonces, proph\u00e9ties et interpr\u00e9tations de dates. Nous les<\/p>\n","protected":false},"author":1,"featured_media":4195,"parent":0,"menu_order":3,"comment_status":"closed","ping_status":"closed","template":"","meta":{"footnotes":""},"ppma_author":[69],"class_list":["post-75","page","type-page","status-publish","has-post-thumbnail","hentry","author-chris"],"yoast_head":"<!-- This site is optimized with the Yoast SEO plugin v27.3 - https:\/\/yoast.com\/product\/yoast-seo-wordpress\/ -->\n<title>Les fausses proph\u00e9ties et annonces des T\u00e9moins de J\u00e9hovah<\/title>\n<meta name=\"description\" content=\"D\u00e9couvrez les principales fausses annonces, proph\u00e9ties et interpr\u00e9tations proclam\u00e9es par les T\u00e9moins de J\u00e9hovah gr\u00e2ce \u00e0 leurs litt\u00e9ratures.\" \/>\n<meta name=\"robots\" content=\"index, follow, max-snippet:-1, max-image-preview:large, max-video-preview:-1\" \/>\n<link rel=\"canonical\" href=\"https:\/\/www.jwinfo.ch\/temoins-de-jehovah\/fausses-propheties\/\" \/>\n<meta property=\"og:locale\" content=\"fr_FR\" \/>\n<meta property=\"og:type\" content=\"article\" \/>\n<meta property=\"og:title\" content=\"Les fausses proph\u00e9ties et annonces des T\u00e9moins de J\u00e9hovah\" \/>\n<meta property=\"og:description\" content=\"D\u00e9couvrez les principales fausses annonces, proph\u00e9ties et interpr\u00e9tations proclam\u00e9es par les T\u00e9moins de J\u00e9hovah gr\u00e2ce \u00e0 leurs litt\u00e9ratures.\" \/>\n<meta property=\"og:url\" content=\"https:\/\/www.jwinfo.ch\/temoins-de-jehovah\/fausses-propheties\/\" \/>\n<meta property=\"og:site_name\" content=\"JW info\" \/>\n<meta property=\"article:modified_time\" content=\"2023-07-20T14:45:31+00:00\" \/>\n<meta property=\"og:image\" content=\"https:\/\/www.jwinfo.ch\/wp-content\/uploads\/2023\/03\/fin_du_monde_v2.png\" \/>\n\t<meta property=\"og:image:width\" content=\"1200\" \/>\n\t<meta property=\"og:image:height\" content=\"628\" \/>\n\t<meta property=\"og:image:type\" content=\"image\/png\" \/>\n<meta name=\"twitter:card\" content=\"summary_large_image\" \/>\n<meta name=\"twitter:title\" content=\"Les fausses proph\u00e9ties et annonces des T\u00e9moins de J\u00e9hovah\" \/>\n<meta name=\"twitter:description\" content=\"D\u00e9couvrez les principales fausses annonces, proph\u00e9ties et interpr\u00e9tations proclam\u00e9es par les T\u00e9moins de J\u00e9hovah gr\u00e2ce \u00e0 leurs litt\u00e9ratures.\" \/>\n<meta name=\"twitter:image\" content=\"https:\/\/www.jwinfo.ch\/wp-content\/uploads\/2023\/03\/fin_du_monde_v2.png\" \/>\n<script type=\"application\/ld+json\" class=\"yoast-schema-graph\">{\"@context\":\"https:\\\/\\\/schema.org\",\"@graph\":[{\"@type\":\"WebPage\",\"@id\":\"https:\\\/\\\/www.jwinfo.ch\\\/temoins-de-jehovah\\\/fausses-propheties\\\/\",\"url\":\"https:\\\/\\\/www.jwinfo.ch\\\/temoins-de-jehovah\\\/fausses-propheties\\\/\",\"name\":\"Les fausses proph\u00e9ties et annonces des T\u00e9moins de J\u00e9hovah\",\"isPartOf\":{\"@id\":\"https:\\\/\\\/www.jwinfo.ch\\\/temoins-de-jehovah\\\/#website\"},\"primaryImageOfPage\":{\"@id\":\"https:\\\/\\\/www.jwinfo.ch\\\/temoins-de-jehovah\\\/fausses-propheties\\\/#primaryimage\"},\"image\":{\"@id\":\"https:\\\/\\\/www.jwinfo.ch\\\/temoins-de-jehovah\\\/fausses-propheties\\\/#primaryimage\"},\"thumbnailUrl\":\"https:\\\/\\\/www.jwinfo.ch\\\/wp-content\\\/uploads\\\/2023\\\/03\\\/fin_du_monde_v2.png\",\"datePublished\":\"2020-11-20T22:05:44+00:00\",\"dateModified\":\"2023-07-20T14:45:31+00:00\",\"description\":\"D\u00e9couvrez les principales fausses annonces, proph\u00e9ties et interpr\u00e9tations proclam\u00e9es par les T\u00e9moins de J\u00e9hovah gr\u00e2ce \u00e0 leurs litt\u00e9ratures.\",\"breadcrumb\":{\"@id\":\"https:\\\/\\\/www.jwinfo.ch\\\/temoins-de-jehovah\\\/fausses-propheties\\\/#breadcrumb\"},\"inLanguage\":\"fr-FR\",\"potentialAction\":[{\"@type\":\"ReadAction\",\"target\":[\"https:\\\/\\\/www.jwinfo.ch\\\/temoins-de-jehovah\\\/fausses-propheties\\\/\"]}]},{\"@type\":\"ImageObject\",\"inLanguage\":\"fr-FR\",\"@id\":\"https:\\\/\\\/www.jwinfo.ch\\\/temoins-de-jehovah\\\/fausses-propheties\\\/#primaryimage\",\"url\":\"https:\\\/\\\/www.jwinfo.ch\\\/wp-content\\\/uploads\\\/2023\\\/03\\\/fin_du_monde_v2.png\",\"contentUrl\":\"https:\\\/\\\/www.jwinfo.ch\\\/wp-content\\\/uploads\\\/2023\\\/03\\\/fin_du_monde_v2.png\",\"width\":1200,\"height\":628,\"caption\":\"Les annonces de fin du monde des T\u00e9moins de J\u00e9hovah\"},{\"@type\":\"BreadcrumbList\",\"@id\":\"https:\\\/\\\/www.jwinfo.ch\\\/temoins-de-jehovah\\\/fausses-propheties\\\/#breadcrumb\",\"itemListElement\":[{\"@type\":\"ListItem\",\"position\":1,\"name\":\"Accueil\",\"item\":\"https:\\\/\\\/www.jwinfo.ch\\\/temoins-de-jehovah\\\/\"},{\"@type\":\"ListItem\",\"position\":2,\"name\":\"Fausses proph\u00e9ties\"}]},{\"@type\":\"WebSite\",\"@id\":\"https:\\\/\\\/www.jwinfo.ch\\\/temoins-de-jehovah\\\/#website\",\"url\":\"https:\\\/\\\/www.jwinfo.ch\\\/temoins-de-jehovah\\\/\",\"name\":\"JW info\",\"description\":\"Des faits pour comprendre l&#039;organisation et la doctrine des T\u00e9moins de J\u00e9hovah\",\"publisher\":{\"@id\":\"https:\\\/\\\/www.jwinfo.ch\\\/temoins-de-jehovah\\\/#\\\/schema\\\/person\\\/f12be02b67245c15c4aa98d63006b08e\"},\"potentialAction\":[{\"@type\":\"SearchAction\",\"target\":{\"@type\":\"EntryPoint\",\"urlTemplate\":\"https:\\\/\\\/www.jwinfo.ch\\\/temoins-de-jehovah\\\/?s={search_term_string}\"},\"query-input\":{\"@type\":\"PropertyValueSpecification\",\"valueRequired\":true,\"valueName\":\"search_term_string\"}}],\"inLanguage\":\"fr-FR\"},{\"@type\":[\"Person\",\"Organization\"],\"@id\":\"https:\\\/\\\/www.jwinfo.ch\\\/temoins-de-jehovah\\\/#\\\/schema\\\/person\\\/f12be02b67245c15c4aa98d63006b08e\",\"name\":\"John Kucholl\",\"image\":{\"@type\":\"ImageObject\",\"inLanguage\":\"fr-FR\",\"@id\":\"https:\\\/\\\/secure.gravatar.com\\\/avatar\\\/f888e098f40f239395aac1fa5786df248e31c63f52895b4e4306f61faf896cf2?s=96&d=retro&r=g\",\"url\":\"https:\\\/\\\/secure.gravatar.com\\\/avatar\\\/f888e098f40f239395aac1fa5786df248e31c63f52895b4e4306f61faf896cf2?s=96&d=retro&r=g\",\"contentUrl\":\"https:\\\/\\\/secure.gravatar.com\\\/avatar\\\/f888e098f40f239395aac1fa5786df248e31c63f52895b4e4306f61faf896cf2?s=96&d=retro&r=g\",\"caption\":\"John Kucholl\"},\"logo\":{\"@id\":\"https:\\\/\\\/secure.gravatar.com\\\/avatar\\\/f888e098f40f239395aac1fa5786df248e31c63f52895b4e4306f61faf896cf2?s=96&d=retro&r=g\"}}]}<\/script>\n<!-- \/ Yoast SEO plugin. -->","yoast_head_json":{"title":"Les fausses proph\u00e9ties et annonces des T\u00e9moins de J\u00e9hovah","description":"D\u00e9couvrez les principales fausses annonces, proph\u00e9ties et interpr\u00e9tations proclam\u00e9es par les T\u00e9moins de J\u00e9hovah gr\u00e2ce \u00e0 leurs litt\u00e9ratures.","robots":{"index":"index","follow":"follow","max-snippet":"max-snippet:-1","max-image-preview":"max-image-preview:large","max-video-preview":"max-video-preview:-1"},"canonical":"https:\/\/www.jwinfo.ch\/temoins-de-jehovah\/fausses-propheties\/","og_locale":"fr_FR","og_type":"article","og_title":"Les fausses proph\u00e9ties et annonces des T\u00e9moins de J\u00e9hovah","og_description":"D\u00e9couvrez les principales fausses annonces, proph\u00e9ties et interpr\u00e9tations proclam\u00e9es par les T\u00e9moins de J\u00e9hovah gr\u00e2ce \u00e0 leurs litt\u00e9ratures.","og_url":"https:\/\/www.jwinfo.ch\/temoins-de-jehovah\/fausses-propheties\/","og_site_name":"JW info","article_modified_time":"2023-07-20T14:45:31+00:00","og_image":[{"width":1200,"height":628,"url":"https:\/\/www.jwinfo.ch\/wp-content\/uploads\/2023\/03\/fin_du_monde_v2.png","type":"image\/png"}],"twitter_card":"summary_large_image","twitter_title":"Les fausses proph\u00e9ties et annonces des T\u00e9moins de J\u00e9hovah","twitter_description":"D\u00e9couvrez les principales fausses annonces, proph\u00e9ties et interpr\u00e9tations proclam\u00e9es par les T\u00e9moins de J\u00e9hovah gr\u00e2ce \u00e0 leurs litt\u00e9ratures.","twitter_image":"https:\/\/www.jwinfo.ch\/wp-content\/uploads\/2023\/03\/fin_du_monde_v2.png","schema":{"@context":"https:\/\/schema.org","@graph":[{"@type":"WebPage","@id":"https:\/\/www.jwinfo.ch\/temoins-de-jehovah\/fausses-propheties\/","url":"https:\/\/www.jwinfo.ch\/temoins-de-jehovah\/fausses-propheties\/","name":"Les fausses proph\u00e9ties et annonces des T\u00e9moins de J\u00e9hovah","isPartOf":{"@id":"https:\/\/www.jwinfo.ch\/temoins-de-jehovah\/#website"},"primaryImageOfPage":{"@id":"https:\/\/www.jwinfo.ch\/temoins-de-jehovah\/fausses-propheties\/#primaryimage"},"image":{"@id":"https:\/\/www.jwinfo.ch\/temoins-de-jehovah\/fausses-propheties\/#primaryimage"},"thumbnailUrl":"https:\/\/www.jwinfo.ch\/wp-content\/uploads\/2023\/03\/fin_du_monde_v2.png","datePublished":"2020-11-20T22:05:44+00:00","dateModified":"2023-07-20T14:45:31+00:00","description":"D\u00e9couvrez les principales fausses annonces, proph\u00e9ties et interpr\u00e9tations proclam\u00e9es par les T\u00e9moins de J\u00e9hovah gr\u00e2ce \u00e0 leurs litt\u00e9ratures.","breadcrumb":{"@id":"https:\/\/www.jwinfo.ch\/temoins-de-jehovah\/fausses-propheties\/#breadcrumb"},"inLanguage":"fr-FR","potentialAction":[{"@type":"ReadAction","target":["https:\/\/www.jwinfo.ch\/temoins-de-jehovah\/fausses-propheties\/"]}]},{"@type":"ImageObject","inLanguage":"fr-FR","@id":"https:\/\/www.jwinfo.ch\/temoins-de-jehovah\/fausses-propheties\/#primaryimage","url":"https:\/\/www.jwinfo.ch\/wp-content\/uploads\/2023\/03\/fin_du_monde_v2.png","contentUrl":"https:\/\/www.jwinfo.ch\/wp-content\/uploads\/2023\/03\/fin_du_monde_v2.png","width":1200,"height":628,"caption":"Les annonces de fin du monde des T\u00e9moins de J\u00e9hovah"},{"@type":"BreadcrumbList","@id":"https:\/\/www.jwinfo.ch\/temoins-de-jehovah\/fausses-propheties\/#breadcrumb","itemListElement":[{"@type":"ListItem","position":1,"name":"Accueil","item":"https:\/\/www.jwinfo.ch\/temoins-de-jehovah\/"},{"@type":"ListItem","position":2,"name":"Fausses proph\u00e9ties"}]},{"@type":"WebSite","@id":"https:\/\/www.jwinfo.ch\/temoins-de-jehovah\/#website","url":"https:\/\/www.jwinfo.ch\/temoins-de-jehovah\/","name":"JW info","description":"Des faits pour comprendre l&#039;organisation et la doctrine des T\u00e9moins de J\u00e9hovah","publisher":{"@id":"https:\/\/www.jwinfo.ch\/temoins-de-jehovah\/#\/schema\/person\/f12be02b67245c15c4aa98d63006b08e"},"potentialAction":[{"@type":"SearchAction","target":{"@type":"EntryPoint","urlTemplate":"https:\/\/www.jwinfo.ch\/temoins-de-jehovah\/?s={search_term_string}"},"query-input":{"@type":"PropertyValueSpecification","valueRequired":true,"valueName":"search_term_string"}}],"inLanguage":"fr-FR"},{"@type":["Person","Organization"],"@id":"https:\/\/www.jwinfo.ch\/temoins-de-jehovah\/#\/schema\/person\/f12be02b67245c15c4aa98d63006b08e","name":"John Kucholl","image":{"@type":"ImageObject","inLanguage":"fr-FR","@id":"https:\/\/secure.gravatar.com\/avatar\/f888e098f40f239395aac1fa5786df248e31c63f52895b4e4306f61faf896cf2?s=96&d=retro&r=g","url":"https:\/\/secure.gravatar.com\/avatar\/f888e098f40f239395aac1fa5786df248e31c63f52895b4e4306f61faf896cf2?s=96&d=retro&r=g","contentUrl":"https:\/\/secure.gravatar.com\/avatar\/f888e098f40f239395aac1fa5786df248e31c63f52895b4e4306f61faf896cf2?s=96&d=retro&r=g","caption":"John Kucholl"},"logo":{"@id":"https:\/\/secure.gravatar.com\/avatar\/f888e098f40f239395aac1fa5786df248e31c63f52895b4e4306f61faf896cf2?s=96&d=retro&r=g"}}]}},"_links":{"self":[{"href":"https:\/\/www.jwinfo.ch\/temoins-de-jehovah\/wp-json\/wp\/v2\/pages\/75","targetHints":{"allow":["GET"]}}],"collection":[{"href":"https:\/\/www.jwinfo.ch\/temoins-de-jehovah\/wp-json\/wp\/v2\/pages"}],"about":[{"href":"https:\/\/www.jwinfo.ch\/temoins-de-jehovah\/wp-json\/wp\/v2\/types\/page"}],"author":[{"embeddable":true,"href":"https:\/\/www.jwinfo.ch\/temoins-de-jehovah\/wp-json\/wp\/v2\/users\/1"}],"replies":[{"embeddable":true,"href":"https:\/\/www.jwinfo.ch\/temoins-de-jehovah\/wp-json\/wp\/v2\/comments?post=75"}],"version-history":[{"count":94,"href":"https:\/\/www.jwinfo.ch\/temoins-de-jehovah\/wp-json\/wp\/v2\/pages\/75\/revisions"}],"predecessor-version":[{"id":6090,"href":"https:\/\/www.jwinfo.ch\/temoins-de-jehovah\/wp-json\/wp\/v2\/pages\/75\/revisions\/6090"}],"wp:featuredmedia":[{"embeddable":true,"href":"https:\/\/www.jwinfo.ch\/temoins-de-jehovah\/wp-json\/wp\/v2\/media\/4195"}],"wp:attachment":[{"href":"https:\/\/www.jwinfo.ch\/temoins-de-jehovah\/wp-json\/wp\/v2\/media?parent=75"}],"wp:term":[{"taxonomy":"author","embeddable":true,"href":"https:\/\/www.jwinfo.ch\/temoins-de-jehovah\/wp-json\/wp\/v2\/ppma_author?post=75"}],"curies":[{"name":"wp","href":"https:\/\/api.w.org\/{rel}","templated":true}]}}