{"id":88,"date":"2020-11-20T22:13:41","date_gmt":"2020-11-20T22:13:41","guid":{"rendered":"http:\/\/localhost:8080\/?page_id=88"},"modified":"2024-11-05T22:00:58","modified_gmt":"2024-11-05T21:00:58","slug":"communautes","status":"publish","type":"page","link":"https:\/\/www.jwinfo.ch\/temoins-de-jehovah\/communautes\/","title":{"rendered":"Communaut\u00e9s"},"content":{"rendered":"\n\n\n<h4 class=\"wp-block-heading\"><strong>Reddit anglais des Ex-T\u00e9moins de J\u00e9hovah<\/strong><\/h4>\n\n\n\n<p><a href=\"https:\/\/www.reddit.com\/r\/exjw\/\" target=\"_blank\" rel=\"noreferrer noopener\">\/r\/exjw\/<\/a> + de 100000 membres<\/p>\n\n\n\n<p>Si vous voulez savoir absolument tout ce qui se passe au sein et autour de l&rsquo;organisation des T\u00e9moins de J\u00e9hovah, cette communaut\u00e9 est de loin la plus grande, la plus vari\u00e9e et la plus vivante. Reddit a l&rsquo;avantage aussi de pr\u00e9server l&rsquo;anonymat des gens qui s&rsquo;y inscrivent. C&rsquo;est sur ce site, que j&rsquo;ai d\u00e9couvert que beaucoup d&rsquo;autres avaient fait les m\u00eames recherches que moi, et que j&rsquo;ai appris aussi un nouveau vocabulaire&nbsp;:<\/p>\n\n\n\n<p><strong>TTATT (The truth about the truth<\/strong>)<\/p>\n\n\n\n<p>La v\u00e9rit\u00e9 sur la v\u00e9rit\u00e9<\/p>\n\n\n\n<p><strong>BORG<\/strong><\/p>\n\n\n\n<p>r\u00e9f\u00e9rence aux BORG de star trek parce qu&rsquo;ils assimilent les gens dans leur esprit de ruche et les privent de leur libre arbitre et de leur ind\u00e9pendance. Utilis\u00e9 comme un synonyme et jeu de mot pour \u00ab\u00a0l&rsquo;organisation\u00a0\u00bb.<\/p>\n\n\n\n<p><strong>PIMI<\/strong> (Physically In Mentally IN) :<\/p>\n\n\n\n<p>Personne active et d\u00e9di\u00e9e \u00e0 l&rsquo;organisation.<\/p>\n\n\n\n<p><strong>PIMQ<\/strong> (Physically In Mentally Questionning)<\/p>\n\n\n\n<p>Personne commen\u00e7ant \u00e0 se remettre en question.<\/p>\n\n\n\n<p><strong>PIMO<\/strong> (Physically In Mentally Out) : <\/p>\n\n\n\n<p>Personne s&rsquo;\u00e9tant \u00ab\u00a0r\u00e9veill\u00e9e\u00a0\u00bb mais faisant toujours partie de l&rsquo;organisation, et ne pouvant pas s&rsquo;en d\u00e9faire \u00e0 cause des r\u00e9percussions familiales ou \u00e9conomiques qu&rsquo;elle subirait en quittant celle-ci. Voir sur reddit les <a href=\"https:\/\/www.reddit.com\/r\/exjw\/?f=flair_name%3A%22PIMO%20Life%22\" target=\"_blank\" rel=\"noreferrer noopener\">threads<\/a> sur ce sujet.<\/p>\n\n\n\n<p><strong>POMO<\/strong> (Physically Out Mentally Out) :<\/p>\n\n\n\n<p>Personne ayant r\u00e9ussi \u00e0 sortir compl\u00e8tement de l&rsquo;organisation, et n&rsquo;\u00e9tant plus du tout attir\u00e9e par celle-ci.<\/p>\n\n\n\n<p><strong>POMI <\/strong>(Physically Out Mentally In) :<\/p>\n\n\n\n<p>Personne qui ne suit plus l&rsquo;organisation, mais dont le c\u0153ur est toujours rattach\u00e9 \u00e0 celle-ci.<\/p>\n\n\n\n<p>La situation de PIMO est vraiment difficile \u00e0 vivre. Il faut se rendre compte, que lorsqu&rsquo;on se r\u00e9veille, autour de vous, vous n&rsquo;avez que des gens qui croient fermement d\u00e9tenir la v\u00e9rit\u00e9 et \u00eatre au sein de l&rsquo;organisation de Dieu. R\u00e9v\u00e9ler ses doutes ou sa nouvelle conviction entra\u00eene donc des r\u00e9actions d&rsquo;hostilit\u00e9 et de condamnation (apostasie).<\/p>\n\n\n\n<hr class=\"wp-block-separator has-css-opacity\"\/>\n\n\n\n<h4 class=\"wp-block-heading\"><strong>Reddit fran\u00e7ais des <\/strong>Ex-T\u00e9moins de J\u00e9hovah<\/h4>\n\n\n\n<p>Les francophones ne sont pas beaucoup sur Reddit, mais plut\u00f4t sur Facebook, le <a href=\"https:\/\/www.jwinfo.ch\/temoins-de-jehovah\/communautes\/#Facebook_groupe_Ex-Temoins_de_Jehovah_international_public\">groupe ouvert international des Ex-T\u00e9moins de J\u00e9hovah<\/a> \u00e9tant le plus grand.<\/p>\n\n\n\n<p><a href=\"https:\/\/www.reddit.com\/r\/exjwfr\/\" target=\"_blank\" rel=\"noreferrer noopener\">\/r\/exjwfr\/<\/a><\/p>\n\n\n\n<hr class=\"wp-block-separator has-alpha-channel-opacity\"\/>\n\n\n\n<h4 class=\"wp-block-heading\">Facebook groupe Ex-T\u00e9moins de J\u00e9hovah de Suisse (jwinfo.ch)<\/h4>\n\n\n\n<p><a href=\"https:\/\/www.facebook.com\/groups\/3765745336854415\/\" target=\"_blank\" rel=\"noreferrer noopener\">Facebook Ex-T\u00e9moins de J\u00e9hovah de Suisse<\/a><\/p>\n\n\n\n<hr class=\"wp-block-separator has-alpha-channel-opacity\"\/>\n\n\n\n<h4 class=\"wp-block-heading\">Cha\u00eene YouTube \u00ab\u00a0John Kucholl\u00a0\u00bb (jwinfo.ch)<\/h4>\n\n\n\n<p><a href=\"https:\/\/www.youtube.com\/channel\/UCIzpoPw7KQN-GjMM8Qu2M2Q\/featured\" target=\"_blank\" rel=\"noreferrer noopener\">Cha\u00eene Youtube John Kucholl<\/a><\/p>\n\n\n\n<hr class=\"wp-block-separator has-css-opacity\"\/>\n\n\n\n<h4 class=\"wp-block-heading\">Cha\u00eene YouTube de JW Rogue en fran\u00e7ais<\/h4>\n\n\n\n<p>Une excellente cha\u00eene r\u00e9cente en fran\u00e7ais sur le th\u00e8me des T\u00e9moins de J\u00e9hovah.<\/p>\n\n\n\n<p><a href=\"https:\/\/www.youtube.com\/channel\/UCM3Oi8QX6WcJMZhnqXWBhEQ\" target=\"_blank\" rel=\"noreferrer noopener\">JW Rogue<\/a><\/p>\n\n\n\n<hr class=\"wp-block-separator has-alpha-channel-opacity\"\/>\n\n\n\n<h4 class=\"wp-block-heading\">Chaine YouTube de Dominique Reynaud en fran\u00e7ais<\/h4>\n\n\n\n<p>Une autre cha\u00eene tr\u00e8s int\u00e9ressante.<\/p>\n\n\n\n<p><a href=\"https:\/\/www.youtube.com\/@dominiquereynaud1069\" target=\"_blank\" rel=\"noreferrer noopener\">Dominique Reynaud<\/a><\/p>\n\n\n\n<hr class=\"wp-block-separator has-alpha-channel-opacity\"\/>\n\n\n\n<h4 class=\"wp-block-heading\">Cha\u00eene YouTube de \u00ab\u00a0Questions des lecteurs\u00a0\u00bb en fran\u00e7ais<\/h4>\n\n\n\n<p>Cette cha\u00eene ne dispose que de quatre vid\u00e9os, mais l&rsquo;analyse est tr\u00e8s int\u00e9ressante.<\/p>\n\n\n\n<p><a href=\"https:\/\/www.youtube.com\/c\/QuestionsdesLecteurs\">Question des lecteurs<\/a><\/p>\n\n\n\n<hr class=\"wp-block-separator has-alpha-channel-opacity\"\/>\n\n\n\n<h4 class=\"wp-block-heading\">Cha\u00eene YouTube de C\u00e9line Rouge en fran\u00e7ais<\/h4>\n\n\n\n<p><a href=\"https:\/\/youtube.com\/playlist?list=PLL0oFNRNfxWvOQ5KujnmXHgg-SyoLpURE\" target=\"_blank\" rel=\"noreferrer noopener\">C\u00e9line Rouge<\/a> a r\u00e9alis\u00e9 une s\u00e9rie longue s\u00e9rie de vid\u00e9os  sur les T\u00e9moins de J\u00e9hovah<\/p>\n\n\n\n<h4 class=\"wp-block-heading\">Facebook groupe Ex-T\u00e9moins de J\u00e9hovah international public<\/h4>\n\n\n\n<p><a href=\"https:\/\/fr-fr.facebook.com\/groups\/extemoinsdejehovah.international\/\" target=\"_blank\" rel=\"noreferrer noopener\">Facebook Ex-T\u00e9moins de J\u00e9hovah International public <\/a><\/p>\n\n\n\n<hr class=\"wp-block-separator has-alpha-channel-opacity\"\/>\n\n\n\n<h4 class=\"wp-block-heading\">Facebook groupe Ex-T\u00e9moins de J\u00e9hovah international ferm\u00e9<\/h4>\n\n\n\n<p><a href=\"https:\/\/facebook.com\/groups\/589705501124134\/\" target=\"_blank\" rel=\"noreferrer noopener\">Facebook Ex-T\u00e9moins de J\u00e9hovah International ferm\u00e9 <\/a><\/p>\n\n\n\n<hr class=\"wp-block-separator has-css-opacity\"\/>\n\n\n\n<h4 class=\"wp-block-heading\">Facebook groupe WATCHTOWER TRASH \u00ab\u00a0LE D\u00c9CLIN\u00a0\u00bb<\/h4>\n\n\n\n<p>Un groupe tr\u00e8s dynamique avec des posts r\u00e9guliers.<\/p>\n\n\n\n<p><a href=\"https:\/\/www.facebook.com\/groups\/109744682716736\/\" target=\"_blank\" rel=\"noreferrer noopener\">WATCHTOWER TRASH \u00ab\u00a0LE D\u00c9CLIN\u00a0\u00bb<\/a><\/p>\n\n\n\n<hr class=\"wp-block-separator has-alpha-channel-opacity\"\/>\n\n\n\n<h4 class=\"wp-block-heading\">Mark O&rsquo;Donnell alias John Redwood sur Twitter et Reddit<\/h4>\n\n\n\n<p>Suivez Mark O&rsquo;Donnell sur <a href=\"https:\/\/twitter.com\/Mark_J_ODonnell?t=kVLlVANYjaH90E9JZZc5EA&amp;s=09\" target=\"_blank\" rel=\"noreferrer noopener\">Twitter<\/a> et <a href=\"https:\/\/www.reddit.com\/u\/John-Redwood?utm_medium=android_app&amp;utm_source=share\" target=\"_blank\" rel=\"noreferrer noopener\">Reddit<\/a> pour savoir ce qui se passe un peu partout dans le monde autour de l&rsquo;organisation. Il s&rsquo;agit d&rsquo;un ex T\u00e9moin de J\u00e9hovah, ayant particip\u00e9 \u00e0 diff\u00e9rents <a href=\"https:\/\/www.jwinfo.ch\/temoins-de-jehovah\/2021\/07\/reportage-crusaders-disponible-sur-vicetv\/\">reportages<\/a>, et qui est sp\u00e9cialiste dans toutes les affaires judiciaires qui concerne les T\u00e9moins de J\u00e9hovah. Ses tweets sont toujours tr\u00e8s pertinents.<\/p>\n\n\n\n<hr class=\"wp-block-separator has-css-opacity\"\/>\n\n\n\n<h4 class=\"wp-block-heading\">Cha\u00eene YouTube \u00ab\u00a0ExJW Caleb\u00a0\u00bb en anglais<\/h4>\n\n\n\n<p>Une des meilleures cha\u00eenes en anglais. De \u00ab\u00a0Caleb\u00a0\u00bb. Il fait des vid\u00e9os d&rsquo;animation sur tout ce qu&rsquo;il a appris sur les T\u00e9moins de J\u00e9hovah apr\u00e8s \u00eatre devenu un ancien T\u00e9moin de J\u00e9hovah.<\/p>\n\n\n\n<p><a href=\"https:\/\/www.youtube.com\/channel\/UCujkVDVdPNhLC7fG9L6GiLQ\">ExJW Caleb channel<\/a><\/p>\n\n\n\n<h4 class=\"wp-block-heading\">Cha\u00eene YouTube \u00ab\u00a0J<strong>ohn Cedar\u00a0\u00bb<\/strong> en anglais<\/h4>\n\n\n\n<p>Il s&rsquo;agit de la cha\u00eene YouTube de \u00ab\u00a0l&rsquo;apostat\u00a0\u00bb le plus suivi (+ de 100000 followers), qui produit le plus de vid\u00e9os et qui recueille le plus de t\u00e9moignages d&rsquo;anciens membres de l&rsquo;organisation. Certains le surnomme le \u00ab\u00a0pape des ex T\u00e9moins de J\u00e9hovah\u00a0\u00bb. En anglais.<\/p>\n\n\n\n<p><a href=\"https:\/\/www.youtube.com\/channel\/UCz1w0ll081JJiYcjb298pOw\" target=\"_blank\" rel=\"noreferrer noopener\">John Cedars channel<\/a><\/p>\n\n\n\n<hr class=\"wp-block-separator has-alpha-channel-opacity\"\/>\n\n\n\n<h4 class=\"wp-block-heading\">Cha\u00eene YouTube \u00ab\u00a0Telltale\u00a0\u00bb en anglais<\/h4>\n\n\n\n<p>Il s&rsquo;agit d&rsquo;un YouTuber, produisant notamment du contenu sur les T\u00e9moins de J\u00e9hovah et avec de superbes animations. Il poss\u00e8de plus de 300000 followers.  En anglais.<\/p>\n\n\n\n<p><a href=\"https:\/\/www.youtube.com\/channel\/UCgIi12EA6BQ8HKL8QUccsOQ\" target=\"_blank\" rel=\"noreferrer noopener\">Telltale channel<\/a><\/p>\n\n\n\n<hr class=\"wp-block-separator has-alpha-channel-opacity\"\/>\n\n\n\n<p>Voir aussi la page principale du site pour obtenir de l&rsquo;aide :<\/p>\n\n\n<div class='pt-cv-wrapper'> <div class=\"pt-cv-view pt-cv-blockgrid iscvblock iscvreal grid1 layout2\" id=\"pt-cv-view-310imnpe\"><div data-id=\"pt-cv-page-1\" class=\"pt-cv-page\" data-cvc=\"3\"><div class=\" pt-cv-content-item pt-cv-1-col\" ><div class=\"pt-cv-thumb-wrapper  \"><a href=\"https:\/\/www.jwinfo.ch\/temoins-de-jehovah\/2023\/10\/gerer-une-problematique-religieuse-avec-les-temoins-de-jehovah-et-trouver-de-laide\/\" class=\"_self pt-cv-href-thumbnail pt-cv-thumb-default\" target=\"_self\" ><img decoding=\"async\" width=\"640\" height=\"335\" src=\"https:\/\/www.jwinfo.ch\/wp-content\/uploads\/2023\/10\/we_can_help-768x402.png\" class=\"pt-cv-thumbnail\" alt=\"\" \/><\/a><\/div>\n<div class=\"pt-cv-remain-wrapper\"><h4 class=\"pt-cv-title\"><a href=\"https:\/\/www.jwinfo.ch\/temoins-de-jehovah\/2023\/10\/gerer-une-problematique-religieuse-avec-les-temoins-de-jehovah-et-trouver-de-laide\/\" class=\"_self\" target=\"_self\" >G\u00e9rer une probl\u00e9matique religieuse avec les T\u00e9moins de J\u00e9hovah et trouver de l&rsquo;aide<\/a><\/h4><div class=\"pt-cv-rmwrap\"><a href=\"https:\/\/www.jwinfo.ch\/temoins-de-jehovah\/2023\/10\/gerer-une-problematique-religieuse-avec-les-temoins-de-jehovah-et-trouver-de-laide\/\" class=\"_self pt-cv-readmore btn btn-success\" target=\"_self\" >Lire la suite\u2026<\/a><\/div><\/div><\/div><\/div><\/div> <\/div> <style>\n\n#pt-cv-view-310imnpe .pt-cv-meta-fields {  }#pt-cv-view-310imnpe .pt-cv-meta-fields * { font-size: 13px; }#pt-cv-view-310imnpe .pt-cv-thumb-wrapper:not(.miniwrap) { width: 300px; }#pt-cv-view-310imnpe .pt-cv-thumbnail:not(.pt-cv-thumbnailsm) { height: 157px; }#pt-cv-view-310imnpe .pt-cv-title a { display: block; }#pt-cv-view-310imnpe .pt-cv-title:not(.pt-cv-titlesm) a { font-weight: 600;text-decoration: none;font-size: 20px; }#pt-cv-view-310imnpe .pt-cv-titlesm a { font-weight: 600;font-size: 18px; }#pt-cv-view-310imnpe .pt-cv-content { font-size: 15px; }#pt-cv-view-310imnpe .pt-cv-rmwrap {  }#pt-cv-view-310imnpe .pt-cv-readmore { color: #fff;background-color: #da291c;font-size: 14px; }#pt-cv-view-310imnpe .pt-cv-taxoterm {  }#pt-cv-view-310imnpe .pt-cv-taxoterm * { color: #222;background-color: #fff6f6;font-size: 14px; }#pt-cv-view-310imnpe + .pt-cv-pagination-wrapper {  }#pt-cv-view-310imnpe + .pt-cv-pagination-wrapper a { font-size: 14px; }#pt-cv-view-310imnpe > .pt-cv-page {grid-template-columns: repeat(3, 1fr);grid-gap: 20px;}\n@media all and (max-width: 1024px) { \n#pt-cv-view-310imnpe > .pt-cv-page {}\n} \n@media all and (max-width: 767px) { \n#pt-cv-view-310imnpe > .pt-cv-page {grid-template-columns: repeat(1, 1fr);}\n} <\/style>\n\n\n<hr class=\"wp-block-separator has-css-opacity\"\/>\n\n\n\n<p><a href=\"https:\/\/www.jwinfo.ch\/temoins-de-jehovah\/liens-utiles\/identifier-les-sectes\/\">Aller \u00e0 comment identifier les sectes<\/a><\/p>\n","protected":false},"excerpt":{"rendered":"<p>Reddit anglais des Ex-T\u00e9moins de J\u00e9hovah \/r\/exjw\/ + de 100000 membres Si vous voulez savoir absolument tout ce qui se passe au sein et autour<\/p>\n","protected":false},"author":1,"featured_media":4261,"parent":0,"menu_order":12,"comment_status":"closed","ping_status":"closed","template":"","meta":{"footnotes":""},"ppma_author":[69],"class_list":["post-88","page","type-page","status-publish","has-post-thumbnail","hentry","author-chris"],"yoast_head":"<!-- This site is optimized with the Yoast SEO plugin v27.3 - https:\/\/yoast.com\/product\/yoast-seo-wordpress\/ -->\n<title>Les communaut\u00e9s d&#039;anciens T\u00e9moins de J\u00e9hovah<\/title>\n<meta name=\"description\" content=\"Vous trouverez ici quelques communaut\u00e9s d&#039;anciens T\u00e9moins de J\u00e9hovah dont une anglophone avec plus de 57000 membres\" \/>\n<meta name=\"robots\" content=\"index, follow, max-snippet:-1, max-image-preview:large, max-video-preview:-1\" \/>\n<link rel=\"canonical\" href=\"https:\/\/www.jwinfo.ch\/temoins-de-jehovah\/communautes\/\" \/>\n<meta property=\"og:locale\" content=\"fr_FR\" \/>\n<meta property=\"og:type\" content=\"article\" \/>\n<meta property=\"og:title\" content=\"Les communaut\u00e9s d&#039;anciens T\u00e9moins de J\u00e9hovah\" \/>\n<meta property=\"og:description\" content=\"Vous trouverez ici quelques communaut\u00e9s d&#039;anciens T\u00e9moins de J\u00e9hovah dont une anglophone avec plus de 57000 membres\" \/>\n<meta property=\"og:url\" content=\"https:\/\/www.jwinfo.ch\/temoins-de-jehovah\/communautes\/\" \/>\n<meta property=\"og:site_name\" content=\"JW info\" \/>\n<meta property=\"article:modified_time\" content=\"2024-11-05T21:00:58+00:00\" \/>\n<meta property=\"og:image\" content=\"https:\/\/www.jwinfo.ch\/wp-content\/uploads\/2023\/03\/communautes_v2.png\" \/>\n\t<meta property=\"og:image:width\" content=\"1200\" \/>\n\t<meta property=\"og:image:height\" content=\"628\" \/>\n\t<meta property=\"og:image:type\" content=\"image\/png\" \/>\n<meta name=\"twitter:card\" content=\"summary_large_image\" \/>\n<meta name=\"twitter:title\" content=\"Les communaut\u00e9s d&#039;anciens T\u00e9moins de J\u00e9hovah\" \/>\n<meta name=\"twitter:description\" content=\"Vous trouverez ici quelques communaut\u00e9s d&#039;anciens T\u00e9moins de J\u00e9hovah dont une anglophone avec plus de 57000 membres\" \/>\n<meta name=\"twitter:image\" content=\"https:\/\/www.jwinfo.ch\/wp-content\/uploads\/2023\/03\/communautes_v2.png\" \/>\n<meta name=\"twitter:label1\" content=\"Dur\u00e9e de lecture estim\u00e9e\" \/>\n\t<meta name=\"twitter:data1\" content=\"4 minutes\" \/>\n<script type=\"application\/ld+json\" class=\"yoast-schema-graph\">{\"@context\":\"https:\\\/\\\/schema.org\",\"@graph\":[{\"@type\":\"WebPage\",\"@id\":\"https:\\\/\\\/www.jwinfo.ch\\\/temoins-de-jehovah\\\/communautes\\\/\",\"url\":\"https:\\\/\\\/www.jwinfo.ch\\\/temoins-de-jehovah\\\/communautes\\\/\",\"name\":\"Les communaut\u00e9s d'anciens T\u00e9moins de J\u00e9hovah\",\"isPartOf\":{\"@id\":\"https:\\\/\\\/www.jwinfo.ch\\\/temoins-de-jehovah\\\/#website\"},\"primaryImageOfPage\":{\"@id\":\"https:\\\/\\\/www.jwinfo.ch\\\/temoins-de-jehovah\\\/communautes\\\/#primaryimage\"},\"image\":{\"@id\":\"https:\\\/\\\/www.jwinfo.ch\\\/temoins-de-jehovah\\\/communautes\\\/#primaryimage\"},\"thumbnailUrl\":\"https:\\\/\\\/www.jwinfo.ch\\\/wp-content\\\/uploads\\\/2023\\\/03\\\/communautes_v2.png\",\"datePublished\":\"2020-11-20T22:13:41+00:00\",\"dateModified\":\"2024-11-05T21:00:58+00:00\",\"description\":\"Vous trouverez ici quelques communaut\u00e9s d'anciens T\u00e9moins de J\u00e9hovah dont une anglophone avec plus de 57000 membres\",\"breadcrumb\":{\"@id\":\"https:\\\/\\\/www.jwinfo.ch\\\/temoins-de-jehovah\\\/communautes\\\/#breadcrumb\"},\"inLanguage\":\"fr-FR\",\"potentialAction\":[{\"@type\":\"ReadAction\",\"target\":[\"https:\\\/\\\/www.jwinfo.ch\\\/temoins-de-jehovah\\\/communautes\\\/\"]}]},{\"@type\":\"ImageObject\",\"inLanguage\":\"fr-FR\",\"@id\":\"https:\\\/\\\/www.jwinfo.ch\\\/temoins-de-jehovah\\\/communautes\\\/#primaryimage\",\"url\":\"https:\\\/\\\/www.jwinfo.ch\\\/wp-content\\\/uploads\\\/2023\\\/03\\\/communautes_v2.png\",\"contentUrl\":\"https:\\\/\\\/www.jwinfo.ch\\\/wp-content\\\/uploads\\\/2023\\\/03\\\/communautes_v2.png\",\"width\":1200,\"height\":628,\"caption\":\"Les communaut\u00e9s d'ex-t\u00e9moins de J\u00e9hovah\"},{\"@type\":\"BreadcrumbList\",\"@id\":\"https:\\\/\\\/www.jwinfo.ch\\\/temoins-de-jehovah\\\/communautes\\\/#breadcrumb\",\"itemListElement\":[{\"@type\":\"ListItem\",\"position\":1,\"name\":\"Accueil\",\"item\":\"https:\\\/\\\/www.jwinfo.ch\\\/temoins-de-jehovah\\\/\"},{\"@type\":\"ListItem\",\"position\":2,\"name\":\"Communaut\u00e9s\"}]},{\"@type\":\"WebSite\",\"@id\":\"https:\\\/\\\/www.jwinfo.ch\\\/temoins-de-jehovah\\\/#website\",\"url\":\"https:\\\/\\\/www.jwinfo.ch\\\/temoins-de-jehovah\\\/\",\"name\":\"JW info\",\"description\":\"Des faits pour comprendre l&#039;organisation et la doctrine des T\u00e9moins de J\u00e9hovah\",\"publisher\":{\"@id\":\"https:\\\/\\\/www.jwinfo.ch\\\/temoins-de-jehovah\\\/#\\\/schema\\\/person\\\/f12be02b67245c15c4aa98d63006b08e\"},\"potentialAction\":[{\"@type\":\"SearchAction\",\"target\":{\"@type\":\"EntryPoint\",\"urlTemplate\":\"https:\\\/\\\/www.jwinfo.ch\\\/temoins-de-jehovah\\\/?s={search_term_string}\"},\"query-input\":{\"@type\":\"PropertyValueSpecification\",\"valueRequired\":true,\"valueName\":\"search_term_string\"}}],\"inLanguage\":\"fr-FR\"},{\"@type\":[\"Person\",\"Organization\"],\"@id\":\"https:\\\/\\\/www.jwinfo.ch\\\/temoins-de-jehovah\\\/#\\\/schema\\\/person\\\/f12be02b67245c15c4aa98d63006b08e\",\"name\":\"John Kucholl\",\"image\":{\"@type\":\"ImageObject\",\"inLanguage\":\"fr-FR\",\"@id\":\"https:\\\/\\\/secure.gravatar.com\\\/avatar\\\/f888e098f40f239395aac1fa5786df248e31c63f52895b4e4306f61faf896cf2?s=96&d=retro&r=g\",\"url\":\"https:\\\/\\\/secure.gravatar.com\\\/avatar\\\/f888e098f40f239395aac1fa5786df248e31c63f52895b4e4306f61faf896cf2?s=96&d=retro&r=g\",\"contentUrl\":\"https:\\\/\\\/secure.gravatar.com\\\/avatar\\\/f888e098f40f239395aac1fa5786df248e31c63f52895b4e4306f61faf896cf2?s=96&d=retro&r=g\",\"caption\":\"John Kucholl\"},\"logo\":{\"@id\":\"https:\\\/\\\/secure.gravatar.com\\\/avatar\\\/f888e098f40f239395aac1fa5786df248e31c63f52895b4e4306f61faf896cf2?s=96&d=retro&r=g\"}}]}<\/script>\n<!-- \/ Yoast SEO plugin. -->","yoast_head_json":{"title":"Les communaut\u00e9s d'anciens T\u00e9moins de J\u00e9hovah","description":"Vous trouverez ici quelques communaut\u00e9s d'anciens T\u00e9moins de J\u00e9hovah dont une anglophone avec plus de 57000 membres","robots":{"index":"index","follow":"follow","max-snippet":"max-snippet:-1","max-image-preview":"max-image-preview:large","max-video-preview":"max-video-preview:-1"},"canonical":"https:\/\/www.jwinfo.ch\/temoins-de-jehovah\/communautes\/","og_locale":"fr_FR","og_type":"article","og_title":"Les communaut\u00e9s d'anciens T\u00e9moins de J\u00e9hovah","og_description":"Vous trouverez ici quelques communaut\u00e9s d'anciens T\u00e9moins de J\u00e9hovah dont une anglophone avec plus de 57000 membres","og_url":"https:\/\/www.jwinfo.ch\/temoins-de-jehovah\/communautes\/","og_site_name":"JW info","article_modified_time":"2024-11-05T21:00:58+00:00","og_image":[{"width":1200,"height":628,"url":"https:\/\/www.jwinfo.ch\/wp-content\/uploads\/2023\/03\/communautes_v2.png","type":"image\/png"}],"twitter_card":"summary_large_image","twitter_title":"Les communaut\u00e9s d'anciens T\u00e9moins de J\u00e9hovah","twitter_description":"Vous trouverez ici quelques communaut\u00e9s d'anciens T\u00e9moins de J\u00e9hovah dont une anglophone avec plus de 57000 membres","twitter_image":"https:\/\/www.jwinfo.ch\/wp-content\/uploads\/2023\/03\/communautes_v2.png","twitter_misc":{"Dur\u00e9e de lecture estim\u00e9e":"4 minutes"},"schema":{"@context":"https:\/\/schema.org","@graph":[{"@type":"WebPage","@id":"https:\/\/www.jwinfo.ch\/temoins-de-jehovah\/communautes\/","url":"https:\/\/www.jwinfo.ch\/temoins-de-jehovah\/communautes\/","name":"Les communaut\u00e9s d'anciens T\u00e9moins de J\u00e9hovah","isPartOf":{"@id":"https:\/\/www.jwinfo.ch\/temoins-de-jehovah\/#website"},"primaryImageOfPage":{"@id":"https:\/\/www.jwinfo.ch\/temoins-de-jehovah\/communautes\/#primaryimage"},"image":{"@id":"https:\/\/www.jwinfo.ch\/temoins-de-jehovah\/communautes\/#primaryimage"},"thumbnailUrl":"https:\/\/www.jwinfo.ch\/wp-content\/uploads\/2023\/03\/communautes_v2.png","datePublished":"2020-11-20T22:13:41+00:00","dateModified":"2024-11-05T21:00:58+00:00","description":"Vous trouverez ici quelques communaut\u00e9s d'anciens T\u00e9moins de J\u00e9hovah dont une anglophone avec plus de 57000 membres","breadcrumb":{"@id":"https:\/\/www.jwinfo.ch\/temoins-de-jehovah\/communautes\/#breadcrumb"},"inLanguage":"fr-FR","potentialAction":[{"@type":"ReadAction","target":["https:\/\/www.jwinfo.ch\/temoins-de-jehovah\/communautes\/"]}]},{"@type":"ImageObject","inLanguage":"fr-FR","@id":"https:\/\/www.jwinfo.ch\/temoins-de-jehovah\/communautes\/#primaryimage","url":"https:\/\/www.jwinfo.ch\/wp-content\/uploads\/2023\/03\/communautes_v2.png","contentUrl":"https:\/\/www.jwinfo.ch\/wp-content\/uploads\/2023\/03\/communautes_v2.png","width":1200,"height":628,"caption":"Les communaut\u00e9s d'ex-t\u00e9moins de J\u00e9hovah"},{"@type":"BreadcrumbList","@id":"https:\/\/www.jwinfo.ch\/temoins-de-jehovah\/communautes\/#breadcrumb","itemListElement":[{"@type":"ListItem","position":1,"name":"Accueil","item":"https:\/\/www.jwinfo.ch\/temoins-de-jehovah\/"},{"@type":"ListItem","position":2,"name":"Communaut\u00e9s"}]},{"@type":"WebSite","@id":"https:\/\/www.jwinfo.ch\/temoins-de-jehovah\/#website","url":"https:\/\/www.jwinfo.ch\/temoins-de-jehovah\/","name":"JW info","description":"Des faits pour comprendre l&#039;organisation et la doctrine des T\u00e9moins de J\u00e9hovah","publisher":{"@id":"https:\/\/www.jwinfo.ch\/temoins-de-jehovah\/#\/schema\/person\/f12be02b67245c15c4aa98d63006b08e"},"potentialAction":[{"@type":"SearchAction","target":{"@type":"EntryPoint","urlTemplate":"https:\/\/www.jwinfo.ch\/temoins-de-jehovah\/?s={search_term_string}"},"query-input":{"@type":"PropertyValueSpecification","valueRequired":true,"valueName":"search_term_string"}}],"inLanguage":"fr-FR"},{"@type":["Person","Organization"],"@id":"https:\/\/www.jwinfo.ch\/temoins-de-jehovah\/#\/schema\/person\/f12be02b67245c15c4aa98d63006b08e","name":"John Kucholl","image":{"@type":"ImageObject","inLanguage":"fr-FR","@id":"https:\/\/secure.gravatar.com\/avatar\/f888e098f40f239395aac1fa5786df248e31c63f52895b4e4306f61faf896cf2?s=96&d=retro&r=g","url":"https:\/\/secure.gravatar.com\/avatar\/f888e098f40f239395aac1fa5786df248e31c63f52895b4e4306f61faf896cf2?s=96&d=retro&r=g","contentUrl":"https:\/\/secure.gravatar.com\/avatar\/f888e098f40f239395aac1fa5786df248e31c63f52895b4e4306f61faf896cf2?s=96&d=retro&r=g","caption":"John Kucholl"},"logo":{"@id":"https:\/\/secure.gravatar.com\/avatar\/f888e098f40f239395aac1fa5786df248e31c63f52895b4e4306f61faf896cf2?s=96&d=retro&r=g"}}]}},"_links":{"self":[{"href":"https:\/\/www.jwinfo.ch\/temoins-de-jehovah\/wp-json\/wp\/v2\/pages\/88","targetHints":{"allow":["GET"]}}],"collection":[{"href":"https:\/\/www.jwinfo.ch\/temoins-de-jehovah\/wp-json\/wp\/v2\/pages"}],"about":[{"href":"https:\/\/www.jwinfo.ch\/temoins-de-jehovah\/wp-json\/wp\/v2\/types\/page"}],"author":[{"embeddable":true,"href":"https:\/\/www.jwinfo.ch\/temoins-de-jehovah\/wp-json\/wp\/v2\/users\/1"}],"replies":[{"embeddable":true,"href":"https:\/\/www.jwinfo.ch\/temoins-de-jehovah\/wp-json\/wp\/v2\/comments?post=88"}],"version-history":[{"count":91,"href":"https:\/\/www.jwinfo.ch\/temoins-de-jehovah\/wp-json\/wp\/v2\/pages\/88\/revisions"}],"predecessor-version":[{"id":12729,"href":"https:\/\/www.jwinfo.ch\/temoins-de-jehovah\/wp-json\/wp\/v2\/pages\/88\/revisions\/12729"}],"wp:featuredmedia":[{"embeddable":true,"href":"https:\/\/www.jwinfo.ch\/temoins-de-jehovah\/wp-json\/wp\/v2\/media\/4261"}],"wp:attachment":[{"href":"https:\/\/www.jwinfo.ch\/temoins-de-jehovah\/wp-json\/wp\/v2\/media?parent=88"}],"wp:term":[{"taxonomy":"author","embeddable":true,"href":"https:\/\/www.jwinfo.ch\/temoins-de-jehovah\/wp-json\/wp\/v2\/ppma_author?post=88"}],"curies":[{"name":"wp","href":"https:\/\/api.w.org\/{rel}","templated":true}]}}